{"id":1442,"date":"2026-01-20T12:08:23","date_gmt":"2026-01-20T12:08:23","guid":{"rendered":"https:\/\/bonuskongcasino.com\/app-2\/"},"modified":"2026-03-12T10:36:46","modified_gmt":"2026-03-12T10:36:46","slug":"app","status":"publish","type":"page","link":"https:\/\/therooksbet.org\/de\/app\/","title":{"rendered":"App"},"content":{"rendered":"<h1>Rooksbet Mobile Plattform<\/h1>\n<p>Bei unserem Online-Casino gibt es keinerlei Einschr\u00e4nkungen. Wenn Sie unterwegs spielen m\u00f6chten, bieten wir Ihnen eine praktische Rooksbet App, die mit allen modernen Android- und iOS-Ger\u00e4ten kompatibel ist. F\u00fcr die Installation ben\u00f6tigen Sie lediglich eine stabile Internetverbindung und ein modernes Mobilger\u00e4t. Die App beansprucht nur wenig Speicherplatz auf Ihrem Smartphone oder Tablet.<\/p>\n<div class=\"banner-wrap\" aria-label=\"Banner\"><img src=\"https:\/\/therooksbet.org\/wp-content\/uploads\/Rooksbet-banner-desktop.webp\" class=\"w-100 d-none d-lg-block img-pc main-banner-img\" alt=\"Rooksbet banner desktop\" fetchpriority=\"high\" decoding=\"async\"><img src=\"https:\/\/therooksbet.org\/wp-content\/uploads\/2026\/03\/eOLy2N8LgH3NW5QxswwX-300x300-1.png\" class=\"w-100 d-none d-md-block d-lg-none main-banner-img\" alt=\"rooksbet mobile banner\" fetchpriority=\"high\" decoding=\"async\"><img src=\"https:\/\/therooksbet.org\/wp-content\/uploads\/2026\/03\/eOLy2N8LgH3NW5QxswwX-300x300-1.png\" class=\"w-100 d-md-none\" alt=\"rooksbet mobile banner\" fetchpriority=\"high\" decoding=\"async\"><div class=\"banner-description\">\n<div class=\"banner-title\">Willkommensboni<\/div>\n<p class=\"banner-header-title\">1500 \u20ac<\/p>\n<div class=\"banner-header-AdditionalText\">+ 250 Freispiele<\/div>\n<button data-item=\"homepage_banner_link\" class=\"goto m-button m-gradient-border m-button--primary m-button--large banner-button btn-orange\">\n            <div class=\"m-button-content\">\n                <span>Jetzt anmelden<\/span>\n                <span><\/span>\n            <\/div>\n        <\/button>\n<\/div>\n<div class=\"WelcomePack\">\n<p><img loading=\"lazy\" decoding=\"async\" class=\"alignnone size-full wp-image-1893\" src=\"https:\/\/therooksbet.org\/wp-content\/uploads\/2026\/03\/welcome-crown-1.png\" alt=\"welcome crown\" width=\"25\" height=\"26\" \/><\/p>\n<div class=\"WelcomePack-Info\">W\u00f6chentlicher Cashback von bis zu 25 %<\/div>\n<p><img loading=\"lazy\" decoding=\"async\" class=\"alignnone size-full wp-image-1893\" src=\"https:\/\/therooksbet.org\/wp-content\/uploads\/2026\/03\/welcome-crown-1.png\" alt=\"welcome crown\" width=\"25\" height=\"26\" \/><\/p>\n<\/div>\n<\/div>\n<h2>Hauptmerkmale des mobilen Casinos<\/h2>\n<p>Mehr als 80 % der Nutzer bevorzugen es, ihre Lieblingswebsites und -spiele unterwegs zu nutzen. Um dies zu erm\u00f6glichen, m\u00fcssen Marken ihren Kunden mobile Versionen ihrer Lieblingsquellen anbieten. Rooks Bet Casino bildet hier keine Ausnahme. Unsere Website ist auf jedem mobilen Browser verf\u00fcgbar, einschlie\u00dflich Google Chrome und Safari. Sie erhalten das gleiche Spielerlebnis wie auf einem Desktop-Computer.<\/p>\n<p>Es gibt noch eine weitere Option f\u00fcr ein individuelleres Spielerlebnis \u2013 die Rooksbet App. Sie verf\u00fcgt \u00fcber ein vertrautes Design und eine vertraute Navigation, sodass Sie bei der Nutzung keine Probleme haben werden. Alle Funktionen, einschlie\u00dflich Spiele, Zahlungen, Registrierung und vieles mehr, sind dort verf\u00fcgbar.<\/p>\n<h3>App Anforderungen<\/h3>\n<p>Die mobile Software Rooks Bet wurde als Progressive Web App (PWA) entwickelt. Sie ben\u00f6tigen keine zus\u00e4tzlichen Konten in den App-Stores, da die Installation direkt \u00fcber unsere Website erfolgen kann. Wie jede andere Anwendung auch hat Rooksbet Casino bestimmte Anforderungen, die f\u00fcr eine erfolgreiche Installation und Nutzung der Software erf\u00fcllt sein m\u00fcssen.<\/p>\n<table>\n<tbody>\n<tr>\n<td>Anforderung<\/td>\n<td>Details<\/td>\n<td>Warum es wichtig ist<\/td>\n<\/tr>\n<tr>\n<td>Moderner mobiler Browser<\/td>\n<td>Wir empfehlen die Verwendung der neuesten Versionen von Chrome, Safari oder Firefox.<\/td>\n<td>Gew\u00e4hrleistet vollst\u00e4ndige Kompatibilit\u00e4t und reibungslose Leistung<\/td>\n<\/tr>\n<tr>\n<td>Stabile Internetverbindung<\/td>\n<td>WLAN ist die beste Option, aber auch Highspeed-4G oder 5G sind hervorragend geeignet.<\/td>\n<td>Verhindert Unterbrechungen w\u00e4hrend des Spiels und bei Transaktionen<\/td>\n<\/tr>\n<tr>\n<td>JavaScript aktiviert<\/td>\n<td>Sie m\u00fcssen es in den Browsereinstellungen aktivieren.<\/td>\n<td>Erm\u00f6glicht die ordnungsgem\u00e4\u00dfe Funktion der App-Oberfl\u00e4che und der Spielfunktionen.<\/td>\n<\/tr>\n<tr>\n<td>Ausreichender Ger\u00e4tespeicher<\/td>\n<td>Die App ben\u00f6tigt nur wenig freien Speicherplatz f\u00fcr zwischengespeicherte Daten.<\/td>\n<td>Erm\u00f6glicht schnellere Ladezeiten und Offline-Elemente<\/td>\n<\/tr>\n<tr>\n<td>Aktualisiertes Betriebssystem<\/td>\n<td>Es ist besser, eine aktuelle Android- oder iOS-Version zu haben.<\/td>\n<td>Garantiert Sicherheitsupdates und optimale Systemintegration<\/td>\n<\/tr>\n<\/tbody>\n<\/table>\n<p><div class=\"scrollable-content-wrap my-5\"><div class=\"scrollable-content-inner\"><h2>Rooksbet App f\u00fcr Android<\/h2>\n<p>Unabh\u00e4ngig davon, welches Android-Ger\u00e4temodell Sie genau haben, k\u00f6nnen Sie jederzeit unser mobiles Casino nutzen. Sie k\u00f6nnen die Plattform einfach in einem beliebigen Browser aufrufen oder eine spezielle Anwendung installieren. Bei Rooksbet Casino schr\u00e4nken wir Sie nicht ein, was Sie w\u00e4hlen oder wie Sie diese Optionen kombinieren. Wichtig ist nur, dass Sie f\u00fcr alle Ihre Ger\u00e4te dasselbe Konto verwenden.<\/p>\n<p>Die Rooks Bet App und die mobile Website passen sich perfekt an die Gr\u00f6\u00dfe und Aufl\u00f6sung Ihres Bildschirms an. Sie wurden mit einer speziellen Touch-Steuerungsfunktion entwickelt, die Ihnen ein gro\u00dfartiges Spielerlebnis erm\u00f6glicht.<\/p>\n<h3>Schrittweise Installation<\/h3>\n<p>Jeder Nutzer kann selbst entscheiden, welche Optionen er w\u00e4hlen m\u00f6chte. Wir k\u00f6nnen nur sagen, dass die Anwendung Rooksbet ein personalisierteres Erlebnis bietet. Mit einem Klick auf Ihrem Startbildschirm erhalten Sie Zugriff auf alle erforderlichen Funktionen. Nutzer k\u00f6nnen auch Benachrichtigungen f\u00fcr Updates, Bonusfortschritte oder neue Spielver\u00f6ffentlichungen einrichten.<\/p>\n<p>Die folgenden Richtlinien helfen Ihnen dabei, die App korrekt und ohne Probleme zu installieren:<\/p>\n<ol>\n<li>Besuchen Sie unsere Website auf Ihrem Android-Smartphone oder -Tablet. Es ist sehr wichtig, dass Sie die App von der offiziellen Website installieren, um Betrug zu vermeiden.<\/li>\n<li>Gehen Sie zu den Browsereinstellungen, indem Sie auf die Schaltfl\u00e4che \u201eMehr\u201c klicken, die wie drei vertikale Punkte aussieht.<\/li>\n<li>Suchen Sie im Men\u00fc die Option \u201eZum Startbildschirm hinzuf\u00fcgen\u201c und klicken Sie darauf.<\/li>\n<li>Passen Sie das Symbol Rooksbet bei Bedarf an. Sie k\u00f6nnen seinen Namen und sein Aussehen \u00e4ndern.<\/li>\n<li>Klicken Sie auf \u201eHinzuf\u00fcgen\u201c, um die Aktion zu best\u00e4tigen. Das Symbol wird sofort auf Ihrem Startbildschirm angezeigt.<\/li>\n<\/ol>\n<p><img loading=\"lazy\" decoding=\"async\" class=\"alignnone size-full wp-image-1952\" src=\"https:\/\/therooksbet.org\/wp-content\/uploads\/2026\/03\/Rooksbet-Android-App.webp\" alt=\"Rooksbet Android App\" width=\"1248\" height=\"536\" srcset=\"https:\/\/therooksbet.org\/wp-content\/uploads\/2026\/03\/Rooksbet-Android-App.webp 1248w, https:\/\/therooksbet.org\/wp-content\/uploads\/2026\/03\/Rooksbet-Android-App-300x129.webp 300w, https:\/\/therooksbet.org\/wp-content\/uploads\/2026\/03\/Rooksbet-Android-App-1024x440.webp 1024w, https:\/\/therooksbet.org\/wp-content\/uploads\/2026\/03\/Rooksbet-Android-App-768x330.webp 768w\" sizes=\"auto, (max-width: 1248px) 100vw, 1248px\" \/><\/p>\n<\/div><\/div><div style=\"clear: both\"><\/div><div class=\"d-flex justify-content-center\"><button data-item=\"decouvrez_link\" data-group=\"website_links\" class=\"goto fw-bold rounded-pill btn btn-orange\" aria-label=\"Laden Sie die Rooksbet-App herunter\" >Laden Sie die Rooksbet-App herunter<\/button><\/div><div class=\"scrollable-content-wrap my-5\"><div class=\"scrollable-content-inner\"><h2>Auf iPhone und iPad spielen<\/h2>\n<p>Wenn Sie ein iPhone oder iPad besitzen, haben Sie das Gl\u00fcck, unser Online-Casino auf Ihrem Mobilger\u00e4t nutzen zu k\u00f6nnen. Einige Spieler bef\u00fcrchten, dass in der mobilen Version nur wenige Spiele verf\u00fcgbar sein werden, aber das ist ein Irrglaube. Die Rooksbet Casino App bietet alle 6.000+ Titel, darunter Online-Slots, Tischspiele, Live-Casino-Titel und Sofortgewinn-Optionen.<\/p>\n<p>Aufgrund der Einschr\u00e4nkungen des App Stores f\u00fcr Casino-Apps kann unsere mobile Software direkt von der offiziellen Website installiert werden. Wir testen die Rooksbet-App regelm\u00e4\u00dfig und k\u00f6nnen garantieren, dass sie f\u00fcr Ihr Ger\u00e4t absolut sicher ist.<\/p>\n<p>Die Installation auf einem iOS-Ger\u00e4t ist einfach und dauert etwa 3 Minuten. Gehen Sie auf unserer Website zum Fu\u00dfbereich der Hauptseite und klicken Sie auf die Schaltfl\u00e4che \u201eCasino-App\u201c. Auf der neu angezeigten Seite m\u00fcssen Benutzer \u201eInstallieren\u201c ausw\u00e4hlen. Nach wenigen Sekunden erscheint das Symbol Rooks Bet auf Ihrem Startbildschirm.<\/p>\n<p><img loading=\"lazy\" decoding=\"async\" class=\"alignnone size-full wp-image-1960\" src=\"https:\/\/therooksbet.org\/wp-content\/uploads\/2026\/03\/Rooksbet-iOS-App.webp\" alt=\"Rooksbet iOS App\" width=\"1248\" height=\"536\" srcset=\"https:\/\/therooksbet.org\/wp-content\/uploads\/2026\/03\/Rooksbet-iOS-App.webp 1248w, https:\/\/therooksbet.org\/wp-content\/uploads\/2026\/03\/Rooksbet-iOS-App-300x129.webp 300w, https:\/\/therooksbet.org\/wp-content\/uploads\/2026\/03\/Rooksbet-iOS-App-1024x440.webp 1024w, https:\/\/therooksbet.org\/wp-content\/uploads\/2026\/03\/Rooksbet-iOS-App-768x330.webp 768w\" sizes=\"auto, (max-width: 1248px) 100vw, 1248px\" \/><\/p>\n<\/div><\/div><div style=\"clear: both\"><\/div><div class=\"d-flex justify-content-center\"><button data-item=\"decouvrez_link\" data-group=\"website_links\" class=\"goto fw-bold rounded-pill btn btn-orange\" aria-label=\"Laden Sie die Rooksbet-App herunter\" >Laden Sie die Rooksbet-App herunter<\/button><\/div><div class=\"scrollable-content-wrap my-5\"><div class=\"scrollable-content-inner\"><h2>Rooksbet Casino f\u00fcr Windows und macOS<\/h2>\n<p>Alle unsere Kunden k\u00f6nnen Rooksbet Casino auch auf ihren PCs oder Laptops nutzen. Wir unterst\u00fctzen alle Ger\u00e4te mit den Betriebssystemen Windows und macOS. Wie bei mobilen Ger\u00e4ten wird die Plattform f\u00fcr Ihren Bildschirm optimiert.<\/p>\n<p>F\u00fcr einen schnelleren Zugriff auf unsere Website k\u00f6nnen Sie das Verkn\u00fcpfungssymbol installieren. Diese Funktion ist in jedem modernen Browser verf\u00fcgbar. Mit diesem Schritt m\u00fcssen Sie nicht mehr den Browser \u00f6ffnen und nach unserem Online-Casino suchen. Wenn Sie Fragen zum Installationsvorgang haben, k\u00f6nnen Sie sich \u00fcber den Live-Chat oder per E-Mail an das mehrsprachige Support-Team von Rooksbet wenden.<\/p>\n<p><img loading=\"lazy\" decoding=\"async\" class=\"alignnone size-full wp-image-1968\" src=\"https:\/\/therooksbet.org\/wp-content\/uploads\/2026\/03\/Rooksbet-Desktop.webp\" alt=\"Rooksbet Desktop\" width=\"1248\" height=\"536\" srcset=\"https:\/\/therooksbet.org\/wp-content\/uploads\/2026\/03\/Rooksbet-Desktop.webp 1248w, https:\/\/therooksbet.org\/wp-content\/uploads\/2026\/03\/Rooksbet-Desktop-300x129.webp 300w, https:\/\/therooksbet.org\/wp-content\/uploads\/2026\/03\/Rooksbet-Desktop-1024x440.webp 1024w, https:\/\/therooksbet.org\/wp-content\/uploads\/2026\/03\/Rooksbet-Desktop-768x330.webp 768w\" sizes=\"auto, (max-width: 1248px) 100vw, 1248px\" \/><\/p>\n<\/div><\/div><div style=\"clear: both\"><\/div><div class=\"d-flex justify-content-center\"><button data-item=\"decouvrez_link\" data-group=\"website_links\" class=\"goto fw-bold rounded-pill btn btn-orange\" aria-label=\"Laden Sie die Rooksbet-App herunter\" >Laden Sie die Rooksbet-App herunter<\/button><\/div><div class=\"scrollable-content-wrap my-5\"><div class=\"scrollable-content-inner\"><h2>H\u00e4ufig gestellte Fragen<\/h2>\n<h3>Ist der Verifizierungsprozess auch f\u00fcr mobile Nutzer erforderlich?<\/h3>\n<p>Wenn Sie die erste Auszahlung in der mobilen App vornehmen, m\u00fcssen Sie den Verifizierungsprozess abschlie\u00dfen. Das Verfahren funktioniert genauso wie auf dem Desktop. Nach Abschluss des Verfahrens gibt es keine weiteren Verz\u00f6gerungen bei Auszahlungen.<\/p>\n<h3>Wird mein Konto gel\u00f6scht, wenn ich die Rooksbet App deinstalliere?<\/h3>\n<p>Wenn Sie sich entscheiden, die Nutzung der mobilen Software zu unterbrechen oder einzustellen, \u00e4ndert sich daran nichts in Bezug auf Ihr Profil. Alle Ihre Erfolge und Ihr Guthaben werden gespeichert, sodass Sie von einem PC aus spielen oder die App in Zukunft erneut installieren k\u00f6nnen.<\/p>\n<h3>Ist die mobile Software sicher und zuverl\u00e4ssig?<\/h3>\n<p>Alle Ihre pers\u00f6nlichen Daten werden durch 1.3 TLS-Verschl\u00fcsselungssysteme gesch\u00fctzt. Wir verwenden innovative Webanwendungs-Firewalls, um verd\u00e4chtige Angriffe auf die Software zu blockieren. Bei Rooks Bet Casino k\u00f6nnen Sie ohne zus\u00e4tzliche Sorgen spielen.<\/p>\n<\/div><\/div><\/p>\n","protected":false},"excerpt":{"rendered":"<p>Rooksbet Mobile Plattform Bei unserem Online-Casino gibt es keinerlei Einschr\u00e4nkungen. Wenn Sie unterwegs spielen m\u00f6chten, bieten wir Ihnen eine praktische Rooksbet App, die mit allen modernen Android- und iOS-Ger\u00e4ten kompatibel ist. F\u00fcr die Installation ben\u00f6tigen Sie lediglich eine stabile Internetverbindung und ein modernes Mobilger\u00e4t. Die App beansprucht nur wenig Speicherplatz auf Ihrem Smartphone oder Tablet. [&hellip;]<\/p>\n","protected":false},"author":1,"featured_media":0,"parent":0,"menu_order":0,"comment_status":"closed","ping_status":"closed","template":"template-builder.php","meta":{"_acf_changed":false,"inline_featured_image":false,"footnotes":""},"class_list":["post-1442","page","type-page","status-publish","hentry"],"acf":[],"yoast_head":"<!-- This site is optimized with the Yoast SEO plugin v27.3 - https:\/\/yoast.com\/product\/yoast-seo-wordpress\/ -->\n<title>Rooksbet App | Offizielle App f\u00fcr Android &amp; iOS<\/title>\n<meta name=\"description\" content=\"Rooksbet App \u2013 lade die offizielle App f\u00fcr Android und iOS herunter, um Slots, Tischspiele und Live-Casino \u00fcberall zu spielen. Genie\u00dfe reibungslose Leistung und vollen Kontozugriff mit Rooks Bet.\" \/>\n<meta name=\"robots\" content=\"index, follow, max-snippet:-1, max-image-preview:large, max-video-preview:-1\" \/>\n<link rel=\"canonical\" href=\"https:\/\/therooksbet.org\/de\/app\/\" \/>\n<meta property=\"og:locale\" content=\"de_DE\" \/>\n<meta property=\"og:type\" content=\"article\" \/>\n<meta property=\"og:title\" content=\"Rooksbet App | Offizielle App f\u00fcr Android &amp; iOS\" \/>\n<meta property=\"og:description\" content=\"Rooksbet App \u2013 lade die offizielle App f\u00fcr Android und iOS herunter, um Slots, Tischspiele und Live-Casino \u00fcberall zu spielen. Genie\u00dfe reibungslose Leistung und vollen Kontozugriff mit Rooks Bet.\" \/>\n<meta property=\"og:url\" content=\"https:\/\/therooksbet.org\/de\/app\/\" \/>\n<meta property=\"og:site_name\" content=\"rooksbet\" \/>\n<meta property=\"article:modified_time\" content=\"2026-03-12T10:36:46+00:00\" \/>\n<meta name=\"twitter:card\" content=\"summary_large_image\" \/>\n<meta name=\"twitter:label1\" content=\"Gesch\u00e4tzte Lesezeit\" \/>\n\t<meta name=\"twitter:data1\" content=\"2\u00a0Minuten\" \/>\n<script type=\"application\/ld+json\" class=\"yoast-schema-graph\">{\"@context\":\"https:\\\/\\\/schema.org\",\"@graph\":[{\"@type\":\"WebPage\",\"@id\":\"https:\\\/\\\/therooksbet.org\\\/de\\\/app\\\/\",\"url\":\"https:\\\/\\\/therooksbet.org\\\/de\\\/app\\\/\",\"name\":\"Rooksbet App | Offizielle App f\u00fcr Android & iOS\",\"isPartOf\":{\"@id\":\"https:\\\/\\\/therooksbet.org\\\/de\\\/#website\"},\"datePublished\":\"2026-01-20T12:08:23+00:00\",\"dateModified\":\"2026-03-12T10:36:46+00:00\",\"description\":\"Rooksbet App \u2013 lade die offizielle App f\u00fcr Android und iOS herunter, um Slots, Tischspiele und Live-Casino \u00fcberall zu spielen. Genie\u00dfe reibungslose Leistung und vollen Kontozugriff mit Rooks Bet.\",\"breadcrumb\":{\"@id\":\"https:\\\/\\\/therooksbet.org\\\/de\\\/app\\\/#breadcrumb\"},\"inLanguage\":\"de\",\"potentialAction\":[{\"@type\":\"ReadAction\",\"target\":[\"https:\\\/\\\/therooksbet.org\\\/de\\\/app\\\/\"]}]},{\"@type\":\"BreadcrumbList\",\"@id\":\"https:\\\/\\\/therooksbet.org\\\/de\\\/app\\\/#breadcrumb\",\"itemListElement\":[{\"@type\":\"ListItem\",\"position\":1,\"name\":\"Rooksbet\",\"item\":\"https:\\\/\\\/therooksbet.org\\\/de\\\/\"},{\"@type\":\"ListItem\",\"position\":2,\"name\":\"App\"}]},{\"@type\":\"WebSite\",\"@id\":\"https:\\\/\\\/therooksbet.org\\\/de\\\/#website\",\"url\":\"https:\\\/\\\/therooksbet.org\\\/de\\\/\",\"name\":\"Rooksbet\",\"description\":\"\",\"publisher\":{\"@id\":\"https:\\\/\\\/therooksbet.org\\\/de\\\/#organization\"},\"potentialAction\":[{\"@type\":\"SearchAction\",\"target\":{\"@type\":\"EntryPoint\",\"urlTemplate\":\"https:\\\/\\\/therooksbet.org\\\/de\\\/?s={search_term_string}\"},\"query-input\":{\"@type\":\"PropertyValueSpecification\",\"valueRequired\":true,\"valueName\":\"search_term_string\"}}],\"inLanguage\":\"de\"},{\"@type\":\"Organization\",\"@id\":\"https:\\\/\\\/therooksbet.org\\\/de\\\/#organization\",\"name\":\"Rooksbet\",\"url\":\"https:\\\/\\\/therooksbet.org\\\/de\\\/\",\"logo\":{\"@type\":\"ImageObject\",\"inLanguage\":\"de\",\"@id\":\"https:\\\/\\\/therooksbet.org\\\/de\\\/#\\\/schema\\\/logo\\\/image\\\/\",\"url\":\"https:\\\/\\\/therooksbet.org\\\/wp-content\\\/uploads\\\/2026\\\/03\\\/80u1FaquEZeR6OUTeJCc.png.webp\",\"contentUrl\":\"https:\\\/\\\/therooksbet.org\\\/wp-content\\\/uploads\\\/2026\\\/03\\\/80u1FaquEZeR6OUTeJCc.png.webp\",\"width\":167,\"height\":44,\"caption\":\"Rooksbet\"},\"image\":{\"@id\":\"https:\\\/\\\/therooksbet.org\\\/de\\\/#\\\/schema\\\/logo\\\/image\\\/\"}}]}<\/script>\n<!-- \/ Yoast SEO plugin. -->","yoast_head_json":{"title":"Rooksbet App | Offizielle App f\u00fcr Android & iOS","description":"Rooksbet App \u2013 lade die offizielle App f\u00fcr Android und iOS herunter, um Slots, Tischspiele und Live-Casino \u00fcberall zu spielen. Genie\u00dfe reibungslose Leistung und vollen Kontozugriff mit Rooks Bet.","robots":{"index":"index","follow":"follow","max-snippet":"max-snippet:-1","max-image-preview":"max-image-preview:large","max-video-preview":"max-video-preview:-1"},"canonical":"https:\/\/therooksbet.org\/de\/app\/","og_locale":"de_DE","og_type":"article","og_title":"Rooksbet App | Offizielle App f\u00fcr Android & iOS","og_description":"Rooksbet App \u2013 lade die offizielle App f\u00fcr Android und iOS herunter, um Slots, Tischspiele und Live-Casino \u00fcberall zu spielen. Genie\u00dfe reibungslose Leistung und vollen Kontozugriff mit Rooks Bet.","og_url":"https:\/\/therooksbet.org\/de\/app\/","og_site_name":"rooksbet","article_modified_time":"2026-03-12T10:36:46+00:00","twitter_card":"summary_large_image","twitter_misc":{"Gesch\u00e4tzte Lesezeit":"2\u00a0Minuten"},"schema":{"@context":"https:\/\/schema.org","@graph":[{"@type":"WebPage","@id":"https:\/\/therooksbet.org\/de\/app\/","url":"https:\/\/therooksbet.org\/de\/app\/","name":"Rooksbet App | Offizielle App f\u00fcr Android & iOS","isPartOf":{"@id":"https:\/\/therooksbet.org\/de\/#website"},"datePublished":"2026-01-20T12:08:23+00:00","dateModified":"2026-03-12T10:36:46+00:00","description":"Rooksbet App \u2013 lade die offizielle App f\u00fcr Android und iOS herunter, um Slots, Tischspiele und Live-Casino \u00fcberall zu spielen. Genie\u00dfe reibungslose Leistung und vollen Kontozugriff mit Rooks Bet.","breadcrumb":{"@id":"https:\/\/therooksbet.org\/de\/app\/#breadcrumb"},"inLanguage":"de","potentialAction":[{"@type":"ReadAction","target":["https:\/\/therooksbet.org\/de\/app\/"]}]},{"@type":"BreadcrumbList","@id":"https:\/\/therooksbet.org\/de\/app\/#breadcrumb","itemListElement":[{"@type":"ListItem","position":1,"name":"Rooksbet","item":"https:\/\/therooksbet.org\/de\/"},{"@type":"ListItem","position":2,"name":"App"}]},{"@type":"WebSite","@id":"https:\/\/therooksbet.org\/de\/#website","url":"https:\/\/therooksbet.org\/de\/","name":"Rooksbet","description":"","publisher":{"@id":"https:\/\/therooksbet.org\/de\/#organization"},"potentialAction":[{"@type":"SearchAction","target":{"@type":"EntryPoint","urlTemplate":"https:\/\/therooksbet.org\/de\/?s={search_term_string}"},"query-input":{"@type":"PropertyValueSpecification","valueRequired":true,"valueName":"search_term_string"}}],"inLanguage":"de"},{"@type":"Organization","@id":"https:\/\/therooksbet.org\/de\/#organization","name":"Rooksbet","url":"https:\/\/therooksbet.org\/de\/","logo":{"@type":"ImageObject","inLanguage":"de","@id":"https:\/\/therooksbet.org\/de\/#\/schema\/logo\/image\/","url":"https:\/\/therooksbet.org\/wp-content\/uploads\/2026\/03\/80u1FaquEZeR6OUTeJCc.png.webp","contentUrl":"https:\/\/therooksbet.org\/wp-content\/uploads\/2026\/03\/80u1FaquEZeR6OUTeJCc.png.webp","width":167,"height":44,"caption":"Rooksbet"},"image":{"@id":"https:\/\/therooksbet.org\/de\/#\/schema\/logo\/image\/"}}]}},"_links":{"self":[{"href":"https:\/\/therooksbet.org\/de\/wp-json\/wp\/v2\/pages\/1442","targetHints":{"allow":["GET"]}}],"collection":[{"href":"https:\/\/therooksbet.org\/de\/wp-json\/wp\/v2\/pages"}],"about":[{"href":"https:\/\/therooksbet.org\/de\/wp-json\/wp\/v2\/types\/page"}],"author":[{"embeddable":true,"href":"https:\/\/therooksbet.org\/de\/wp-json\/wp\/v2\/users\/1"}],"replies":[{"embeddable":true,"href":"https:\/\/therooksbet.org\/de\/wp-json\/wp\/v2\/comments?post=1442"}],"version-history":[{"count":4,"href":"https:\/\/therooksbet.org\/de\/wp-json\/wp\/v2\/pages\/1442\/revisions"}],"predecessor-version":[{"id":2084,"href":"https:\/\/therooksbet.org\/de\/wp-json\/wp\/v2\/pages\/1442\/revisions\/2084"}],"wp:attachment":[{"href":"https:\/\/therooksbet.org\/de\/wp-json\/wp\/v2\/media?parent=1442"}],"curies":[{"name":"wp","href":"https:\/\/api.w.org\/{rel}","templated":true}]}}