{"id":1483,"date":"2026-01-20T12:11:11","date_gmt":"2026-01-20T12:11:11","guid":{"rendered":"https:\/\/bonuskongcasino.com\/login-and-registration\/"},"modified":"2026-03-12T10:40:40","modified_gmt":"2026-03-12T10:40:40","slug":"anmeldung-und-registrierung","status":"publish","type":"page","link":"https:\/\/therooksbet.org\/de\/anmeldung-und-registrierung\/","title":{"rendered":"Anmeldung und Registrierung"},"content":{"rendered":"<h1>Rooksbet Casino Login<\/h1>\n<p>Wenn Sie mindestens 18 Jahre alt sind und in einem der besten Online-Casinos um echtes Geld spielen m\u00f6chten, trennt Sie nur noch der Rooksbet Login von diesem Schritt. Der Vorgang ist unkompliziert und dauert nur wenige Minuten. Um ein Konto zu erstellen, m\u00fcssen Nutzer lediglich eine g\u00fcltige E-Mail-Adresse angeben und ein Passwort erstellen.<\/p>\n<p><div class=\"banner-wrap\" aria-label=\"Banner\"><img src=\"https:\/\/therooksbet.org\/wp-content\/uploads\/Rooksbet-banner-desktop.webp\" class=\"w-100 d-none d-lg-block img-pc main-banner-img\" alt=\"Rooksbet banner desktop\" fetchpriority=\"high\" decoding=\"async\"><img src=\"https:\/\/therooksbet.org\/wp-content\/uploads\/2026\/03\/eOLy2N8LgH3NW5QxswwX-300x300-1.png\" class=\"w-100 d-none d-md-block d-lg-none main-banner-img\" alt=\"rooksbet mobile banner\" fetchpriority=\"high\" decoding=\"async\"><img src=\"https:\/\/therooksbet.org\/wp-content\/uploads\/2026\/03\/eOLy2N8LgH3NW5QxswwX-300x300-1.png\" class=\"w-100 d-md-none\" alt=\"rooksbet mobile banner\" fetchpriority=\"high\" decoding=\"async\"><div class=\"banner-description\">\n<div class=\"banner-title\">Willkommensboni<\/div>\n<p class=\"banner-header-title\">1500 \u20ac<\/p>\n<div class=\"banner-header-AdditionalText\">+ 250 Freispiele<\/div>\n<button data-item=\"homepage_banner_link\" class=\"goto m-button m-gradient-border m-button--primary m-button--large banner-button btn-orange\">\n            <div class=\"m-button-content\">\n                <span>Jetzt anmelden<\/span>\n                <span><\/span>\n            <\/div>\n        <\/button>\n<\/div>\n<div class=\"WelcomePack\">\n<p><img loading=\"lazy\" decoding=\"async\" class=\"alignnone size-full wp-image-1893\" src=\"https:\/\/therooksbet.org\/wp-content\/uploads\/2026\/03\/welcome-crown-1.png\" alt=\"welcome crown\" width=\"25\" height=\"26\" \/><\/p>\n<div class=\"WelcomePack-Info\">W\u00f6chentlicher Cashback von bis zu 25 %<\/div>\n<p><img loading=\"lazy\" decoding=\"async\" class=\"alignnone size-full wp-image-1893\" src=\"https:\/\/therooksbet.org\/wp-content\/uploads\/2026\/03\/welcome-crown-1.png\" alt=\"welcome crown\" width=\"25\" height=\"26\" \/><\/p>\n<\/div>\n<\/div><div class=\"scrollable-content-wrap my-5\"><div class=\"scrollable-content-inner\"><h2>Registrierung bei Rooksbet Casino<\/h2>\n<p>Die Rooks Bet Casino Plattform steht allen Nutzern mit oder ohne Konto zur Verf\u00fcgung. Der Hauptunterschied besteht darin, dass Sie mit einem Konto auf alle coolen Funktionen zugreifen k\u00f6nnen, die auf der Plattform verf\u00fcgbar sind. Das Wichtigste ist, dass nur registrierte Nutzer Einzahlungen vornehmen, um mit echtem Geld zu spielen und ihre Gewinne auszahlen lassen k\u00f6nnen. Alle anderen k\u00f6nnen die Rooksbet-Titel im Demo-Modus ausprobieren, ohne Geld zu riskieren.<\/p>\n<p>In der folgenden Tabelle finden Benutzer zus\u00e4tzliche Informationen zu den wichtigsten Vorteilen, die ein Konto bietet.<\/p>\n<table>\n<tbody>\n<tr>\n<td>Vorteile der Registrierung<\/td>\n<td>Was bedeutet das<\/td>\n<\/tr>\n<tr>\n<td>Zugang zu Boni<\/td>\n<td>Benutzer k\u00f6nnen das Willkommenspaket, Reload-Boni, Cashback und andere exklusive Aktionen in Anspruch nehmen.<\/td>\n<\/tr>\n<tr>\n<td>Sichere Ein- und Auszahlungen<\/td>\n<td>Sie haben die M\u00f6glichkeit, Zahlungen sicher zu verwalten und Gewinne mit verifizierten Methoden auszuzahlen.<\/td>\n<\/tr>\n<tr>\n<td>Pers\u00f6nliches Konto-Dashboard<\/td>\n<td>In Ihrem Konto k\u00f6nnen Sie Ihren Kontostand, Boni, Transaktionsverlauf und Spielaktivit\u00e4ten verfolgen.<\/td>\n<\/tr>\n<tr>\n<td>Tools f\u00fcr verantwortungsbewusstes Spielen<\/td>\n<td>Um auf der sicheren Seite zu bleiben, k\u00f6nnen Spieler finanzielle oder zeitliche Limits, Cooling-off-Perioden oder Selbstausschlussoptionen festlegen.<\/td>\n<\/tr>\n<tr>\n<td>Schnellere Unterst\u00fctzung<\/td>\n<td>Benutzer erhalten personalisierte Hilfe, da das Support-Team auf ihre Kontodaten zugreifen kann.<\/td>\n<\/tr>\n<tr>\n<td>Gespeicherte Einstellungen<\/td>\n<td>Ihre Lieblingsspiele, Einstellungen und Zahlungsmethoden bleiben f\u00fcr zuk\u00fcnftige Sitzungen gespeichert.<\/td>\n<\/tr>\n<\/tbody>\n<\/table>\n<h3>Detaillierter Installationsprozess<\/h3>\n<p>Wenn Sie sich entscheiden, ein Konto bei Rooksbet zu erstellen, helfen wir Ihnen gerne dabei. Die wichtigste Regel unserer Plattform ist, dass Sie mindestens 18 Jahre alt sein m\u00fcssen. Spieler k\u00f6nnen auf der Plattform nur ein Konto haben. Dies ist ein wichtiger Schritt, um Betrug zu verhindern. Wenn Sie die mobile App nutzen m\u00f6chten, schlie\u00dfen Sie einfach den Rooks Bet Anmeldevorgang mit Ihrem bestehenden Konto ab.<\/p>\n<p>Wir empfehlen Ihnen, unsere folgenden Anweisungen zu befolgen, um schnell und problemlos ein Konto zu erstellen:<\/p>\n<ol>\n<li>Benutzer sollten auf die entsprechende Schaltfl\u00e4che in der oberen rechten Ecke der Rooksbet Casino Lobby klicken.<\/li>\n<li>Geben Sie Ihre pers\u00f6nlichen Daten in das Registrierungsformular ein: E-Mail-Adresse und Passwort. Das Passwort muss mindestens 6 Zeichen lang sein.<\/li>\n<li>Alle Spieler m\u00fcssen die Allgemeinen Gesch\u00e4ftsbedingungen lesen und akzeptieren. Au\u00dferdem m\u00fcssen Sie Ihr Alter best\u00e4tigen.<\/li>\n<li>Klicken Sie am Ende des Formulars auf die Schaltfl\u00e4che \u201eRegistrieren\u201c, um die Registrierung abzuschlie\u00dfen.<\/li>\n<\/ol>\n<h2>Kontoanmeldung und wichtige Funktionen<\/h2>\n<p>Benutzer, die bereits ein Profil auf unserer Website oder in der Anwendung haben, m\u00fcssen sich nur bei Rooksbet anmelden. In diesem Fall m\u00fcssen Sie die E-Mail-Adresse und das Passwort angeben, die Sie bei der Registrierung f\u00fcr ein Konto verwendet haben.<\/p>\n<p>Nachdem Sie sich in Ihr Konto eingeloggt haben, empfehlen wir Ihnen, sich mit allen coolen Einstellungen und Tools von Rooks Bet Casino vertraut zu machen. Diese machen Ihre Reise pers\u00f6nlicher und bequemer. Wenn Sie eine neue E-Mail-Adresse haben oder in ein anderes Land gezogen sind, k\u00f6nnen Sie diese mit wenigen Klicks in den Profileinstellungen \u00e4ndern.<\/p>\n<h3>Kontozugang zur\u00fccksetzen<\/h3>\n<p>Das h\u00e4ufigste Problem beim Rooksbet Anmeldevorgang ist, dass Spieler ihre E-Mail-Adresse oder ihr Passwort vergessen. Aber es gibt f\u00fcr jede Situation eine L\u00f6sung. Wenn Sie das Passwort zur\u00fccksetzen m\u00fcssen, klicken Sie im Anmeldeformular auf den Link \u201ePasswort vergessen?\u201c. Wir senden Ihnen dann den Link zum Zur\u00fccksetzen per E-Mail zu. F\u00fcr die Wiederherstellung Ihrer E-Mail-Adresse wenden Sie sich bitte per Live-Chat oder E-Mail an unser mehrsprachiges Support-Team.<\/p>\n<h2>Sicherheit personenbezogener Daten bei Rooks Bet<\/h2>\n<p>Bei Rooksbet nehmen wir Sicherheit und Fairplay sehr ernst. Es ist uns wichtig, dass Sie das Spielen genie\u00dfen k\u00f6nnen, ohne sich um Ihre pers\u00f6nlichen oder finanziellen Daten sorgen zu m\u00fcssen. Deshalb werden alle Daten, die Sie uns mitteilen, mit innovativer 1.3 TLS-Verschl\u00fcsselung gesichert. Dadurch werden sie vor Dritten gesch\u00fctzt.<\/p>\n<p>Wir \u00fcberwachen st\u00e4ndig die Aktivit\u00e4ten auf unserer Plattform, um Betrug zu verhindern und verd\u00e4chtige Aktivit\u00e4ten aufzudecken. Dar\u00fcber hinaus bitten wir alle unsere Kunden, vor ihrer ersten Auszahlung den KYC-Verifizierungsprozess zu durchlaufen. Benutzer m\u00fcssen Kopien ihrer pers\u00f6nlichen Dokumente in das Rooksbet-System hochladen, um ihre Identit\u00e4t, ihr Alter und die Inhaberschaft ihres Zahlungskontos nachzuweisen.<\/p>\n<h2>FAQ<\/h2>\n<h3>Warum ist mein Konto vor\u00fcbergehend gesperrt?<\/h3>\n<p>Wir informieren unsere Kunden immer, wenn ihre Konten vor\u00fcbergehend gesperrt sind. Die Hauptgr\u00fcnde daf\u00fcr k\u00f6nnen verd\u00e4chtige Aktivit\u00e4ten auf Ihrem Konto, Verst\u00f6\u00dfe gegen die Bonusbedingungen von Rooksbet Casino oder Selbstausschluss sein.<\/p>\n<h3>Wie lange dauert der Verifizierungsprozess bei Rooks Bet?<\/h3>\n<p>Das Hochladen der Dokumente dauert nicht l\u00e4nger als ein paar Minuten. Danach werden sie von unseren Managern innerhalb von 48 Stunden gepr\u00fcft. In den meisten F\u00e4llen geht es schneller.<\/p>\n<h3>Kann ich die Zwei-Faktor-Authentifizierung aktivieren oder deaktivieren?<\/h3>\n<p>Nach Abschluss der Rooksbet Anmeldung k\u00f6nnen Sie 2FA aktivieren, um Ihr Konto zus\u00e4tzlich zu sch\u00fctzen. Das bedeutet, dass Sie jedes Mal, wenn Sie auf Ihr Profil zugreifen, Ihre Identit\u00e4t \u00fcber eine spezielle Authentifizierungs-App nachweisen m\u00fcssen.<\/p>\n<\/div><\/div><\/p>\n","protected":false},"excerpt":{"rendered":"<p>Rooksbet Casino Login Wenn Sie mindestens 18 Jahre alt sind und in einem der besten Online-Casinos um echtes Geld spielen m\u00f6chten, trennt Sie nur noch der Rooksbet Login von diesem Schritt. Der Vorgang ist unkompliziert und dauert nur wenige Minuten. Um ein Konto zu erstellen, m\u00fcssen Nutzer lediglich eine g\u00fcltige E-Mail-Adresse angeben und ein Passwort [&hellip;]<\/p>\n","protected":false},"author":1,"featured_media":0,"parent":0,"menu_order":0,"comment_status":"closed","ping_status":"closed","template":"template-builder.php","meta":{"_acf_changed":false,"inline_featured_image":false,"footnotes":""},"class_list":["post-1483","page","type-page","status-publish","hentry"],"acf":[],"yoast_head":"<!-- This site is optimized with the Yoast SEO plugin v27.3 - https:\/\/yoast.com\/product\/yoast-seo-wordpress\/ -->\n<title>Rooksbet Login \u2013 Sicher in dein Casino-Konto einloggen<\/title>\n<meta name=\"description\" content=\"Rooksbet Login \u2013 melde dich sicher mit verschl\u00fcsseltem Zugang und schneller Verifizierung in deinem Casino-Konto an. Verwalte Passwortwiederherstellung, Profileinstellungen und Kontofunktionen einfach bei Rooks Bet.\" \/>\n<meta name=\"robots\" content=\"index, follow, max-snippet:-1, max-image-preview:large, max-video-preview:-1\" \/>\n<link rel=\"canonical\" href=\"https:\/\/therooksbet.org\/de\/anmeldung-und-registrierung\/\" \/>\n<meta property=\"og:locale\" content=\"de_DE\" \/>\n<meta property=\"og:type\" content=\"article\" \/>\n<meta property=\"og:title\" content=\"Rooksbet Login \u2013 Sicher in dein Casino-Konto einloggen\" \/>\n<meta property=\"og:description\" content=\"Rooksbet Login \u2013 melde dich sicher mit verschl\u00fcsseltem Zugang und schneller Verifizierung in deinem Casino-Konto an. Verwalte Passwortwiederherstellung, Profileinstellungen und Kontofunktionen einfach bei Rooks Bet.\" \/>\n<meta property=\"og:url\" content=\"https:\/\/therooksbet.org\/de\/anmeldung-und-registrierung\/\" \/>\n<meta property=\"og:site_name\" content=\"rooksbet\" \/>\n<meta property=\"article:modified_time\" content=\"2026-03-12T10:40:40+00:00\" \/>\n<meta name=\"twitter:card\" content=\"summary_large_image\" \/>\n<meta name=\"twitter:label1\" content=\"Gesch\u00e4tzte Lesezeit\" \/>\n\t<meta name=\"twitter:data1\" content=\"1\u00a0Minute\" \/>\n<script type=\"application\/ld+json\" class=\"yoast-schema-graph\">{\"@context\":\"https:\\\/\\\/schema.org\",\"@graph\":[{\"@type\":\"WebPage\",\"@id\":\"https:\\\/\\\/therooksbet.org\\\/de\\\/anmeldung-und-registrierung\\\/\",\"url\":\"https:\\\/\\\/therooksbet.org\\\/de\\\/anmeldung-und-registrierung\\\/\",\"name\":\"Rooksbet Login \u2013 Sicher in dein Casino-Konto einloggen\",\"isPartOf\":{\"@id\":\"https:\\\/\\\/therooksbet.org\\\/de\\\/#website\"},\"datePublished\":\"2026-01-20T12:11:11+00:00\",\"dateModified\":\"2026-03-12T10:40:40+00:00\",\"description\":\"Rooksbet Login \u2013 melde dich sicher mit verschl\u00fcsseltem Zugang und schneller Verifizierung in deinem Casino-Konto an. Verwalte Passwortwiederherstellung, Profileinstellungen und Kontofunktionen einfach bei Rooks Bet.\",\"breadcrumb\":{\"@id\":\"https:\\\/\\\/therooksbet.org\\\/de\\\/anmeldung-und-registrierung\\\/#breadcrumb\"},\"inLanguage\":\"de\",\"potentialAction\":[{\"@type\":\"ReadAction\",\"target\":[\"https:\\\/\\\/therooksbet.org\\\/de\\\/anmeldung-und-registrierung\\\/\"]}]},{\"@type\":\"BreadcrumbList\",\"@id\":\"https:\\\/\\\/therooksbet.org\\\/de\\\/anmeldung-und-registrierung\\\/#breadcrumb\",\"itemListElement\":[{\"@type\":\"ListItem\",\"position\":1,\"name\":\"Rooksbet\",\"item\":\"https:\\\/\\\/therooksbet.org\\\/de\\\/\"},{\"@type\":\"ListItem\",\"position\":2,\"name\":\"Anmeldung und Registrierung\"}]},{\"@type\":\"WebSite\",\"@id\":\"https:\\\/\\\/therooksbet.org\\\/de\\\/#website\",\"url\":\"https:\\\/\\\/therooksbet.org\\\/de\\\/\",\"name\":\"Rooksbet\",\"description\":\"\",\"publisher\":{\"@id\":\"https:\\\/\\\/therooksbet.org\\\/de\\\/#organization\"},\"potentialAction\":[{\"@type\":\"SearchAction\",\"target\":{\"@type\":\"EntryPoint\",\"urlTemplate\":\"https:\\\/\\\/therooksbet.org\\\/de\\\/?s={search_term_string}\"},\"query-input\":{\"@type\":\"PropertyValueSpecification\",\"valueRequired\":true,\"valueName\":\"search_term_string\"}}],\"inLanguage\":\"de\"},{\"@type\":\"Organization\",\"@id\":\"https:\\\/\\\/therooksbet.org\\\/de\\\/#organization\",\"name\":\"Rooksbet\",\"url\":\"https:\\\/\\\/therooksbet.org\\\/de\\\/\",\"logo\":{\"@type\":\"ImageObject\",\"inLanguage\":\"de\",\"@id\":\"https:\\\/\\\/therooksbet.org\\\/de\\\/#\\\/schema\\\/logo\\\/image\\\/\",\"url\":\"https:\\\/\\\/therooksbet.org\\\/wp-content\\\/uploads\\\/2026\\\/03\\\/80u1FaquEZeR6OUTeJCc.png.webp\",\"contentUrl\":\"https:\\\/\\\/therooksbet.org\\\/wp-content\\\/uploads\\\/2026\\\/03\\\/80u1FaquEZeR6OUTeJCc.png.webp\",\"width\":167,\"height\":44,\"caption\":\"Rooksbet\"},\"image\":{\"@id\":\"https:\\\/\\\/therooksbet.org\\\/de\\\/#\\\/schema\\\/logo\\\/image\\\/\"}}]}<\/script>\n<!-- \/ Yoast SEO plugin. -->","yoast_head_json":{"title":"Rooksbet Login \u2013 Sicher in dein Casino-Konto einloggen","description":"Rooksbet Login \u2013 melde dich sicher mit verschl\u00fcsseltem Zugang und schneller Verifizierung in deinem Casino-Konto an. Verwalte Passwortwiederherstellung, Profileinstellungen und Kontofunktionen einfach bei Rooks Bet.","robots":{"index":"index","follow":"follow","max-snippet":"max-snippet:-1","max-image-preview":"max-image-preview:large","max-video-preview":"max-video-preview:-1"},"canonical":"https:\/\/therooksbet.org\/de\/anmeldung-und-registrierung\/","og_locale":"de_DE","og_type":"article","og_title":"Rooksbet Login \u2013 Sicher in dein Casino-Konto einloggen","og_description":"Rooksbet Login \u2013 melde dich sicher mit verschl\u00fcsseltem Zugang und schneller Verifizierung in deinem Casino-Konto an. Verwalte Passwortwiederherstellung, Profileinstellungen und Kontofunktionen einfach bei Rooks Bet.","og_url":"https:\/\/therooksbet.org\/de\/anmeldung-und-registrierung\/","og_site_name":"rooksbet","article_modified_time":"2026-03-12T10:40:40+00:00","twitter_card":"summary_large_image","twitter_misc":{"Gesch\u00e4tzte Lesezeit":"1\u00a0Minute"},"schema":{"@context":"https:\/\/schema.org","@graph":[{"@type":"WebPage","@id":"https:\/\/therooksbet.org\/de\/anmeldung-und-registrierung\/","url":"https:\/\/therooksbet.org\/de\/anmeldung-und-registrierung\/","name":"Rooksbet Login \u2013 Sicher in dein Casino-Konto einloggen","isPartOf":{"@id":"https:\/\/therooksbet.org\/de\/#website"},"datePublished":"2026-01-20T12:11:11+00:00","dateModified":"2026-03-12T10:40:40+00:00","description":"Rooksbet Login \u2013 melde dich sicher mit verschl\u00fcsseltem Zugang und schneller Verifizierung in deinem Casino-Konto an. Verwalte Passwortwiederherstellung, Profileinstellungen und Kontofunktionen einfach bei Rooks Bet.","breadcrumb":{"@id":"https:\/\/therooksbet.org\/de\/anmeldung-und-registrierung\/#breadcrumb"},"inLanguage":"de","potentialAction":[{"@type":"ReadAction","target":["https:\/\/therooksbet.org\/de\/anmeldung-und-registrierung\/"]}]},{"@type":"BreadcrumbList","@id":"https:\/\/therooksbet.org\/de\/anmeldung-und-registrierung\/#breadcrumb","itemListElement":[{"@type":"ListItem","position":1,"name":"Rooksbet","item":"https:\/\/therooksbet.org\/de\/"},{"@type":"ListItem","position":2,"name":"Anmeldung und Registrierung"}]},{"@type":"WebSite","@id":"https:\/\/therooksbet.org\/de\/#website","url":"https:\/\/therooksbet.org\/de\/","name":"Rooksbet","description":"","publisher":{"@id":"https:\/\/therooksbet.org\/de\/#organization"},"potentialAction":[{"@type":"SearchAction","target":{"@type":"EntryPoint","urlTemplate":"https:\/\/therooksbet.org\/de\/?s={search_term_string}"},"query-input":{"@type":"PropertyValueSpecification","valueRequired":true,"valueName":"search_term_string"}}],"inLanguage":"de"},{"@type":"Organization","@id":"https:\/\/therooksbet.org\/de\/#organization","name":"Rooksbet","url":"https:\/\/therooksbet.org\/de\/","logo":{"@type":"ImageObject","inLanguage":"de","@id":"https:\/\/therooksbet.org\/de\/#\/schema\/logo\/image\/","url":"https:\/\/therooksbet.org\/wp-content\/uploads\/2026\/03\/80u1FaquEZeR6OUTeJCc.png.webp","contentUrl":"https:\/\/therooksbet.org\/wp-content\/uploads\/2026\/03\/80u1FaquEZeR6OUTeJCc.png.webp","width":167,"height":44,"caption":"Rooksbet"},"image":{"@id":"https:\/\/therooksbet.org\/de\/#\/schema\/logo\/image\/"}}]}},"_links":{"self":[{"href":"https:\/\/therooksbet.org\/de\/wp-json\/wp\/v2\/pages\/1483","targetHints":{"allow":["GET"]}}],"collection":[{"href":"https:\/\/therooksbet.org\/de\/wp-json\/wp\/v2\/pages"}],"about":[{"href":"https:\/\/therooksbet.org\/de\/wp-json\/wp\/v2\/types\/page"}],"author":[{"embeddable":true,"href":"https:\/\/therooksbet.org\/de\/wp-json\/wp\/v2\/users\/1"}],"replies":[{"embeddable":true,"href":"https:\/\/therooksbet.org\/de\/wp-json\/wp\/v2\/comments?post=1483"}],"version-history":[{"count":3,"href":"https:\/\/therooksbet.org\/de\/wp-json\/wp\/v2\/pages\/1483\/revisions"}],"predecessor-version":[{"id":2086,"href":"https:\/\/therooksbet.org\/de\/wp-json\/wp\/v2\/pages\/1483\/revisions\/2086"}],"wp:attachment":[{"href":"https:\/\/therooksbet.org\/de\/wp-json\/wp\/v2\/media?parent=1483"}],"curies":[{"name":"wp","href":"https:\/\/api.w.org\/{rel}","templated":true}]}}