{"id":1449,"date":"2026-01-20T12:08:23","date_gmt":"2026-01-20T12:08:23","guid":{"rendered":"https:\/\/bonuskongcasino.com\/app-2\/"},"modified":"2026-03-12T12:09:12","modified_gmt":"2026-03-12T12:09:12","slug":"aplicacion","status":"publish","type":"page","link":"https:\/\/therooksbet.org\/es\/aplicacion\/","title":{"rendered":"Aplicaci\u00f3n"},"content":{"rendered":"<h1>Plataforma m\u00f3vil Rooksbet<\/h1>\n<p>Con nuestro casino en l\u00ednea, no hay limitaciones para los clientes espa\u00f1oles. Si quieres jugar sobre la marcha, te ofrecemos una c\u00f3moda Rooksbet App que es compatible con todos los dispositivos Android e iOS modernos. La instalaci\u00f3n solo requiere una conexi\u00f3n a Internet estable y un dispositivo m\u00f3vil moderno. No ocupar\u00e1 mucho espacio en tu smartphone o tableta.<\/p>\n<div class=\"banner-wrap\" aria-label=\"Banner\"><img src=\"https:\/\/therooksbet.org\/wp-content\/uploads\/Rooksbet-banner-desktop.webp\" class=\"w-100 d-none d-lg-block img-pc main-banner-img\" alt=\"Rooksbet banner desktop\" fetchpriority=\"high\" decoding=\"async\"><img src=\"https:\/\/therooksbet.org\/wp-content\/uploads\/2026\/03\/eOLy2N8LgH3NW5QxswwX-300x300-1.png\" class=\"w-100 d-none d-md-block d-lg-none main-banner-img\" alt=\"rooksbet mobile banner\" fetchpriority=\"high\" decoding=\"async\"><img src=\"https:\/\/therooksbet.org\/wp-content\/uploads\/2026\/03\/eOLy2N8LgH3NW5QxswwX-300x300-1.png\" class=\"w-100 d-md-none\" alt=\"rooksbet mobile banner\" fetchpriority=\"high\" decoding=\"async\"><div class=\"banner-description\">\n<div class=\"banner-title\">Bonos de bienvenida<\/div>\n<p class=\"banner-header-title\">1500 \u20ac<\/p>\n<div class=\"banner-header-AdditionalText\">+ 250 Tiradas gratis<\/div>\n<button data-item=\"homepage_banner_link\" class=\"goto m-button m-gradient-border m-button--primary m-button--large banner-button btn-orange\">\n            <div class=\"m-button-content\">\n                <span>Reg\u00edstrate ahora<\/span>\n                <span><\/span>\n            <\/div>\n        <\/button>\n<\/div>\n<div class=\"WelcomePack\">\n<p><img loading=\"lazy\" decoding=\"async\" class=\"alignnone size-full wp-image-1897\" src=\"https:\/\/therooksbet.org\/wp-content\/uploads\/2026\/03\/welcome-crown-1.png\" alt=\"welcome crown\" width=\"25\" height=\"26\" \/><\/p>\n<div class=\"WelcomePack-Info\">Reembolso semanal de hasta el 25 %<\/div>\n<p><img loading=\"lazy\" decoding=\"async\" class=\"alignnone size-full wp-image-1897\" src=\"https:\/\/therooksbet.org\/wp-content\/uploads\/2026\/03\/welcome-crown-1.png\" alt=\"welcome crown\" width=\"25\" height=\"26\" \/><\/p>\n<\/div>\n<\/div>\n<h2>Caracter\u00edsticas principales del casino m\u00f3vil<\/h2>\n<p>M\u00e1s del 80 % de los usuarios prefieren utilizar sus sitios web y juegos favoritos sobre la marcha. Para que esto sea posible, las marcas deben ofrecer a sus clientes versiones m\u00f3viles de sus fuentes favoritas. Rooks Bet Casino no es una excepci\u00f3n. Nuestro sitio web est\u00e1 disponible en cualquier navegador m\u00f3vil, incluidos Google Chrome y Safari. Obtendr\u00e1 la misma experiencia de juego que en un ordenador de sobremesa.<\/p>\n<p>Tambi\u00e9n hay otra opci\u00f3n para disfrutar de una experiencia de juego m\u00e1s personalizada: la aplicaci\u00f3n Rooksbet. Tiene un dise\u00f1o y una navegaci\u00f3n familiares, por lo que no tendr\u00e1s ning\u00fan problema al utilizarla. Todas las mismas funciones, incluidos los juegos, los pagos, el registro y mucho m\u00e1s, est\u00e1n disponibles all\u00ed.<\/p>\n<h3>Requisitos de la aplicaci\u00f3n<\/h3>\n<p>El software m\u00f3vil de Rooks Bet est\u00e1 desarrollado como una aplicaci\u00f3n web progresiva (PWA). No necesitas ninguna cuenta adicional en las tiendas de aplicaciones, ya que la instalaci\u00f3n se puede realizar directamente desde nuestro sitio web. Como cualquier aplicaci\u00f3n, Rooksbet Casino tiene requisitos espec\u00edficos que deben cumplirse para una instalaci\u00f3n y un uso del software satisfactorios.<\/p>\n<table>\n<tbody>\n<tr>\n<td>Requisito<\/td>\n<td>Detalles<\/td>\n<td>Por qu\u00e9 es importante<\/td>\n<\/tr>\n<tr>\n<td>Navegador m\u00f3vil moderno<\/td>\n<td>Recomendamos utilizar las \u00faltimas versiones de Chrome, Safari o Firefox<\/td>\n<td>Garantiza una compatibilidad total y un rendimiento fluido<\/td>\n<\/tr>\n<tr>\n<td>Conexi\u00f3n a Internet estable<\/td>\n<td>La mejor opci\u00f3n es el wifi, pero tambi\u00e9n es ideal una conexi\u00f3n 4G o 5G de alta velocidad<\/td>\n<td>Evita interrupciones durante el juego y las transacciones<\/td>\n<\/tr>\n<tr>\n<td>JavaScript habilitado<\/td>\n<td>Debe activarlo en la configuraci\u00f3n del navegador<\/td>\n<td>Permite que la interfaz de la aplicaci\u00f3n y las funciones del juego funcionen correctamente<\/td>\n<\/tr>\n<tr>\n<td>Almacenamiento suficiente en el dispositivo<\/td>\n<td>La aplicaci\u00f3n solo utiliza una peque\u00f1a cantidad de espacio libre para los datos almacenados en cach\u00e9<\/td>\n<td>Permite tiempos de carga m\u00e1s r\u00e1pidos y elementos sin conexi\u00f3n<\/td>\n<\/tr>\n<tr>\n<td>Sistema operativo actualizado<\/td>\n<td>Es mejor tener una versi\u00f3n reciente de Android o iOS<\/td>\n<td>Garantiza actualizaciones de seguridad y una integraci\u00f3n \u00f3ptima del sistema<\/td>\n<\/tr>\n<\/tbody>\n<\/table>\n<p><div class=\"scrollable-content-wrap my-5\"><div class=\"scrollable-content-inner\"><h2>Aplicaci\u00f3n Rooksbet para Android<\/h2>\n<p>No importa qu\u00e9 modelo exacto de dispositivo Android tengas, siempre tendr\u00e1s la oportunidad de utilizar nuestro casino m\u00f3vil. Solo tienes que visitar la plataforma en cualquier navegador que prefieras o instalar una aplicaci\u00f3n espec\u00edfica. En Rooksbet Casino, no te limitamos en cuanto a qu\u00e9 elegir o c\u00f3mo combinar estas opciones. Lo principal es que utilices la misma cuenta para todos tus dispositivos.<\/p>\n<p>La aplicaci\u00f3n Rooks Bet y el sitio web m\u00f3vil se adaptar\u00e1n perfectamente al tama\u00f1o y la resoluci\u00f3n de tu pantalla. Han sido dise\u00f1ados con una funcionalidad especial de control t\u00e1ctil que te ayudar\u00e1 a disfrutar al m\u00e1ximo mientras juegas.<\/p>\n<h3>Instalaci\u00f3n paso a paso<\/h3>\n<p>Cada usuario puede decidir por s\u00ed mismo qu\u00e9 opciones elegir. Solo podemos decir que la aplicaci\u00f3n Rooksbet ofrece una experiencia m\u00e1s personalizada. Tendr\u00e1s acceso a todas las funciones necesarias con un solo clic desde tu pantalla de inicio. Los usuarios tambi\u00e9n pueden configurar notificaciones para cualquier actualizaci\u00f3n, progreso de bonificaciones o lanzamientos de nuevos juegos.<\/p>\n<p>Nuestras instrucciones a continuaci\u00f3n te ayudar\u00e1n a instalar la aplicaci\u00f3n correctamente sin ning\u00fan problema:<\/p>\n<ol>\n<li>Visita nuestro sitio web en tu smartphone o tableta Android. Es muy importante que la instales desde el sitio web oficial para evitar fraudes.<\/li>\n<li>Ve a la configuraci\u00f3n del navegador haciendo clic en el bot\u00f3n \u00abM\u00e1s\u00bb, que tiene el aspecto de tres puntos verticales.<\/li>\n<li>En el men\u00fa, busca y haz clic en \u00abA\u00f1adir a la pantalla de inicio\u00bb.<\/li>\n<li>Personaliza el icono de Rooksbet si es necesario. Puedes cambiar su nombre y apariencia.<\/li>\n<li>Haz clic en \u00abA\u00f1adir\u00bb para confirmar la acci\u00f3n. El icono aparecer\u00e1 inmediatamente en tu pantalla de inicio.<\/li>\n<\/ol>\n<p><img loading=\"lazy\" decoding=\"async\" class=\"alignnone size-full wp-image-1956\" src=\"https:\/\/therooksbet.org\/wp-content\/uploads\/2026\/03\/Rooksbet-Android-App.webp\" alt=\"Rooksbet Android App\" width=\"1248\" height=\"536\" srcset=\"https:\/\/therooksbet.org\/wp-content\/uploads\/2026\/03\/Rooksbet-Android-App.webp 1248w, https:\/\/therooksbet.org\/wp-content\/uploads\/2026\/03\/Rooksbet-Android-App-300x129.webp 300w, https:\/\/therooksbet.org\/wp-content\/uploads\/2026\/03\/Rooksbet-Android-App-1024x440.webp 1024w, https:\/\/therooksbet.org\/wp-content\/uploads\/2026\/03\/Rooksbet-Android-App-768x330.webp 768w\" sizes=\"auto, (max-width: 1248px) 100vw, 1248px\" \/><\/p>\n<\/div><\/div><div style=\"clear: both\"><\/div><div class=\"d-flex justify-content-center\"><button data-item=\"decouvrez_link\" data-group=\"website_links\" class=\"goto fw-bold rounded-pill btn btn-orange\" aria-label=\"Descarga la aplicaci\u00f3n Rooksbet\" >Descarga la aplicaci\u00f3n Rooksbet<\/button><\/div><div class=\"scrollable-content-wrap my-5\"><div class=\"scrollable-content-inner\"><h2>Jugar en iPhone y iPad<\/h2>\n<p>Si tienes un iPhone o un iPad, tienes la suerte de poder utilizar nuestro casino online en tu dispositivo m\u00f3vil. A algunos jugadores les preocupa que solo haya unos pocos juegos disponibles en la versi\u00f3n m\u00f3vil, pero eso es una idea err\u00f3nea. La aplicaci\u00f3n Rooksbet Casino cuenta con m\u00e1s de 6.000 t\u00edtulos, incluyendo tragamonedas online, juegos de mesa, t\u00edtulos de casino en vivo y opciones de ganancia instant\u00e1nea.<\/p>\n<p>Debido a las restricciones de la App Store sobre las aplicaciones de casino, nuestro software m\u00f3vil est\u00e1 disponible para su instalaci\u00f3n directamente desde el sitio web oficial. Probamos regularmente la aplicaci\u00f3n Rooksbet y podemos garantizar que es completamente segura para tu dispositivo.<\/p>\n<p>El proceso de instalaci\u00f3n para un dispositivo iOS es sencillo y requiere unos 3 minutos de tu tiempo. En nuestro sitio web, ve al pie de p\u00e1gina de la p\u00e1gina principal y haz clic en el bot\u00f3n \u00abAplicaci\u00f3n de casino\u00bb. En la p\u00e1gina que aparece, los usuarios deben seleccionar \u00abInstalar\u00bb. En unos segundos, el icono de Rooks Bet aparecer\u00e1 en tu pantalla de inicio.<\/p>\n<p><img loading=\"lazy\" decoding=\"async\" class=\"alignnone size-full wp-image-1964\" src=\"https:\/\/therooksbet.org\/wp-content\/uploads\/2026\/03\/Rooksbet-iOS-App.webp\" alt=\"Rooksbet iOS App\" width=\"1248\" height=\"536\" srcset=\"https:\/\/therooksbet.org\/wp-content\/uploads\/2026\/03\/Rooksbet-iOS-App.webp 1248w, https:\/\/therooksbet.org\/wp-content\/uploads\/2026\/03\/Rooksbet-iOS-App-300x129.webp 300w, https:\/\/therooksbet.org\/wp-content\/uploads\/2026\/03\/Rooksbet-iOS-App-1024x440.webp 1024w, https:\/\/therooksbet.org\/wp-content\/uploads\/2026\/03\/Rooksbet-iOS-App-768x330.webp 768w\" sizes=\"auto, (max-width: 1248px) 100vw, 1248px\" \/><\/p>\n<\/div><\/div><div style=\"clear: both\"><\/div><div class=\"d-flex justify-content-center\"><button data-item=\"decouvrez_link\" data-group=\"website_links\" class=\"goto fw-bold rounded-pill btn btn-orange\" aria-label=\"Descarga la aplicaci\u00f3n Rooksbet\" >Descarga la aplicaci\u00f3n Rooksbet<\/button><\/div><div class=\"scrollable-content-wrap my-5\"><div class=\"scrollable-content-inner\"><h2>Rooksbet Casino para Windows y macOS<\/h2>\n<p>Todos nuestros clientes tambi\u00e9n pueden utilizar Rooksbet Casino en sus ordenadores personales o port\u00e1tiles. Somos compatibles con todos los dispositivos con sistemas operativos Windows y macOS. Al igual que con los dispositivos m\u00f3viles, la plataforma se optimizar\u00e1 para su pantalla.<\/p>\n<p>Para acceder m\u00e1s r\u00e1pidamente a nuestro sitio web, puede instalar el icono de acceso directo. Esta funci\u00f3n est\u00e1 disponible en cualquier navegador moderno. Este paso le permitir\u00e1 evitar tener que ir al navegador y buscar nuestro casino en l\u00ednea. Si tiene alguna pregunta sobre el proceso de instalaci\u00f3n, puede ponerse en contacto con el equipo de asistencia multiling\u00fce de Rooksbet a trav\u00e9s del chat en vivo o por correo electr\u00f3nico.<\/p>\n<p><img loading=\"lazy\" decoding=\"async\" class=\"alignnone size-full wp-image-1972\" src=\"https:\/\/therooksbet.org\/wp-content\/uploads\/2026\/03\/Rooksbet-Desktop.webp\" alt=\"Rooksbet Desktop\" width=\"1248\" height=\"536\" srcset=\"https:\/\/therooksbet.org\/wp-content\/uploads\/2026\/03\/Rooksbet-Desktop.webp 1248w, https:\/\/therooksbet.org\/wp-content\/uploads\/2026\/03\/Rooksbet-Desktop-300x129.webp 300w, https:\/\/therooksbet.org\/wp-content\/uploads\/2026\/03\/Rooksbet-Desktop-1024x440.webp 1024w, https:\/\/therooksbet.org\/wp-content\/uploads\/2026\/03\/Rooksbet-Desktop-768x330.webp 768w\" sizes=\"auto, (max-width: 1248px) 100vw, 1248px\" \/><\/p>\n<\/div><\/div><div style=\"clear: both\"><\/div><div class=\"d-flex justify-content-center\"><button data-item=\"decouvrez_link\" data-group=\"website_links\" class=\"goto fw-bold rounded-pill btn btn-orange\" aria-label=\"Descarga la aplicaci\u00f3n Rooksbet\" >Descarga la aplicaci\u00f3n Rooksbet<\/button><\/div><div class=\"scrollable-content-wrap my-5\"><div class=\"scrollable-content-inner\"><h2>Preguntas frecuentes<\/h2>\n<h3>\u00bfEl proceso de verificaci\u00f3n tambi\u00e9n es necesario para los usuarios de dispositivos m\u00f3viles?<\/h3>\n<p>Si realiza su primer retiro en la aplicaci\u00f3n m\u00f3vil, deber\u00e1 completar el proceso de verificaci\u00f3n. El procedimiento es el mismo que en la versi\u00f3n de escritorio. Una vez completado, no tendr\u00e1 m\u00e1s retrasos en los retiros de efectivo.<\/p>\n<h3>\u00bfAl desinstalar la aplicaci\u00f3n Rooksbet se elimina mi cuenta?<\/h3>\n<p>Si decides pausar o dejar de usar el software m\u00f3vil, eso no cambiar\u00e1 nada en tu perfil. Todos tus logros y tu saldo se guardar\u00e1n, por lo que podr\u00e1s jugar desde un PC o reinstalar la aplicaci\u00f3n en el futuro.<\/p>\n<h3>\u00bfEl software m\u00f3vil es seguro y fiable?<\/h3>\n<p>Todos tus datos personales est\u00e1n protegidos por sistemas de cifrado TLS 1.3. Utilizamos innovadores cortafuegos de aplicaciones web para bloquear los intentos sospechosos dirigidos al software. En Rooks Bet Casino, puedes jugar sin preocupaciones adicionales.<\/p>\n<\/div><\/div><\/p>\n","protected":false},"excerpt":{"rendered":"<p>Plataforma m\u00f3vil Rooksbet Con nuestro casino en l\u00ednea, no hay limitaciones para los clientes espa\u00f1oles. Si quieres jugar sobre la marcha, te ofrecemos una c\u00f3moda Rooksbet App que es compatible con todos los dispositivos Android e iOS modernos. La instalaci\u00f3n solo requiere una conexi\u00f3n a Internet estable y un dispositivo m\u00f3vil moderno. No ocupar\u00e1 mucho [&hellip;]<\/p>\n","protected":false},"author":1,"featured_media":0,"parent":0,"menu_order":0,"comment_status":"closed","ping_status":"closed","template":"template-builder.php","meta":{"_acf_changed":false,"inline_featured_image":false,"footnotes":""},"class_list":["post-1449","page","type-page","status-publish","hentry"],"acf":[],"yoast_head":"<!-- This site is optimized with the Yoast SEO plugin v27.3 - https:\/\/yoast.com\/product\/yoast-seo-wordpress\/ -->\n<title>Rooksbet App | App Oficial para Android &amp; iOS<\/title>\n<meta name=\"description\" content=\"Rooksbet App \u2013 descarga la aplicaci\u00f3n oficial para Android e iOS para jugar tragamonedas, juegos de mesa y casino en vivo en cualquier lugar. Disfruta de un rendimiento fluido y acceso completo a tu cuenta con Rooks Bet.\" \/>\n<meta name=\"robots\" content=\"index, follow, max-snippet:-1, max-image-preview:large, max-video-preview:-1\" \/>\n<link rel=\"canonical\" href=\"https:\/\/therooksbet.org\/es\/aplicacion\/\" \/>\n<meta property=\"og:locale\" content=\"es_ES\" \/>\n<meta property=\"og:type\" content=\"article\" \/>\n<meta property=\"og:title\" content=\"Rooksbet App | App Oficial para Android &amp; iOS\" \/>\n<meta property=\"og:description\" content=\"Rooksbet App \u2013 descarga la aplicaci\u00f3n oficial para Android e iOS para jugar tragamonedas, juegos de mesa y casino en vivo en cualquier lugar. Disfruta de un rendimiento fluido y acceso completo a tu cuenta con Rooks Bet.\" \/>\n<meta property=\"og:url\" content=\"https:\/\/therooksbet.org\/es\/aplicacion\/\" \/>\n<meta property=\"og:site_name\" content=\"rooksbet\" \/>\n<meta property=\"article:modified_time\" content=\"2026-03-12T12:09:12+00:00\" \/>\n<meta name=\"twitter:card\" content=\"summary_large_image\" \/>\n<meta name=\"twitter:label1\" content=\"Est. reading time\" \/>\n\t<meta name=\"twitter:data1\" content=\"2 minutes\" \/>\n<script type=\"application\/ld+json\" class=\"yoast-schema-graph\">{\"@context\":\"https:\\\/\\\/schema.org\",\"@graph\":[{\"@type\":\"WebPage\",\"@id\":\"https:\\\/\\\/therooksbet.org\\\/es\\\/aplicacion\\\/\",\"url\":\"https:\\\/\\\/therooksbet.org\\\/es\\\/aplicacion\\\/\",\"name\":\"Rooksbet App | App Oficial para Android & iOS\",\"isPartOf\":{\"@id\":\"https:\\\/\\\/therooksbet.org\\\/es\\\/#website\"},\"datePublished\":\"2026-01-20T12:08:23+00:00\",\"dateModified\":\"2026-03-12T12:09:12+00:00\",\"description\":\"Rooksbet App \u2013 descarga la aplicaci\u00f3n oficial para Android e iOS para jugar tragamonedas, juegos de mesa y casino en vivo en cualquier lugar. Disfruta de un rendimiento fluido y acceso completo a tu cuenta con Rooks Bet.\",\"breadcrumb\":{\"@id\":\"https:\\\/\\\/therooksbet.org\\\/es\\\/aplicacion\\\/#breadcrumb\"},\"inLanguage\":\"es-ES\",\"potentialAction\":[{\"@type\":\"ReadAction\",\"target\":[\"https:\\\/\\\/therooksbet.org\\\/es\\\/aplicacion\\\/\"]}]},{\"@type\":\"BreadcrumbList\",\"@id\":\"https:\\\/\\\/therooksbet.org\\\/es\\\/aplicacion\\\/#breadcrumb\",\"itemListElement\":[{\"@type\":\"ListItem\",\"position\":1,\"name\":\"Rooksbet\",\"item\":\"https:\\\/\\\/therooksbet.org\\\/es\\\/\"},{\"@type\":\"ListItem\",\"position\":2,\"name\":\"Aplicaci\u00f3n\"}]},{\"@type\":\"WebSite\",\"@id\":\"https:\\\/\\\/therooksbet.org\\\/es\\\/#website\",\"url\":\"https:\\\/\\\/therooksbet.org\\\/es\\\/\",\"name\":\"Rooksbet\",\"description\":\"\",\"publisher\":{\"@id\":\"https:\\\/\\\/therooksbet.org\\\/es\\\/#organization\"},\"potentialAction\":[{\"@type\":\"SearchAction\",\"target\":{\"@type\":\"EntryPoint\",\"urlTemplate\":\"https:\\\/\\\/therooksbet.org\\\/es\\\/?s={search_term_string}\"},\"query-input\":{\"@type\":\"PropertyValueSpecification\",\"valueRequired\":true,\"valueName\":\"search_term_string\"}}],\"inLanguage\":\"es-ES\"},{\"@type\":\"Organization\",\"@id\":\"https:\\\/\\\/therooksbet.org\\\/es\\\/#organization\",\"name\":\"Rooksbet\",\"url\":\"https:\\\/\\\/therooksbet.org\\\/es\\\/\",\"logo\":{\"@type\":\"ImageObject\",\"inLanguage\":\"es-ES\",\"@id\":\"https:\\\/\\\/therooksbet.org\\\/es\\\/#\\\/schema\\\/logo\\\/image\\\/\",\"url\":\"https:\\\/\\\/therooksbet.org\\\/wp-content\\\/uploads\\\/2026\\\/03\\\/80u1FaquEZeR6OUTeJCc.png.webp\",\"contentUrl\":\"https:\\\/\\\/therooksbet.org\\\/wp-content\\\/uploads\\\/2026\\\/03\\\/80u1FaquEZeR6OUTeJCc.png.webp\",\"width\":167,\"height\":44,\"caption\":\"Rooksbet\"},\"image\":{\"@id\":\"https:\\\/\\\/therooksbet.org\\\/es\\\/#\\\/schema\\\/logo\\\/image\\\/\"}}]}<\/script>\n<!-- \/ Yoast SEO plugin. -->","yoast_head_json":{"title":"Rooksbet App | App Oficial para Android & iOS","description":"Rooksbet App \u2013 descarga la aplicaci\u00f3n oficial para Android e iOS para jugar tragamonedas, juegos de mesa y casino en vivo en cualquier lugar. Disfruta de un rendimiento fluido y acceso completo a tu cuenta con Rooks Bet.","robots":{"index":"index","follow":"follow","max-snippet":"max-snippet:-1","max-image-preview":"max-image-preview:large","max-video-preview":"max-video-preview:-1"},"canonical":"https:\/\/therooksbet.org\/es\/aplicacion\/","og_locale":"es_ES","og_type":"article","og_title":"Rooksbet App | App Oficial para Android & iOS","og_description":"Rooksbet App \u2013 descarga la aplicaci\u00f3n oficial para Android e iOS para jugar tragamonedas, juegos de mesa y casino en vivo en cualquier lugar. Disfruta de un rendimiento fluido y acceso completo a tu cuenta con Rooks Bet.","og_url":"https:\/\/therooksbet.org\/es\/aplicacion\/","og_site_name":"rooksbet","article_modified_time":"2026-03-12T12:09:12+00:00","twitter_card":"summary_large_image","twitter_misc":{"Est. reading time":"2 minutes"},"schema":{"@context":"https:\/\/schema.org","@graph":[{"@type":"WebPage","@id":"https:\/\/therooksbet.org\/es\/aplicacion\/","url":"https:\/\/therooksbet.org\/es\/aplicacion\/","name":"Rooksbet App | App Oficial para Android & iOS","isPartOf":{"@id":"https:\/\/therooksbet.org\/es\/#website"},"datePublished":"2026-01-20T12:08:23+00:00","dateModified":"2026-03-12T12:09:12+00:00","description":"Rooksbet App \u2013 descarga la aplicaci\u00f3n oficial para Android e iOS para jugar tragamonedas, juegos de mesa y casino en vivo en cualquier lugar. Disfruta de un rendimiento fluido y acceso completo a tu cuenta con Rooks Bet.","breadcrumb":{"@id":"https:\/\/therooksbet.org\/es\/aplicacion\/#breadcrumb"},"inLanguage":"es-ES","potentialAction":[{"@type":"ReadAction","target":["https:\/\/therooksbet.org\/es\/aplicacion\/"]}]},{"@type":"BreadcrumbList","@id":"https:\/\/therooksbet.org\/es\/aplicacion\/#breadcrumb","itemListElement":[{"@type":"ListItem","position":1,"name":"Rooksbet","item":"https:\/\/therooksbet.org\/es\/"},{"@type":"ListItem","position":2,"name":"Aplicaci\u00f3n"}]},{"@type":"WebSite","@id":"https:\/\/therooksbet.org\/es\/#website","url":"https:\/\/therooksbet.org\/es\/","name":"Rooksbet","description":"","publisher":{"@id":"https:\/\/therooksbet.org\/es\/#organization"},"potentialAction":[{"@type":"SearchAction","target":{"@type":"EntryPoint","urlTemplate":"https:\/\/therooksbet.org\/es\/?s={search_term_string}"},"query-input":{"@type":"PropertyValueSpecification","valueRequired":true,"valueName":"search_term_string"}}],"inLanguage":"es-ES"},{"@type":"Organization","@id":"https:\/\/therooksbet.org\/es\/#organization","name":"Rooksbet","url":"https:\/\/therooksbet.org\/es\/","logo":{"@type":"ImageObject","inLanguage":"es-ES","@id":"https:\/\/therooksbet.org\/es\/#\/schema\/logo\/image\/","url":"https:\/\/therooksbet.org\/wp-content\/uploads\/2026\/03\/80u1FaquEZeR6OUTeJCc.png.webp","contentUrl":"https:\/\/therooksbet.org\/wp-content\/uploads\/2026\/03\/80u1FaquEZeR6OUTeJCc.png.webp","width":167,"height":44,"caption":"Rooksbet"},"image":{"@id":"https:\/\/therooksbet.org\/es\/#\/schema\/logo\/image\/"}}]}},"_links":{"self":[{"href":"https:\/\/therooksbet.org\/es\/wp-json\/wp\/v2\/pages\/1449","targetHints":{"allow":["GET"]}}],"collection":[{"href":"https:\/\/therooksbet.org\/es\/wp-json\/wp\/v2\/pages"}],"about":[{"href":"https:\/\/therooksbet.org\/es\/wp-json\/wp\/v2\/types\/page"}],"author":[{"embeddable":true,"href":"https:\/\/therooksbet.org\/es\/wp-json\/wp\/v2\/users\/1"}],"replies":[{"embeddable":true,"href":"https:\/\/therooksbet.org\/es\/wp-json\/wp\/v2\/comments?post=1449"}],"version-history":[{"count":4,"href":"https:\/\/therooksbet.org\/es\/wp-json\/wp\/v2\/pages\/1449\/revisions"}],"predecessor-version":[{"id":2116,"href":"https:\/\/therooksbet.org\/es\/wp-json\/wp\/v2\/pages\/1449\/revisions\/2116"}],"wp:attachment":[{"href":"https:\/\/therooksbet.org\/es\/wp-json\/wp\/v2\/media?parent=1449"}],"curies":[{"name":"wp","href":"https:\/\/api.w.org\/{rel}","templated":true}]}}