{"id":1487,"date":"2026-01-20T12:11:11","date_gmt":"2026-01-20T12:11:11","guid":{"rendered":"https:\/\/bonuskongcasino.com\/login-and-registration\/"},"modified":"2026-03-12T12:11:30","modified_gmt":"2026-03-12T12:11:30","slug":"inicio-de-sesion-y-registro","status":"publish","type":"page","link":"https:\/\/therooksbet.org\/es\/inicio-de-sesion-y-registro\/","title":{"rendered":"Inicio de sesi\u00f3n y Registro"},"content":{"rendered":"<h1>Inicio de sesi\u00f3n en Rooksbet Casino<\/h1>\n<p>Si tienes 18 a\u00f1os o m\u00e1s y quieres jugar con dinero real en uno de los mejores casinos online, solo te separa de este paso el Rooksbet login. El proceso es sencillo y solo lleva unos minutos. Para crear una cuenta, los usuarios espa\u00f1oles solo tienen que proporcionar una direcci\u00f3n de correo electr\u00f3nico v\u00e1lida y crear una contrase\u00f1a.<\/p>\n<p><div class=\"banner-wrap\" aria-label=\"Banner\"><img src=\"https:\/\/therooksbet.org\/wp-content\/uploads\/Rooksbet-banner-desktop.webp\" class=\"w-100 d-none d-lg-block img-pc main-banner-img\" alt=\"Rooksbet banner desktop\" fetchpriority=\"high\" decoding=\"async\"><img src=\"https:\/\/therooksbet.org\/wp-content\/uploads\/2026\/03\/eOLy2N8LgH3NW5QxswwX-300x300-1.png\" class=\"w-100 d-none d-md-block d-lg-none main-banner-img\" alt=\"rooksbet mobile banner\" fetchpriority=\"high\" decoding=\"async\"><img src=\"https:\/\/therooksbet.org\/wp-content\/uploads\/2026\/03\/eOLy2N8LgH3NW5QxswwX-300x300-1.png\" class=\"w-100 d-md-none\" alt=\"rooksbet mobile banner\" fetchpriority=\"high\" decoding=\"async\"><div class=\"banner-description\">\n<div class=\"banner-title\">Bonos de bienvenida<\/div>\n<p class=\"banner-header-title\">1500 \u20ac<\/p>\n<div class=\"banner-header-AdditionalText\">+ 250 Tiradas gratis<\/div>\n<button data-item=\"homepage_banner_link\" class=\"goto m-button m-gradient-border m-button--primary m-button--large banner-button btn-orange\">\n            <div class=\"m-button-content\">\n                <span>Reg\u00edstrate ahora<\/span>\n                <span><\/span>\n            <\/div>\n        <\/button>\n<\/div>\n<div class=\"WelcomePack\">\n<p><img loading=\"lazy\" decoding=\"async\" class=\"alignnone size-full wp-image-1897\" src=\"https:\/\/therooksbet.org\/wp-content\/uploads\/2026\/03\/welcome-crown-1.png\" alt=\"welcome crown\" width=\"25\" height=\"26\" \/><\/p>\n<div class=\"WelcomePack-Info\">Reembolso semanal de hasta el 25 %<\/div>\n<p><img loading=\"lazy\" decoding=\"async\" class=\"alignnone size-full wp-image-1897\" src=\"https:\/\/therooksbet.org\/wp-content\/uploads\/2026\/03\/welcome-crown-1.png\" alt=\"welcome crown\" width=\"25\" height=\"26\" \/><\/p>\n<\/div>\n<\/div><div class=\"scrollable-content-wrap my-5\"><div class=\"scrollable-content-inner\"><h2>Registro en Rooksbet Casino<\/h2>\n<p>La plataforma del casino Rooks Bet est\u00e1 disponible para todos los usuarios, tengan o no una cuenta. La principal diferencia es que, con una cuenta, puedes acceder a todas las fant\u00e1sticas funciones que ofrece la plataforma. Lo m\u00e1s importante es que solo los usuarios registrados pueden realizar dep\u00f3sitos, jugar con dinero real y retirar sus ganancias. El resto de usuarios pueden probar los t\u00edtulos de Rooksbet en modo demo sin arriesgar dinero.<\/p>\n<p>En la tabla siguiente, los usuarios encontrar\u00e1n informaci\u00f3n adicional sobre las principales ventajas que ofrece una cuenta.<\/p>\n<table>\n<tbody>\n<tr>\n<td>Ventajas del registro<\/td>\n<td>Qu\u00e9 significa<\/td>\n<\/tr>\n<tr>\n<td>Acceso a bonificaciones<\/td>\n<td>Los usuarios pueden reclamar el paquete de bienvenida, bonificaciones por recarga, reembolsos y otras promociones exclusivas.<\/td>\n<\/tr>\n<tr>\n<td>Dep\u00f3sitos y retiradas seguros<\/td>\n<td>Tienes la oportunidad de gestionar los pagos de forma segura y retirar las ganancias mediante m\u00e9todos verificados.<\/td>\n<\/tr>\n<tr>\n<td>Panel de control de la cuenta personal<\/td>\n<td>En su cuenta, puede realizar un seguimiento del saldo, los bonos, el historial de transacciones y la actividad de juego.<\/td>\n<\/tr>\n<tr>\n<td>Herramientas de juego responsable<\/td>\n<td>Para mayor seguridad, los jugadores pueden establecer l\u00edmites financieros o de tiempo, per\u00edodos de reflexi\u00f3n u opciones de autoexclusi\u00f3n.<\/td>\n<\/tr>\n<tr>\n<td>Asistencia m\u00e1s r\u00e1pida<\/td>\n<td>Los usuarios reciben ayuda personalizada, ya que el equipo de asistencia puede acceder a los detalles de su cuenta.<\/td>\n<\/tr>\n<tr>\n<td>Preferencias guardadas<\/td>\n<td>Tus juegos favoritos, ajustes y m\u00e9todos de pago se guardan para futuras sesiones.<\/td>\n<\/tr>\n<\/tbody>\n<\/table>\n<h3>Proceso de instalaci\u00f3n detallado<\/h3>\n<p>Si decides que es hora de crear una cuenta en Rooksbet, estaremos encantados de ayudarte. La regla principal de nuestra plataforma es que debes ser mayor de 18 a\u00f1os. Los jugadores solo pueden tener una cuenta en la plataforma. Este es un paso importante para evitar el fraude. Si deseas utilizar la aplicaci\u00f3n m\u00f3vil, solo tienes que completar el proceso de inicio de sesi\u00f3n en Rooks Bet con tu cuenta existente.<\/p>\n<p>Le recomendamos que siga nuestras instrucciones a continuaci\u00f3n para crear una cuenta de forma r\u00e1pida y sin preocupaciones:<\/p>\n<ol>\n<li>Los usuarios deben hacer clic en el bot\u00f3n correspondiente en la esquina superior derecha del lobby de Rooksbet Casino.<\/li>\n<li>Rellene sus datos personales en el formulario de registro: correo electr\u00f3nico y contrase\u00f1a. La contrase\u00f1a debe contener al menos 6 caracteres.<\/li>\n<li>Todos los jugadores deben leer los t\u00e9rminos y condiciones y aceptarlos. Adem\u00e1s, debe confirmar su edad.<\/li>\n<li>Haga clic en el bot\u00f3n \u00abReg\u00edstrate\u00bb al final del formulario para enviar el registro.<\/li>\n<\/ol>\n<p><img loading=\"lazy\" decoding=\"async\" class=\"alignnone size-full wp-image-1982\" src=\"https:\/\/therooksbet.org\/wp-content\/uploads\/2026\/03\/Rooksbet-Login.webp\" alt=\"Rooksbet Login\" width=\"1248\" height=\"536\" srcset=\"https:\/\/therooksbet.org\/wp-content\/uploads\/2026\/03\/Rooksbet-Login.webp 1248w, https:\/\/therooksbet.org\/wp-content\/uploads\/2026\/03\/Rooksbet-Login-300x129.webp 300w, https:\/\/therooksbet.org\/wp-content\/uploads\/2026\/03\/Rooksbet-Login-1024x440.webp 1024w, https:\/\/therooksbet.org\/wp-content\/uploads\/2026\/03\/Rooksbet-Login-768x330.webp 768w\" sizes=\"auto, (max-width: 1248px) 100vw, 1248px\" \/><\/p>\n<h2>Inicio de sesi\u00f3n en la cuenta y caracter\u00edsticas importantes<\/h2>\n<p>Los usuarios que ya tengan un perfil en nuestro sitio web o en la aplicaci\u00f3n solo tienen que iniciar sesi\u00f3n en Rooksbet. En este caso, deben proporcionar la direcci\u00f3n de correo electr\u00f3nico y la contrase\u00f1a que utilizaron al registrarse para crear una cuenta.<\/p>\n<p>Despu\u00e9s de acceder a la cuenta, le recomendamos que se familiarice con todas las interesantes funciones y herramientas de Rooks Bet Casino. Har\u00e1n que su experiencia sea m\u00e1s personalizada y c\u00f3moda. Si tiene una nueva direcci\u00f3n de correo electr\u00f3nico o se ha mudado a otro pa\u00eds, puede cambiarla en la configuraci\u00f3n del perfil con unos pocos clics.<\/p>\n<h3>Restablecer el acceso a la cuenta<\/h3>\n<p>El problema m\u00e1s com\u00fan durante el proceso de inicio de sesi\u00f3n en Rooksbet es que los jugadores olvidan su correo electr\u00f3nico o contrase\u00f1a. Pero hay una soluci\u00f3n para cualquier situaci\u00f3n. Si necesita restablecer la contrase\u00f1a, haga clic en el enlace \u00ab\u00bfOlvid\u00f3 su contrase\u00f1a?\u00bb en el formulario de inicio de sesi\u00f3n. Le enviaremos el enlace de restablecimiento por correo electr\u00f3nico. Para recuperar su correo electr\u00f3nico, p\u00f3ngase en contacto con nuestro equipo de asistencia multiling\u00fce a trav\u00e9s del chat en vivo o del correo electr\u00f3nico.<\/p>\n<h2>Seguridad de los datos personales en Rooks Bet<\/h2>\n<p>En Rooksbet nos tomamos muy en serio la seguridad y el juego limpio. Para nosotros es importante que puedas disfrutar de los juegos sin preocuparte por tu informaci\u00f3n personal o financiera. Por eso, todos los datos que compartes con nosotros est\u00e1n protegidos con el innovador cifrado 1.3 TLS. Esto los protege de terceros.<\/p>\n<p>Supervisamos constantemente la actividad en nuestra plataforma para prevenir el fraude y detectar actividades sospechosas. Adem\u00e1s, pedimos a todos nuestros clientes que completen el proceso de verificaci\u00f3n KYC antes de su primer retiro. Los usuarios deben subir copias de sus documentos personales al sistema de Rooksbet para demostrar su identidad, edad y titularidad de la cuenta de pago.<\/p>\n<h2>Preguntas frecuentes<\/h2>\n<h3>\u00bfPor qu\u00e9 mi cuenta est\u00e1 bloqueada temporalmente?<\/h3>\n<p>Siempre informamos a nuestros clientes cuando sus cuentas se bloquean temporalmente. Las principales razones pueden ser actividades sospechosas en su cuenta, incumplimiento de los t\u00e9rminos de los bonos de Rooksbet Casino o autoexclusi\u00f3n.<\/p>\n<h3>\u00bfCu\u00e1nto tiempo dura el proceso de verificaci\u00f3n de Rooks Bet?<\/h3>\n<p>La carga de los documentos no llevar\u00e1 m\u00e1s de unos minutos. A continuaci\u00f3n, nuestros gestores los revisar\u00e1n en un plazo de 48 horas. En la mayor\u00eda de los casos, se realiza m\u00e1s r\u00e1pidamente.<\/p>\n<h3>\u00bfPuedo habilitar o deshabilitar la autenticaci\u00f3n de dos factores?<\/h3>\n<p>Despu\u00e9s de completar el inicio de sesi\u00f3n en Rooksbet, puede habilitar la autenticaci\u00f3n de dos factores (2FA) para proteger su cuenta adicionalmente. Esto significa que cada vez que acceda a su perfil, deber\u00e1 verificar su identidad a trav\u00e9s de una aplicaci\u00f3n de autenticaci\u00f3n especial.<\/p>\n<\/div><\/div><\/p>\n","protected":false},"excerpt":{"rendered":"<p>Inicio de sesi\u00f3n en Rooksbet Casino Si tienes 18 a\u00f1os o m\u00e1s y quieres jugar con dinero real en uno de los mejores casinos online, solo te separa de este paso el Rooksbet login. El proceso es sencillo y solo lleva unos minutos. Para crear una cuenta, los usuarios espa\u00f1oles solo tienen que proporcionar una [&hellip;]<\/p>\n","protected":false},"author":1,"featured_media":0,"parent":0,"menu_order":0,"comment_status":"closed","ping_status":"closed","template":"template-builder.php","meta":{"_acf_changed":false,"inline_featured_image":false,"footnotes":""},"class_list":["post-1487","page","type-page","status-publish","hentry"],"acf":[],"yoast_head":"<!-- This site is optimized with the Yoast SEO plugin v27.3 - https:\/\/yoast.com\/product\/yoast-seo-wordpress\/ -->\n<title>Rooksbet Login \u2013 Inicia sesi\u00f3n en tu cuenta de casino de forma segura<\/title>\n<meta name=\"description\" content=\"Rooksbet Login \u2013 inicia sesi\u00f3n de forma segura en tu cuenta de casino con acceso encriptado y verificaci\u00f3n r\u00e1pida. Gestiona la recuperaci\u00f3n de contrase\u00f1a, ajustes de perfil y herramientas de cuenta f\u00e1cilmente en Rooks Bet.\" \/>\n<meta name=\"robots\" content=\"index, follow, max-snippet:-1, max-image-preview:large, max-video-preview:-1\" \/>\n<link rel=\"canonical\" href=\"https:\/\/therooksbet.org\/es\/inicio-de-sesion-y-registro\/\" \/>\n<meta property=\"og:locale\" content=\"es_ES\" \/>\n<meta property=\"og:type\" content=\"article\" \/>\n<meta property=\"og:title\" content=\"Rooksbet Login \u2013 Inicia sesi\u00f3n en tu cuenta de casino de forma segura\" \/>\n<meta property=\"og:description\" content=\"Rooksbet Login \u2013 inicia sesi\u00f3n de forma segura en tu cuenta de casino con acceso encriptado y verificaci\u00f3n r\u00e1pida. Gestiona la recuperaci\u00f3n de contrase\u00f1a, ajustes de perfil y herramientas de cuenta f\u00e1cilmente en Rooks Bet.\" \/>\n<meta property=\"og:url\" content=\"https:\/\/therooksbet.org\/es\/inicio-de-sesion-y-registro\/\" \/>\n<meta property=\"og:site_name\" content=\"rooksbet\" \/>\n<meta property=\"article:modified_time\" content=\"2026-03-12T12:11:30+00:00\" \/>\n<meta name=\"twitter:card\" content=\"summary_large_image\" \/>\n<meta name=\"twitter:label1\" content=\"Est. reading time\" \/>\n\t<meta name=\"twitter:data1\" content=\"1 minute\" \/>\n<script type=\"application\/ld+json\" class=\"yoast-schema-graph\">{\"@context\":\"https:\\\/\\\/schema.org\",\"@graph\":[{\"@type\":\"WebPage\",\"@id\":\"https:\\\/\\\/therooksbet.org\\\/es\\\/inicio-de-sesion-y-registro\\\/\",\"url\":\"https:\\\/\\\/therooksbet.org\\\/es\\\/inicio-de-sesion-y-registro\\\/\",\"name\":\"Rooksbet Login \u2013 Inicia sesi\u00f3n en tu cuenta de casino de forma segura\",\"isPartOf\":{\"@id\":\"https:\\\/\\\/therooksbet.org\\\/es\\\/#website\"},\"datePublished\":\"2026-01-20T12:11:11+00:00\",\"dateModified\":\"2026-03-12T12:11:30+00:00\",\"description\":\"Rooksbet Login \u2013 inicia sesi\u00f3n de forma segura en tu cuenta de casino con acceso encriptado y verificaci\u00f3n r\u00e1pida. Gestiona la recuperaci\u00f3n de contrase\u00f1a, ajustes de perfil y herramientas de cuenta f\u00e1cilmente en Rooks Bet.\",\"breadcrumb\":{\"@id\":\"https:\\\/\\\/therooksbet.org\\\/es\\\/inicio-de-sesion-y-registro\\\/#breadcrumb\"},\"inLanguage\":\"es-ES\",\"potentialAction\":[{\"@type\":\"ReadAction\",\"target\":[\"https:\\\/\\\/therooksbet.org\\\/es\\\/inicio-de-sesion-y-registro\\\/\"]}]},{\"@type\":\"BreadcrumbList\",\"@id\":\"https:\\\/\\\/therooksbet.org\\\/es\\\/inicio-de-sesion-y-registro\\\/#breadcrumb\",\"itemListElement\":[{\"@type\":\"ListItem\",\"position\":1,\"name\":\"Rooksbet\",\"item\":\"https:\\\/\\\/therooksbet.org\\\/es\\\/\"},{\"@type\":\"ListItem\",\"position\":2,\"name\":\"Inicio de sesi\u00f3n y Registro\"}]},{\"@type\":\"WebSite\",\"@id\":\"https:\\\/\\\/therooksbet.org\\\/es\\\/#website\",\"url\":\"https:\\\/\\\/therooksbet.org\\\/es\\\/\",\"name\":\"Rooksbet\",\"description\":\"\",\"publisher\":{\"@id\":\"https:\\\/\\\/therooksbet.org\\\/es\\\/#organization\"},\"potentialAction\":[{\"@type\":\"SearchAction\",\"target\":{\"@type\":\"EntryPoint\",\"urlTemplate\":\"https:\\\/\\\/therooksbet.org\\\/es\\\/?s={search_term_string}\"},\"query-input\":{\"@type\":\"PropertyValueSpecification\",\"valueRequired\":true,\"valueName\":\"search_term_string\"}}],\"inLanguage\":\"es-ES\"},{\"@type\":\"Organization\",\"@id\":\"https:\\\/\\\/therooksbet.org\\\/es\\\/#organization\",\"name\":\"Rooksbet\",\"url\":\"https:\\\/\\\/therooksbet.org\\\/es\\\/\",\"logo\":{\"@type\":\"ImageObject\",\"inLanguage\":\"es-ES\",\"@id\":\"https:\\\/\\\/therooksbet.org\\\/es\\\/#\\\/schema\\\/logo\\\/image\\\/\",\"url\":\"https:\\\/\\\/therooksbet.org\\\/wp-content\\\/uploads\\\/2026\\\/03\\\/80u1FaquEZeR6OUTeJCc.png.webp\",\"contentUrl\":\"https:\\\/\\\/therooksbet.org\\\/wp-content\\\/uploads\\\/2026\\\/03\\\/80u1FaquEZeR6OUTeJCc.png.webp\",\"width\":167,\"height\":44,\"caption\":\"Rooksbet\"},\"image\":{\"@id\":\"https:\\\/\\\/therooksbet.org\\\/es\\\/#\\\/schema\\\/logo\\\/image\\\/\"}}]}<\/script>\n<!-- \/ Yoast SEO plugin. -->","yoast_head_json":{"title":"Rooksbet Login \u2013 Inicia sesi\u00f3n en tu cuenta de casino de forma segura","description":"Rooksbet Login \u2013 inicia sesi\u00f3n de forma segura en tu cuenta de casino con acceso encriptado y verificaci\u00f3n r\u00e1pida. Gestiona la recuperaci\u00f3n de contrase\u00f1a, ajustes de perfil y herramientas de cuenta f\u00e1cilmente en Rooks Bet.","robots":{"index":"index","follow":"follow","max-snippet":"max-snippet:-1","max-image-preview":"max-image-preview:large","max-video-preview":"max-video-preview:-1"},"canonical":"https:\/\/therooksbet.org\/es\/inicio-de-sesion-y-registro\/","og_locale":"es_ES","og_type":"article","og_title":"Rooksbet Login \u2013 Inicia sesi\u00f3n en tu cuenta de casino de forma segura","og_description":"Rooksbet Login \u2013 inicia sesi\u00f3n de forma segura en tu cuenta de casino con acceso encriptado y verificaci\u00f3n r\u00e1pida. Gestiona la recuperaci\u00f3n de contrase\u00f1a, ajustes de perfil y herramientas de cuenta f\u00e1cilmente en Rooks Bet.","og_url":"https:\/\/therooksbet.org\/es\/inicio-de-sesion-y-registro\/","og_site_name":"rooksbet","article_modified_time":"2026-03-12T12:11:30+00:00","twitter_card":"summary_large_image","twitter_misc":{"Est. reading time":"1 minute"},"schema":{"@context":"https:\/\/schema.org","@graph":[{"@type":"WebPage","@id":"https:\/\/therooksbet.org\/es\/inicio-de-sesion-y-registro\/","url":"https:\/\/therooksbet.org\/es\/inicio-de-sesion-y-registro\/","name":"Rooksbet Login \u2013 Inicia sesi\u00f3n en tu cuenta de casino de forma segura","isPartOf":{"@id":"https:\/\/therooksbet.org\/es\/#website"},"datePublished":"2026-01-20T12:11:11+00:00","dateModified":"2026-03-12T12:11:30+00:00","description":"Rooksbet Login \u2013 inicia sesi\u00f3n de forma segura en tu cuenta de casino con acceso encriptado y verificaci\u00f3n r\u00e1pida. Gestiona la recuperaci\u00f3n de contrase\u00f1a, ajustes de perfil y herramientas de cuenta f\u00e1cilmente en Rooks Bet.","breadcrumb":{"@id":"https:\/\/therooksbet.org\/es\/inicio-de-sesion-y-registro\/#breadcrumb"},"inLanguage":"es-ES","potentialAction":[{"@type":"ReadAction","target":["https:\/\/therooksbet.org\/es\/inicio-de-sesion-y-registro\/"]}]},{"@type":"BreadcrumbList","@id":"https:\/\/therooksbet.org\/es\/inicio-de-sesion-y-registro\/#breadcrumb","itemListElement":[{"@type":"ListItem","position":1,"name":"Rooksbet","item":"https:\/\/therooksbet.org\/es\/"},{"@type":"ListItem","position":2,"name":"Inicio de sesi\u00f3n y Registro"}]},{"@type":"WebSite","@id":"https:\/\/therooksbet.org\/es\/#website","url":"https:\/\/therooksbet.org\/es\/","name":"Rooksbet","description":"","publisher":{"@id":"https:\/\/therooksbet.org\/es\/#organization"},"potentialAction":[{"@type":"SearchAction","target":{"@type":"EntryPoint","urlTemplate":"https:\/\/therooksbet.org\/es\/?s={search_term_string}"},"query-input":{"@type":"PropertyValueSpecification","valueRequired":true,"valueName":"search_term_string"}}],"inLanguage":"es-ES"},{"@type":"Organization","@id":"https:\/\/therooksbet.org\/es\/#organization","name":"Rooksbet","url":"https:\/\/therooksbet.org\/es\/","logo":{"@type":"ImageObject","inLanguage":"es-ES","@id":"https:\/\/therooksbet.org\/es\/#\/schema\/logo\/image\/","url":"https:\/\/therooksbet.org\/wp-content\/uploads\/2026\/03\/80u1FaquEZeR6OUTeJCc.png.webp","contentUrl":"https:\/\/therooksbet.org\/wp-content\/uploads\/2026\/03\/80u1FaquEZeR6OUTeJCc.png.webp","width":167,"height":44,"caption":"Rooksbet"},"image":{"@id":"https:\/\/therooksbet.org\/es\/#\/schema\/logo\/image\/"}}]}},"_links":{"self":[{"href":"https:\/\/therooksbet.org\/es\/wp-json\/wp\/v2\/pages\/1487","targetHints":{"allow":["GET"]}}],"collection":[{"href":"https:\/\/therooksbet.org\/es\/wp-json\/wp\/v2\/pages"}],"about":[{"href":"https:\/\/therooksbet.org\/es\/wp-json\/wp\/v2\/types\/page"}],"author":[{"embeddable":true,"href":"https:\/\/therooksbet.org\/es\/wp-json\/wp\/v2\/users\/1"}],"replies":[{"embeddable":true,"href":"https:\/\/therooksbet.org\/es\/wp-json\/wp\/v2\/comments?post=1487"}],"version-history":[{"count":3,"href":"https:\/\/therooksbet.org\/es\/wp-json\/wp\/v2\/pages\/1487\/revisions"}],"predecessor-version":[{"id":2118,"href":"https:\/\/therooksbet.org\/es\/wp-json\/wp\/v2\/pages\/1487\/revisions\/2118"}],"wp:attachment":[{"href":"https:\/\/therooksbet.org\/es\/wp-json\/wp\/v2\/media?parent=1487"}],"curies":[{"name":"wp","href":"https:\/\/api.w.org\/{rel}","templated":true}]}}