{"id":1440,"date":"2026-01-20T12:08:23","date_gmt":"2026-01-20T12:08:23","guid":{"rendered":"https:\/\/bonuskongcasino.com\/app\/"},"modified":"2026-03-12T10:12:27","modified_gmt":"2026-03-12T10:12:27","slug":"app","status":"publish","type":"page","link":"https:\/\/therooksbet.org\/fr\/app\/","title":{"rendered":"App"},"content":{"rendered":"<h1>Plateforme mobile Rooksbet<\/h1>\n<p>Avec notre casino en ligne, il n&rsquo;y a aucune restriction pour les clients. Si vous souhaitez jouer lors de vos d\u00e9placements, nous vous proposons une Rooksbet App pratique, compatible avec tous les appareils Android et iOS modernes. L&rsquo;installation ne n\u00e9cessite qu&rsquo;une connexion Internet stable et un appareil mobile moderne. Elle ne prendra pas beaucoup de place sur votre smartphone ou votre tablette.<\/p>\n<div class=\"banner-wrap\" aria-label=\"Banner\"><img src=\"https:\/\/therooksbet.org\/wp-content\/uploads\/Rooksbet-banner-desktop.webp\" class=\"w-100 d-none d-lg-block img-pc main-banner-img\" alt=\"Rooksbet banner desktop\" fetchpriority=\"high\" decoding=\"async\"><img src=\"https:\/\/therooksbet.org\/wp-content\/uploads\/2026\/03\/eOLy2N8LgH3NW5QxswwX-300x300-1.png\" class=\"w-100 d-none d-md-block d-lg-none main-banner-img\" alt=\"rooksbet mobile banner\" fetchpriority=\"high\" decoding=\"async\"><img src=\"https:\/\/therooksbet.org\/wp-content\/uploads\/2026\/03\/eOLy2N8LgH3NW5QxswwX-300x300-1.png\" class=\"w-100 d-md-none\" alt=\"rooksbet mobile banner\" fetchpriority=\"high\" decoding=\"async\"><div class=\"banner-description\">\n<div class=\"banner-title\">Bonus de bienvenue<\/div>\n<p class=\"banner-header-title\">1500 \u20ac<\/p>\n<div class=\"banner-header-AdditionalText\">+ 250 Tours gratuits<\/div>\n<button data-item=\"homepage_banner_link\" class=\"goto m-button m-gradient-border m-button--primary m-button--large banner-button btn-orange\">\n            <div class=\"m-button-content\">\n                <span>Inscrivez-vous d\u00e8s maintenant<\/span>\n                <span><\/span>\n            <\/div>\n        <\/button>\n<\/div>\n<div class=\"WelcomePack\">\n<p><img loading=\"lazy\" decoding=\"async\" class=\"alignnone size-full wp-image-1892\" src=\"https:\/\/therooksbet.org\/wp-content\/uploads\/2026\/03\/welcome-crown-1.png\" alt=\"welcome crown\" width=\"25\" height=\"26\" \/><\/p>\n<div class=\"WelcomePack-Info\">Cashback hebdomadaire jusqu&rsquo;\u00e0 25 %<\/div>\n<p><img loading=\"lazy\" decoding=\"async\" class=\"alignnone size-full wp-image-1892\" src=\"https:\/\/therooksbet.org\/wp-content\/uploads\/2026\/03\/welcome-crown-1.png\" alt=\"welcome crown\" width=\"25\" height=\"26\" \/><\/p>\n<\/div>\n<\/div>\n<h2>Principales caract\u00e9ristiques du casino mobile<\/h2>\n<p>Plus de 80 % des utilisateurs pr\u00e9f\u00e8rent utiliser tous leurs sites web et jeux pr\u00e9f\u00e9r\u00e9s lors de leurs d\u00e9placements. Pour que cela soit possible, les marques doivent proposer \u00e0 leurs clients des versions mobiles de leurs sources pr\u00e9f\u00e9r\u00e9es. Rooks Bet Casino ne fait pas exception \u00e0 la r\u00e8gle. Notre site web est disponible sur tous les navigateurs mobiles, y compris Google Chrome et Safari. Vous b\u00e9n\u00e9ficiez de la m\u00eame exp\u00e9rience de jeu que sur un ordinateur de bureau.<\/p>\n<p>Il existe \u00e9galement une autre option pour une exp\u00e9rience de jeu plus personnalis\u00e9e : l&rsquo;application Rooksbet. Son design et sa navigation sont familiers, vous n&rsquo;aurez donc aucun probl\u00e8me pour l&rsquo;utiliser. Toutes les m\u00eames fonctionnalit\u00e9s, y compris les jeux, les paiements, l&rsquo;inscription et bien plus encore, y sont disponibles.<\/p>\n<h3>Exigences de l&rsquo;application<\/h3>\n<p>Le logiciel mobile Rooks Bet est d\u00e9velopp\u00e9 sous forme d&rsquo;application web progressive (PWA). Vous n&rsquo;avez pas besoin de cr\u00e9er de compte suppl\u00e9mentaire dans les boutiques d&rsquo;applications, car l&rsquo;installation peut se faire directement depuis notre site web. Comme toute application, Rooksbet Casino a des exigences sp\u00e9cifiques qui doivent \u00eatre respect\u00e9es pour une installation et une utilisation r\u00e9ussies du logiciel.<\/p>\n<table>\n<tbody>\n<tr>\n<td>Exigence<\/td>\n<td>D\u00e9tails<\/td>\n<td>Pourquoi est-ce important<\/td>\n<\/tr>\n<tr>\n<td>Navigateur mobile moderne<\/td>\n<td>Nous recommandons d&rsquo;utiliser les derni\u00e8res versions de Chrome, Safari ou Firefox<\/td>\n<td>Garantit une compatibilit\u00e9 totale et des performances optimales<\/td>\n<\/tr>\n<tr>\n<td>Connexion Internet stable<\/td>\n<td>Le Wi-Fi est la meilleure option, mais la 4G ou la 5G haut d\u00e9bit sont \u00e9galement excellentes<\/td>\n<td>\u00c9vite les interruptions pendant le jeu et les transactions<\/td>\n<\/tr>\n<tr>\n<td>JavaScript activ\u00e9<\/td>\n<td>Vous devez l&rsquo;activer dans les param\u00e8tres du navigateur<\/td>\n<td>Permet \u00e0 l&rsquo;interface de l&rsquo;application et aux fonctionnalit\u00e9s du jeu de fonctionner correctement<\/td>\n<\/tr>\n<tr>\n<td>Espace de stockage suffisant sur l&rsquo;appareil<\/td>\n<td>L&rsquo;application n&rsquo;utilise qu&rsquo;une petite quantit\u00e9 d&rsquo;espace libre pour les donn\u00e9es mises en cache<\/td>\n<td>Permet des temps de chargement plus rapides et des \u00e9l\u00e9ments hors ligne<\/td>\n<\/tr>\n<tr>\n<td>Syst\u00e8me d&rsquo;exploitation mis \u00e0 jour<\/td>\n<td>Il est pr\u00e9f\u00e9rable d&rsquo;avoir une version r\u00e9cente d&rsquo;Android ou d&rsquo;iOS<\/td>\n<td>Garantit les mises \u00e0 jour de s\u00e9curit\u00e9 et une int\u00e9gration optimale du syst\u00e8me<\/td>\n<\/tr>\n<\/tbody>\n<\/table>\n<p><div class=\"scrollable-content-wrap my-5\"><div class=\"scrollable-content-inner\"><h2>Application Rooksbet pour Android<\/h2>\n<p>Quel que soit le mod\u00e8le exact de votre appareil Android, vous pouvez toujours utiliser notre casino mobile. Il vous suffit de vous rendre sur la plateforme dans le navigateur de votre choix ou d&rsquo;installer une application d\u00e9di\u00e9e. Chez Rooksbet Casino, nous ne vous imposons aucune limite quant au choix ou \u00e0 la combinaison de ces options. L&rsquo;essentiel est que vous utilisiez le m\u00eame compte pour tous vos appareils.<\/p>\n<p>L&rsquo;application Rooks Bet et le site web mobile s&rsquo;adaptent parfaitement \u00e0 la taille et \u00e0 la r\u00e9solution de votre \u00e9cran. Ils ont \u00e9t\u00e9 con\u00e7us avec une fonctionnalit\u00e9 sp\u00e9ciale de contr\u00f4le tactile qui vous permet de passer un excellent moment tout en jouant.<\/p>\n<h3>Installation \u00e9tape par \u00e9tape<\/h3>\n<p>Chaque utilisateur peut d\u00e9cider lui-m\u00eame des options \u00e0 choisir. Nous pouvons seulement dire que l&rsquo;application Rooksbet offre une exp\u00e9rience plus personnalis\u00e9e. Vous aurez acc\u00e8s \u00e0 toutes les fonctionnalit\u00e9s n\u00e9cessaires en un seul clic depuis votre \u00e9cran d&rsquo;accueil. Les utilisateurs peuvent \u00e9galement configurer des notifications pour les mises \u00e0 jour, la progression des bonus ou les nouvelles sorties de jeux.<\/p>\n<p>Nos instructions ci-dessous vous aideront \u00e0 installer l&rsquo;application correctement et sans aucun probl\u00e8me :<\/p>\n<ol>\n<li>Rendez-vous sur notre site web depuis votre smartphone ou tablette Android. Il est tr\u00e8s important que vous l&rsquo;installiez \u00e0 partir du site web officiel afin d&rsquo;\u00e9viter toute fraude.<\/li>\n<li>Acc\u00e9dez aux param\u00e8tres du navigateur en cliquant sur le bouton \u00ab Plus \u00bb qui ressemble \u00e0 trois points verticaux.<\/li>\n<li>Dans le menu, recherchez et cliquez sur \u00ab Ajouter \u00e0 l&rsquo;\u00e9cran d&rsquo;accueil \u00bb.<\/li>\n<li>Personnalisez l&rsquo;ic\u00f4ne Rooksbet si n\u00e9cessaire. Vous pouvez modifier son nom et son apparence.<\/li>\n<li>Cliquez sur \u00ab Ajouter \u00bb pour confirmer l&rsquo;action. L&rsquo;ic\u00f4ne appara\u00eetra imm\u00e9diatement sur votre \u00e9cran d&rsquo;accueil.<\/li>\n<\/ol>\n<p><img loading=\"lazy\" decoding=\"async\" class=\"alignnone size-full wp-image-1951\" src=\"https:\/\/therooksbet.org\/wp-content\/uploads\/2026\/03\/Rooksbet-Android-App.webp\" alt=\"Rooksbet Android App\" width=\"1248\" height=\"536\" srcset=\"https:\/\/therooksbet.org\/wp-content\/uploads\/2026\/03\/Rooksbet-Android-App.webp 1248w, https:\/\/therooksbet.org\/wp-content\/uploads\/2026\/03\/Rooksbet-Android-App-300x129.webp 300w, https:\/\/therooksbet.org\/wp-content\/uploads\/2026\/03\/Rooksbet-Android-App-1024x440.webp 1024w, https:\/\/therooksbet.org\/wp-content\/uploads\/2026\/03\/Rooksbet-Android-App-768x330.webp 768w\" sizes=\"auto, (max-width: 1248px) 100vw, 1248px\" \/><\/p>\n<\/div><\/div><div style=\"clear: both\"><\/div><div class=\"d-flex justify-content-center\"><button data-item=\"decouvrez_link\" data-group=\"website_links\" class=\"goto fw-bold rounded-pill btn btn-orange\" aria-label=\"T\u00e9l\u00e9chargez l&#039;application Rooksbet\" >T\u00e9l\u00e9chargez l&#039;application Rooksbet<\/button><\/div><div class=\"scrollable-content-wrap my-5\"><div class=\"scrollable-content-inner\"><h2>Jouer sur iPhone et iPad<\/h2>\n<p>Si vous poss\u00e9dez un iPhone ou un iPad, vous avez la chance de pouvoir utiliser notre casino en ligne sur votre appareil mobile. Certains joueurs craignent que seuls quelques jeux soient disponibles dans la version mobile, mais c&rsquo;est une illusion. L&rsquo;application Rooksbet Casino propose plus de 6 000 titres, dont des machines \u00e0 sous en ligne, des jeux de table, des jeux de casino en direct et des options de gains instantan\u00e9s.<\/p>\n<p>En raison des restrictions de l&rsquo;App Store sur les applications de casino, notre logiciel mobile peut \u00eatre install\u00e9 directement depuis le site officiel. Nous testons r\u00e9guli\u00e8rement l&rsquo;application Rooksbet et pouvons garantir qu&rsquo;elle est totalement s\u00fbre pour votre appareil.<\/p>\n<p>Le processus d&rsquo;installation pour un appareil iOS est simple et ne prend que 3 minutes environ. Sur notre site web, rendez-vous en bas de la page d&rsquo;accueil et cliquez sur le bouton \u00ab Application Casino \u00bb. Sur la nouvelle page qui s&rsquo;affiche, les utilisateurs doivent s\u00e9lectionner \u00ab Installer \u00bb. En quelques secondes, l&rsquo;ic\u00f4ne Rooks Bet appara\u00eetra sur votre \u00e9cran d&rsquo;accueil.<\/p>\n<p><img loading=\"lazy\" decoding=\"async\" class=\"alignnone size-full wp-image-1959\" src=\"https:\/\/therooksbet.org\/wp-content\/uploads\/2026\/03\/Rooksbet-iOS-App.webp\" alt=\"Rooksbet iOS App\" width=\"1248\" height=\"536\" srcset=\"https:\/\/therooksbet.org\/wp-content\/uploads\/2026\/03\/Rooksbet-iOS-App.webp 1248w, https:\/\/therooksbet.org\/wp-content\/uploads\/2026\/03\/Rooksbet-iOS-App-300x129.webp 300w, https:\/\/therooksbet.org\/wp-content\/uploads\/2026\/03\/Rooksbet-iOS-App-1024x440.webp 1024w, https:\/\/therooksbet.org\/wp-content\/uploads\/2026\/03\/Rooksbet-iOS-App-768x330.webp 768w\" sizes=\"auto, (max-width: 1248px) 100vw, 1248px\" \/><\/p>\n<\/div><\/div><div style=\"clear: both\"><\/div><div class=\"d-flex justify-content-center\"><button data-item=\"decouvrez_link\" data-group=\"website_links\" class=\"goto fw-bold rounded-pill btn btn-orange\" aria-label=\"T\u00e9l\u00e9chargez l&#039;application Rooksbet\" >T\u00e9l\u00e9chargez l&#039;application Rooksbet<\/button><\/div><div class=\"scrollable-content-wrap my-5\"><div class=\"scrollable-content-inner\"><h2>Rooksbet Casino pour Windows et macOS<\/h2>\n<p>Tous nos clients peuvent \u00e9galement utiliser Rooksbet Casino sur leur PC ou leur ordinateur portable. Nous prenons en charge tous les appareils \u00e9quip\u00e9s des syst\u00e8mes d&rsquo;exploitation Windows et macOS. Comme pour les appareils mobiles, la plateforme s&rsquo;optimise pour votre \u00e9cran.<\/p>\n<p>Pour acc\u00e9der plus rapidement \u00e0 notre site web, vous pouvez installer l&rsquo;ic\u00f4ne de raccourci. Cette fonction est disponible dans tous les navigateurs modernes. Cette \u00e9tape vous \u00e9vitera d&rsquo;avoir \u00e0 ouvrir votre navigateur et \u00e0 rechercher notre casino en ligne. Si vous avez des questions concernant le processus d&rsquo;installation, vous pouvez contacter l&rsquo;\u00e9quipe d&rsquo;assistance multilingue de Rooksbet par chat en direct ou par e-mail.<\/p>\n<p><img loading=\"lazy\" decoding=\"async\" class=\"alignnone size-full wp-image-1967\" src=\"https:\/\/therooksbet.org\/wp-content\/uploads\/2026\/03\/Rooksbet-Desktop.webp\" alt=\"Rooksbet Desktop\" width=\"1248\" height=\"536\" srcset=\"https:\/\/therooksbet.org\/wp-content\/uploads\/2026\/03\/Rooksbet-Desktop.webp 1248w, https:\/\/therooksbet.org\/wp-content\/uploads\/2026\/03\/Rooksbet-Desktop-300x129.webp 300w, https:\/\/therooksbet.org\/wp-content\/uploads\/2026\/03\/Rooksbet-Desktop-1024x440.webp 1024w, https:\/\/therooksbet.org\/wp-content\/uploads\/2026\/03\/Rooksbet-Desktop-768x330.webp 768w\" sizes=\"auto, (max-width: 1248px) 100vw, 1248px\" \/><\/p>\n<\/div><\/div><div style=\"clear: both\"><\/div><div class=\"d-flex justify-content-center\"><button data-item=\"decouvrez_link\" data-group=\"website_links\" class=\"goto fw-bold rounded-pill btn btn-orange\" aria-label=\"T\u00e9l\u00e9chargez l&#039;application Rooksbet\" >T\u00e9l\u00e9chargez l&#039;application Rooksbet<\/button><\/div><div class=\"scrollable-content-wrap my-5\"><div class=\"scrollable-content-inner\"><h2>FAQ<\/h2>\n<h3>Le processus de v\u00e9rification est-il \u00e9galement obligatoire pour les utilisateurs mobiles ?<\/h3>\n<p>Si vous effectuez votre premier retrait dans l&rsquo;application mobile, vous devrez suivre le processus de v\u00e9rification. La proc\u00e9dure est la m\u00eame que sur un ordinateur de bureau. Une fois celle-ci termin\u00e9e, vous n&rsquo;aurez plus aucun retard dans vos retraits.<\/p>\n<h3>La d\u00e9sinstallation de l&rsquo;application Rooksbet supprime-t-elle mon compte ?<\/h3>\n<p>Si vous d\u00e9cidez de suspendre ou d&rsquo;arr\u00eater d&rsquo;utiliser le logiciel mobile, cela ne changera rien \u00e0 votre profil. Toutes vos r\u00e9alisations et votre solde seront enregistr\u00e9s, vous pourrez donc jouer depuis un PC ou r\u00e9installer l&rsquo;application \u00e0 l&rsquo;avenir.<\/p>\n<h3>Le logiciel mobile est-il s\u00fbr et fiable ?<\/h3>\n<p>Toutes vos donn\u00e9es personnelles sont prot\u00e9g\u00e9es par des syst\u00e8mes de cryptage TLS 1.3. Nous utilisons des pare-feu innovants pour bloquer les tentatives suspectes visant le logiciel. Sur Rooks Bet Casino, vous pouvez jouer sans aucun souci suppl\u00e9mentaire.<\/p>\n<\/div><\/div><\/p>\n","protected":false},"excerpt":{"rendered":"<p>Plateforme mobile Rooksbet Avec notre casino en ligne, il n&rsquo;y a aucune restriction pour les clients. Si vous souhaitez jouer lors de vos d\u00e9placements, nous vous proposons une Rooksbet App pratique, compatible avec tous les appareils Android et iOS modernes. L&rsquo;installation ne n\u00e9cessite qu&rsquo;une connexion Internet stable et un appareil mobile moderne. Elle ne prendra [&hellip;]<\/p>\n","protected":false},"author":1,"featured_media":0,"parent":0,"menu_order":0,"comment_status":"closed","ping_status":"closed","template":"template-builder.php","meta":{"_acf_changed":false,"inline_featured_image":false,"footnotes":""},"class_list":["post-1440","page","type-page","status-publish","hentry"],"acf":[],"yoast_head":"<!-- This site is optimized with the Yoast SEO plugin v27.3 - https:\/\/yoast.com\/product\/yoast-seo-wordpress\/ -->\n<title>Rooksbet App | Application Officielle pour Android &amp; iOS<\/title>\n<meta name=\"description\" content=\"Rooksbet App \u2013 t\u00e9l\u00e9chargez l&#039;application officielle pour Android et iOS pour jouer aux machines \u00e0 sous, jeux de table et casino en direct partout. Profitez de performances fluides et d&#039;un acc\u00e8s complet \u00e0 votre compte avec Rooks Bet.\" \/>\n<meta name=\"robots\" content=\"index, follow, max-snippet:-1, max-image-preview:large, max-video-preview:-1\" \/>\n<link rel=\"canonical\" href=\"https:\/\/therooksbet.org\/fr\/app\/\" \/>\n<meta property=\"og:locale\" content=\"fr_FR\" \/>\n<meta property=\"og:type\" content=\"article\" \/>\n<meta property=\"og:title\" content=\"Rooksbet App | Application Officielle pour Android &amp; iOS\" \/>\n<meta property=\"og:description\" content=\"Rooksbet App \u2013 t\u00e9l\u00e9chargez l&#039;application officielle pour Android et iOS pour jouer aux machines \u00e0 sous, jeux de table et casino en direct partout. Profitez de performances fluides et d&#039;un acc\u00e8s complet \u00e0 votre compte avec Rooks Bet.\" \/>\n<meta property=\"og:url\" content=\"https:\/\/therooksbet.org\/fr\/app\/\" \/>\n<meta property=\"og:site_name\" content=\"rooksbet\" \/>\n<meta property=\"article:modified_time\" content=\"2026-03-12T10:12:27+00:00\" \/>\n<meta name=\"twitter:card\" content=\"summary_large_image\" \/>\n<meta name=\"twitter:label1\" content=\"Dur\u00e9e de lecture estim\u00e9e\" \/>\n\t<meta name=\"twitter:data1\" content=\"2 minutes\" \/>\n<script type=\"application\/ld+json\" class=\"yoast-schema-graph\">{\"@context\":\"https:\\\/\\\/schema.org\",\"@graph\":[{\"@type\":\"WebPage\",\"@id\":\"https:\\\/\\\/therooksbet.org\\\/fr\\\/app\\\/\",\"url\":\"https:\\\/\\\/therooksbet.org\\\/fr\\\/app\\\/\",\"name\":\"Rooksbet App | Application Officielle pour Android & iOS\",\"isPartOf\":{\"@id\":\"https:\\\/\\\/therooksbet.org\\\/fr\\\/#website\"},\"datePublished\":\"2026-01-20T12:08:23+00:00\",\"dateModified\":\"2026-03-12T10:12:27+00:00\",\"description\":\"Rooksbet App \u2013 t\u00e9l\u00e9chargez l'application officielle pour Android et iOS pour jouer aux machines \u00e0 sous, jeux de table et casino en direct partout. Profitez de performances fluides et d'un acc\u00e8s complet \u00e0 votre compte avec Rooks Bet.\",\"breadcrumb\":{\"@id\":\"https:\\\/\\\/therooksbet.org\\\/fr\\\/app\\\/#breadcrumb\"},\"inLanguage\":\"fr-FR\",\"potentialAction\":[{\"@type\":\"ReadAction\",\"target\":[\"https:\\\/\\\/therooksbet.org\\\/fr\\\/app\\\/\"]}]},{\"@type\":\"BreadcrumbList\",\"@id\":\"https:\\\/\\\/therooksbet.org\\\/fr\\\/app\\\/#breadcrumb\",\"itemListElement\":[{\"@type\":\"ListItem\",\"position\":1,\"name\":\"Rooksbet\",\"item\":\"https:\\\/\\\/therooksbet.org\\\/fr\\\/\"},{\"@type\":\"ListItem\",\"position\":2,\"name\":\"App\"}]},{\"@type\":\"WebSite\",\"@id\":\"https:\\\/\\\/therooksbet.org\\\/fr\\\/#website\",\"url\":\"https:\\\/\\\/therooksbet.org\\\/fr\\\/\",\"name\":\"Rooksbet\",\"description\":\"\",\"publisher\":{\"@id\":\"https:\\\/\\\/therooksbet.org\\\/fr\\\/#organization\"},\"potentialAction\":[{\"@type\":\"SearchAction\",\"target\":{\"@type\":\"EntryPoint\",\"urlTemplate\":\"https:\\\/\\\/therooksbet.org\\\/fr\\\/?s={search_term_string}\"},\"query-input\":{\"@type\":\"PropertyValueSpecification\",\"valueRequired\":true,\"valueName\":\"search_term_string\"}}],\"inLanguage\":\"fr-FR\"},{\"@type\":\"Organization\",\"@id\":\"https:\\\/\\\/therooksbet.org\\\/fr\\\/#organization\",\"name\":\"Rooksbet\",\"url\":\"https:\\\/\\\/therooksbet.org\\\/fr\\\/\",\"logo\":{\"@type\":\"ImageObject\",\"inLanguage\":\"fr-FR\",\"@id\":\"https:\\\/\\\/therooksbet.org\\\/fr\\\/#\\\/schema\\\/logo\\\/image\\\/\",\"url\":\"https:\\\/\\\/therooksbet.org\\\/wp-content\\\/uploads\\\/2026\\\/03\\\/80u1FaquEZeR6OUTeJCc.png.webp\",\"contentUrl\":\"https:\\\/\\\/therooksbet.org\\\/wp-content\\\/uploads\\\/2026\\\/03\\\/80u1FaquEZeR6OUTeJCc.png.webp\",\"width\":167,\"height\":44,\"caption\":\"Rooksbet\"},\"image\":{\"@id\":\"https:\\\/\\\/therooksbet.org\\\/fr\\\/#\\\/schema\\\/logo\\\/image\\\/\"}}]}<\/script>\n<!-- \/ Yoast SEO plugin. -->","yoast_head_json":{"title":"Rooksbet App | Application Officielle pour Android & iOS","description":"Rooksbet App \u2013 t\u00e9l\u00e9chargez l'application officielle pour Android et iOS pour jouer aux machines \u00e0 sous, jeux de table et casino en direct partout. Profitez de performances fluides et d'un acc\u00e8s complet \u00e0 votre compte avec Rooks Bet.","robots":{"index":"index","follow":"follow","max-snippet":"max-snippet:-1","max-image-preview":"max-image-preview:large","max-video-preview":"max-video-preview:-1"},"canonical":"https:\/\/therooksbet.org\/fr\/app\/","og_locale":"fr_FR","og_type":"article","og_title":"Rooksbet App | Application Officielle pour Android & iOS","og_description":"Rooksbet App \u2013 t\u00e9l\u00e9chargez l'application officielle pour Android et iOS pour jouer aux machines \u00e0 sous, jeux de table et casino en direct partout. Profitez de performances fluides et d'un acc\u00e8s complet \u00e0 votre compte avec Rooks Bet.","og_url":"https:\/\/therooksbet.org\/fr\/app\/","og_site_name":"rooksbet","article_modified_time":"2026-03-12T10:12:27+00:00","twitter_card":"summary_large_image","twitter_misc":{"Dur\u00e9e de lecture estim\u00e9e":"2 minutes"},"schema":{"@context":"https:\/\/schema.org","@graph":[{"@type":"WebPage","@id":"https:\/\/therooksbet.org\/fr\/app\/","url":"https:\/\/therooksbet.org\/fr\/app\/","name":"Rooksbet App | Application Officielle pour Android & iOS","isPartOf":{"@id":"https:\/\/therooksbet.org\/fr\/#website"},"datePublished":"2026-01-20T12:08:23+00:00","dateModified":"2026-03-12T10:12:27+00:00","description":"Rooksbet App \u2013 t\u00e9l\u00e9chargez l'application officielle pour Android et iOS pour jouer aux machines \u00e0 sous, jeux de table et casino en direct partout. Profitez de performances fluides et d'un acc\u00e8s complet \u00e0 votre compte avec Rooks Bet.","breadcrumb":{"@id":"https:\/\/therooksbet.org\/fr\/app\/#breadcrumb"},"inLanguage":"fr-FR","potentialAction":[{"@type":"ReadAction","target":["https:\/\/therooksbet.org\/fr\/app\/"]}]},{"@type":"BreadcrumbList","@id":"https:\/\/therooksbet.org\/fr\/app\/#breadcrumb","itemListElement":[{"@type":"ListItem","position":1,"name":"Rooksbet","item":"https:\/\/therooksbet.org\/fr\/"},{"@type":"ListItem","position":2,"name":"App"}]},{"@type":"WebSite","@id":"https:\/\/therooksbet.org\/fr\/#website","url":"https:\/\/therooksbet.org\/fr\/","name":"Rooksbet","description":"","publisher":{"@id":"https:\/\/therooksbet.org\/fr\/#organization"},"potentialAction":[{"@type":"SearchAction","target":{"@type":"EntryPoint","urlTemplate":"https:\/\/therooksbet.org\/fr\/?s={search_term_string}"},"query-input":{"@type":"PropertyValueSpecification","valueRequired":true,"valueName":"search_term_string"}}],"inLanguage":"fr-FR"},{"@type":"Organization","@id":"https:\/\/therooksbet.org\/fr\/#organization","name":"Rooksbet","url":"https:\/\/therooksbet.org\/fr\/","logo":{"@type":"ImageObject","inLanguage":"fr-FR","@id":"https:\/\/therooksbet.org\/fr\/#\/schema\/logo\/image\/","url":"https:\/\/therooksbet.org\/wp-content\/uploads\/2026\/03\/80u1FaquEZeR6OUTeJCc.png.webp","contentUrl":"https:\/\/therooksbet.org\/wp-content\/uploads\/2026\/03\/80u1FaquEZeR6OUTeJCc.png.webp","width":167,"height":44,"caption":"Rooksbet"},"image":{"@id":"https:\/\/therooksbet.org\/fr\/#\/schema\/logo\/image\/"}}]}},"_links":{"self":[{"href":"https:\/\/therooksbet.org\/fr\/wp-json\/wp\/v2\/pages\/1440","targetHints":{"allow":["GET"]}}],"collection":[{"href":"https:\/\/therooksbet.org\/fr\/wp-json\/wp\/v2\/pages"}],"about":[{"href":"https:\/\/therooksbet.org\/fr\/wp-json\/wp\/v2\/types\/page"}],"author":[{"embeddable":true,"href":"https:\/\/therooksbet.org\/fr\/wp-json\/wp\/v2\/users\/1"}],"replies":[{"embeddable":true,"href":"https:\/\/therooksbet.org\/fr\/wp-json\/wp\/v2\/comments?post=1440"}],"version-history":[{"count":4,"href":"https:\/\/therooksbet.org\/fr\/wp-json\/wp\/v2\/pages\/1440\/revisions"}],"predecessor-version":[{"id":2076,"href":"https:\/\/therooksbet.org\/fr\/wp-json\/wp\/v2\/pages\/1440\/revisions\/2076"}],"wp:attachment":[{"href":"https:\/\/therooksbet.org\/fr\/wp-json\/wp\/v2\/media?parent=1440"}],"curies":[{"name":"wp","href":"https:\/\/api.w.org\/{rel}","templated":true}]}}