{"id":1482,"date":"2026-01-20T12:11:11","date_gmt":"2026-01-20T12:11:11","guid":{"rendered":"https:\/\/bonuskongcasino.com\/login-and-registration\/"},"modified":"2026-03-12T10:17:48","modified_gmt":"2026-03-12T10:17:48","slug":"connexion-et-inscription","status":"publish","type":"page","link":"https:\/\/therooksbet.org\/fr\/connexion-et-inscription\/","title":{"rendered":"Connexion et inscription"},"content":{"rendered":"<h1>Connexion au casino Rooksbet<\/h1>\n<p>Si vous avez 18 ans ou plus et que vous souhaitez jouer avec de l&rsquo;argent r\u00e9el dans l&rsquo;un des meilleurs casinos en ligne, il ne vous reste plus qu&rsquo;\u00e0 terminer votre Rooksbet login. Le processus est simple et ne prend que quelques minutes. Pour cr\u00e9er un compte, les utilisateurs doivent simplement fournir une adresse e-mail valide et cr\u00e9er un mot de passe.<\/p>\n<p><div class=\"banner-wrap\" aria-label=\"Banner\"><img src=\"https:\/\/therooksbet.org\/wp-content\/uploads\/Rooksbet-banner-desktop.webp\" class=\"w-100 d-none d-lg-block img-pc main-banner-img\" alt=\"Rooksbet banner desktop\" fetchpriority=\"high\" decoding=\"async\"><img src=\"https:\/\/therooksbet.org\/wp-content\/uploads\/2026\/03\/eOLy2N8LgH3NW5QxswwX-300x300-1.png\" class=\"w-100 d-none d-md-block d-lg-none main-banner-img\" alt=\"rooksbet mobile banner\" fetchpriority=\"high\" decoding=\"async\"><img src=\"https:\/\/therooksbet.org\/wp-content\/uploads\/2026\/03\/eOLy2N8LgH3NW5QxswwX-300x300-1.png\" class=\"w-100 d-md-none\" alt=\"rooksbet mobile banner\" fetchpriority=\"high\" decoding=\"async\"><div class=\"banner-description\">\n<div class=\"banner-title\">Bonus de bienvenue<\/div>\n<p class=\"banner-header-title\">1500 \u20ac<\/p>\n<div class=\"banner-header-AdditionalText\">+ 250 Tours gratuits<\/div>\n<button data-item=\"homepage_banner_link\" class=\"goto m-button m-gradient-border m-button--primary m-button--large banner-button btn-orange\">\n            <div class=\"m-button-content\">\n                <span>Inscrivez-vous d\u00e8s maintenant<\/span>\n                <span><\/span>\n            <\/div>\n        <\/button>\n<\/div>\n<div class=\"WelcomePack\">\n<p><img loading=\"lazy\" decoding=\"async\" class=\"alignnone size-full wp-image-1892\" src=\"https:\/\/therooksbet.org\/wp-content\/uploads\/2026\/03\/welcome-crown-1.png\" alt=\"welcome crown\" width=\"25\" height=\"26\" \/><\/p>\n<div class=\"WelcomePack-Info\">Cashback hebdomadaire jusqu&rsquo;\u00e0 25 %<\/div>\n<p><img loading=\"lazy\" decoding=\"async\" class=\"alignnone size-full wp-image-1892\" src=\"https:\/\/therooksbet.org\/wp-content\/uploads\/2026\/03\/welcome-crown-1.png\" alt=\"welcome crown\" width=\"25\" height=\"26\" \/><\/p>\n<\/div>\n<\/div><div class=\"scrollable-content-wrap my-5\"><div class=\"scrollable-content-inner\"><h2>Inscription au casino Rooksbet<\/h2>\n<p>La plateforme Rooks Bet Casino est accessible \u00e0 tous les utilisateurs, qu&rsquo;ils aient ou non un compte. La principale diff\u00e9rence est qu&rsquo;avec un compte, vous pouvez acc\u00e9der \u00e0 toutes les fonctionnalit\u00e9s int\u00e9ressantes disponibles sur la plateforme. L&rsquo;essentiel est que seuls les utilisateurs enregistr\u00e9s peuvent effectuer des d\u00e9p\u00f4ts, jouer avec de l&rsquo;argent r\u00e9el et retirer leurs gains. Tous les autres peuvent essayer les titres Rooksbet en mode d\u00e9mo sans risquer leur argent.<\/p>\n<p>Dans le tableau ci-dessous, les utilisateurs trouveront des informations suppl\u00e9mentaires sur les principaux avantages offerts par un compte.<\/p>\n<table>\n<tbody>\n<tr>\n<td>Avantages de l&rsquo;inscription<\/td>\n<td>Ce que cela signifie<\/td>\n<\/tr>\n<tr>\n<td>Acc\u00e8s aux bonus<\/td>\n<td>Les utilisateurs peuvent b\u00e9n\u00e9ficier du pack de bienvenue, de bonus de recharge, de cashback et d&rsquo;autres promotions exclusives.<\/td>\n<\/tr>\n<tr>\n<td>D\u00e9p\u00f4ts et retraits s\u00e9curis\u00e9s<\/td>\n<td>Vous avez la possibilit\u00e9 de g\u00e9rer vos paiements en toute s\u00e9curit\u00e9 et de retirer vos gains via des m\u00e9thodes v\u00e9rifi\u00e9es.<\/td>\n<\/tr>\n<tr>\n<td>Tableau de bord du compte personnel<\/td>\n<td>Dans votre compte, vous pouvez suivre votre solde, vos bonus, l&rsquo;historique de vos transactions et votre activit\u00e9 de jeu.<\/td>\n<\/tr>\n<tr>\n<td>Outils de jeu responsable<\/td>\n<td>Pour rester prudents, les joueurs peuvent d\u00e9finir des limites financi\u00e8res ou temporelles, des p\u00e9riodes de r\u00e9flexion ou des options d&rsquo;auto-exclusion.<\/td>\n<\/tr>\n<tr>\n<td>Assistance plus rapide<\/td>\n<td>Les utilisateurs b\u00e9n\u00e9ficient d&rsquo;une aide personnalis\u00e9e, car l&rsquo;\u00e9quipe d&rsquo;assistance peut acc\u00e9der aux d\u00e9tails de leur compte.<\/td>\n<\/tr>\n<tr>\n<td>Pr\u00e9f\u00e9rences enregistr\u00e9es<\/td>\n<td>Vos jeux pr\u00e9f\u00e9r\u00e9s, vos param\u00e8tres et vos m\u00e9thodes de paiement restent enregistr\u00e9s pour vos prochaines sessions.<\/td>\n<\/tr>\n<\/tbody>\n<\/table>\n<h3>Processus d&rsquo;installation d\u00e9taill\u00e9<\/h3>\n<p>Si vous d\u00e9cidez qu&rsquo;il est temps de cr\u00e9er un compte sur Rooksbet, nous serons ravis de vous aider. La r\u00e8gle principale de notre plateforme est que vous devez \u00eatre \u00e2g\u00e9 d&rsquo;au moins 18 ans. Les joueurs ne peuvent avoir qu&rsquo;un seul compte sur la plateforme. Il s&rsquo;agit d&rsquo;une mesure importante pour pr\u00e9venir la fraude. Si vous souhaitez utiliser l&rsquo;application mobile, il vous suffit de vous connecter \u00e0 Rooks Bet avec votre compte existant.<\/p>\n<p>Nous vous recommandons de suivre nos instructions ci-dessous pour cr\u00e9er un compte rapidement et sans souci :<\/p>\n<ol>\n<li>Les utilisateurs doivent cliquer sur le bouton correspondant dans le coin sup\u00e9rieur droit du hall du casino Rooksbet.<\/li>\n<li>Remplissez le formulaire d&rsquo;inscription avec vos informations personnelles : adresse e-mail et mot de passe. Le mot de passe doit comporter au moins 6 caract\u00e8res.<\/li>\n<li>Tous les joueurs doivent lire les conditions g\u00e9n\u00e9rales et les accepter. En outre, vous devez confirmer votre \u00e2ge.<\/li>\n<li>Cliquez sur le bouton \u00ab S&rsquo;inscrire \u00bb \u00e0 la fin du formulaire pour valider votre inscription.<\/li>\n<\/ol>\n<p><img loading=\"lazy\" decoding=\"async\" class=\"alignnone size-full wp-image-1977\" src=\"https:\/\/therooksbet.org\/wp-content\/uploads\/2026\/03\/Rooksbet-Login.webp\" alt=\"Rooksbet Login\" width=\"1248\" height=\"536\" srcset=\"https:\/\/therooksbet.org\/wp-content\/uploads\/2026\/03\/Rooksbet-Login.webp 1248w, https:\/\/therooksbet.org\/wp-content\/uploads\/2026\/03\/Rooksbet-Login-300x129.webp 300w, https:\/\/therooksbet.org\/wp-content\/uploads\/2026\/03\/Rooksbet-Login-1024x440.webp 1024w, https:\/\/therooksbet.org\/wp-content\/uploads\/2026\/03\/Rooksbet-Login-768x330.webp 768w\" sizes=\"auto, (max-width: 1248px) 100vw, 1248px\" \/><\/p>\n<h2>Connexion au compte et fonctionnalit\u00e9s importantes<\/h2>\n<p>Pour les utilisateurs qui ont d\u00e9j\u00e0 un profil sur notre site web ou dans l&rsquo;application, il suffit de se connecter \u00e0 Rooksbet. Dans ce cas, vous devez fournir l&rsquo;adresse e-mail et le mot de passe que vous avez utilis\u00e9s lors de la cr\u00e9ation de votre compte.<\/p>\n<p>Apr\u00e8s avoir acc\u00e9d\u00e9 \u00e0 votre compte, nous vous recommandons de vous familiariser avec tous les param\u00e8tres et outils int\u00e9ressants de Rooks Bet Casino. Ils rendront votre exp\u00e9rience plus personnalis\u00e9e et plus pratique. Si vous avez une nouvelle adresse e-mail ou si vous avez d\u00e9m\u00e9nag\u00e9 dans un autre pays, vous pouvez la modifier dans les param\u00e8tres de votre profil en quelques clics.<\/p>\n<h3>R\u00e9initialiser l&rsquo;acc\u00e8s au compte<\/h3>\n<p>Le probl\u00e8me le plus courant lors du processus de connexion \u00e0 Rooksbet est que les joueurs oublient leur adresse e-mail ou leur mot de passe. Mais il existe une solution pour chaque situation. Si vous devez r\u00e9initialiser votre mot de passe, cliquez sur le lien \u00ab Mot de passe oubli\u00e9 ? \u00bb dans le formulaire de connexion. Nous vous enverrons le lien de r\u00e9initialisation par e-mail. Pour r\u00e9cup\u00e9rer votre adresse e-mail, contactez notre \u00e9quipe d&rsquo;assistance multilingue via le chat en direct ou par e-mail.<\/p>\n<h2>S\u00e9curit\u00e9 des donn\u00e9es personnelles chez Rooks Bet<\/h2>\n<p>Chez Rooksbet, nous prenons tr\u00e8s au s\u00e9rieux la s\u00e9curit\u00e9 et le fair-play. Il est important pour nous que vous puissiez profiter des jeux sans vous soucier de vos informations personnelles ou financi\u00e8res. C&rsquo;est pourquoi toutes les informations que vous partagez avec nous sont s\u00e9curis\u00e9es gr\u00e2ce \u00e0 un cryptage TLS 1.3 innovant. Cela les prot\u00e8ge contre les tiers.<\/p>\n<p>Nous surveillons en permanence l&rsquo;activit\u00e9 sur notre plateforme afin de pr\u00e9venir la fraude et de d\u00e9tecter toute activit\u00e9 suspecte. De plus, nous demandons \u00e0 tous nos clients de suivre la proc\u00e9dure de v\u00e9rification KYC avant leur premier retrait. Les utilisateurs doivent t\u00e9l\u00e9charger des copies de leurs documents personnels dans le syst\u00e8me Rooksbet afin de prouver leur identit\u00e9, leur \u00e2ge et la propri\u00e9t\u00e9 de leur compte de paiement.<\/p>\n<h2>FAQ<\/h2>\n<h3>Pourquoi mon compte est-il temporairement bloqu\u00e9 ?<\/h3>\n<p>Nous informons toujours nos clients lorsque leur compte est temporairement bloqu\u00e9. Les principales raisons peuvent \u00eatre une activit\u00e9 suspecte sur votre compte, une violation des conditions g\u00e9n\u00e9rales des bonus de Rooksbet Casino ou une auto-exclusion.<\/p>\n<h3>Combien de temps dure le processus de v\u00e9rification de Rooks Bet ?<\/h3>\n<p>Le t\u00e9l\u00e9chargement des documents ne prendra pas plus de quelques minutes. Ensuite, nos responsables les examineront dans un d\u00e9lai de 48 heures. Dans la plupart des cas, cela se fait plus rapidement.<\/p>\n<h3>Puis-je activer ou d\u00e9sactiver l&rsquo;authentification \u00e0 deux facteurs ?<\/h3>\n<p>Apr\u00e8s vous \u00eatre connect\u00e9 \u00e0 Rooksbet, vous pouvez activer la 2FA pour prot\u00e9ger davantage votre compte. Cela signifie que chaque fois que vous acc\u00e9dez \u00e0 votre profil, vous devrez prouver votre identit\u00e9 via une application d&rsquo;authentification sp\u00e9ciale.<\/p>\n<\/div><\/div><\/p>\n","protected":false},"excerpt":{"rendered":"<p>Connexion au casino Rooksbet Si vous avez 18 ans ou plus et que vous souhaitez jouer avec de l&rsquo;argent r\u00e9el dans l&rsquo;un des meilleurs casinos en ligne, il ne vous reste plus qu&rsquo;\u00e0 terminer votre Rooksbet login. Le processus est simple et ne prend que quelques minutes. Pour cr\u00e9er un compte, les utilisateurs doivent simplement [&hellip;]<\/p>\n","protected":false},"author":1,"featured_media":0,"parent":0,"menu_order":0,"comment_status":"closed","ping_status":"closed","template":"template-builder.php","meta":{"_acf_changed":false,"inline_featured_image":false,"footnotes":""},"class_list":["post-1482","page","type-page","status-publish","hentry"],"acf":[],"yoast_head":"<!-- This site is optimized with the Yoast SEO plugin v27.3 - https:\/\/yoast.com\/product\/yoast-seo-wordpress\/ -->\n<title>Rooksbet Connexion \u2013 Connectez-vous \u00e0 votre compte casino en toute s\u00e9curit\u00e9<\/title>\n<meta name=\"description\" content=\"Rooksbet Connexion \u2013 connectez-vous en toute s\u00e9curit\u00e9 \u00e0 votre compte casino avec un acc\u00e8s crypt\u00e9 et une v\u00e9rification rapide. G\u00e9rez la r\u00e9cup\u00e9ration de mot de passe, les param\u00e8tres de profil et les outils de compte facilement chez Rooks Bet.\" \/>\n<meta name=\"robots\" content=\"index, follow, max-snippet:-1, max-image-preview:large, max-video-preview:-1\" \/>\n<link rel=\"canonical\" href=\"https:\/\/therooksbet.org\/fr\/connexion-et-inscription\/\" \/>\n<meta property=\"og:locale\" content=\"fr_FR\" \/>\n<meta property=\"og:type\" content=\"article\" \/>\n<meta property=\"og:title\" content=\"Rooksbet Connexion \u2013 Connectez-vous \u00e0 votre compte casino en toute s\u00e9curit\u00e9\" \/>\n<meta property=\"og:description\" content=\"Rooksbet Connexion \u2013 connectez-vous en toute s\u00e9curit\u00e9 \u00e0 votre compte casino avec un acc\u00e8s crypt\u00e9 et une v\u00e9rification rapide. G\u00e9rez la r\u00e9cup\u00e9ration de mot de passe, les param\u00e8tres de profil et les outils de compte facilement chez Rooks Bet.\" \/>\n<meta property=\"og:url\" content=\"https:\/\/therooksbet.org\/fr\/connexion-et-inscription\/\" \/>\n<meta property=\"og:site_name\" content=\"rooksbet\" \/>\n<meta property=\"article:modified_time\" content=\"2026-03-12T10:17:48+00:00\" \/>\n<meta name=\"twitter:card\" content=\"summary_large_image\" \/>\n<meta name=\"twitter:label1\" content=\"Dur\u00e9e de lecture estim\u00e9e\" \/>\n\t<meta name=\"twitter:data1\" content=\"1 minute\" \/>\n<script type=\"application\/ld+json\" class=\"yoast-schema-graph\">{\"@context\":\"https:\\\/\\\/schema.org\",\"@graph\":[{\"@type\":\"WebPage\",\"@id\":\"https:\\\/\\\/therooksbet.org\\\/fr\\\/connexion-et-inscription\\\/\",\"url\":\"https:\\\/\\\/therooksbet.org\\\/fr\\\/connexion-et-inscription\\\/\",\"name\":\"Rooksbet Connexion \u2013 Connectez-vous \u00e0 votre compte casino en toute s\u00e9curit\u00e9\",\"isPartOf\":{\"@id\":\"https:\\\/\\\/therooksbet.org\\\/fr\\\/#website\"},\"datePublished\":\"2026-01-20T12:11:11+00:00\",\"dateModified\":\"2026-03-12T10:17:48+00:00\",\"description\":\"Rooksbet Connexion \u2013 connectez-vous en toute s\u00e9curit\u00e9 \u00e0 votre compte casino avec un acc\u00e8s crypt\u00e9 et une v\u00e9rification rapide. G\u00e9rez la r\u00e9cup\u00e9ration de mot de passe, les param\u00e8tres de profil et les outils de compte facilement chez Rooks Bet.\",\"breadcrumb\":{\"@id\":\"https:\\\/\\\/therooksbet.org\\\/fr\\\/connexion-et-inscription\\\/#breadcrumb\"},\"inLanguage\":\"fr-FR\",\"potentialAction\":[{\"@type\":\"ReadAction\",\"target\":[\"https:\\\/\\\/therooksbet.org\\\/fr\\\/connexion-et-inscription\\\/\"]}]},{\"@type\":\"BreadcrumbList\",\"@id\":\"https:\\\/\\\/therooksbet.org\\\/fr\\\/connexion-et-inscription\\\/#breadcrumb\",\"itemListElement\":[{\"@type\":\"ListItem\",\"position\":1,\"name\":\"Rooksbet\",\"item\":\"https:\\\/\\\/therooksbet.org\\\/fr\\\/\"},{\"@type\":\"ListItem\",\"position\":2,\"name\":\"Connexion et inscription\"}]},{\"@type\":\"WebSite\",\"@id\":\"https:\\\/\\\/therooksbet.org\\\/fr\\\/#website\",\"url\":\"https:\\\/\\\/therooksbet.org\\\/fr\\\/\",\"name\":\"Rooksbet\",\"description\":\"\",\"publisher\":{\"@id\":\"https:\\\/\\\/therooksbet.org\\\/fr\\\/#organization\"},\"potentialAction\":[{\"@type\":\"SearchAction\",\"target\":{\"@type\":\"EntryPoint\",\"urlTemplate\":\"https:\\\/\\\/therooksbet.org\\\/fr\\\/?s={search_term_string}\"},\"query-input\":{\"@type\":\"PropertyValueSpecification\",\"valueRequired\":true,\"valueName\":\"search_term_string\"}}],\"inLanguage\":\"fr-FR\"},{\"@type\":\"Organization\",\"@id\":\"https:\\\/\\\/therooksbet.org\\\/fr\\\/#organization\",\"name\":\"Rooksbet\",\"url\":\"https:\\\/\\\/therooksbet.org\\\/fr\\\/\",\"logo\":{\"@type\":\"ImageObject\",\"inLanguage\":\"fr-FR\",\"@id\":\"https:\\\/\\\/therooksbet.org\\\/fr\\\/#\\\/schema\\\/logo\\\/image\\\/\",\"url\":\"https:\\\/\\\/therooksbet.org\\\/wp-content\\\/uploads\\\/2026\\\/03\\\/80u1FaquEZeR6OUTeJCc.png.webp\",\"contentUrl\":\"https:\\\/\\\/therooksbet.org\\\/wp-content\\\/uploads\\\/2026\\\/03\\\/80u1FaquEZeR6OUTeJCc.png.webp\",\"width\":167,\"height\":44,\"caption\":\"Rooksbet\"},\"image\":{\"@id\":\"https:\\\/\\\/therooksbet.org\\\/fr\\\/#\\\/schema\\\/logo\\\/image\\\/\"}}]}<\/script>\n<!-- \/ Yoast SEO plugin. -->","yoast_head_json":{"title":"Rooksbet Connexion \u2013 Connectez-vous \u00e0 votre compte casino en toute s\u00e9curit\u00e9","description":"Rooksbet Connexion \u2013 connectez-vous en toute s\u00e9curit\u00e9 \u00e0 votre compte casino avec un acc\u00e8s crypt\u00e9 et une v\u00e9rification rapide. G\u00e9rez la r\u00e9cup\u00e9ration de mot de passe, les param\u00e8tres de profil et les outils de compte facilement chez Rooks Bet.","robots":{"index":"index","follow":"follow","max-snippet":"max-snippet:-1","max-image-preview":"max-image-preview:large","max-video-preview":"max-video-preview:-1"},"canonical":"https:\/\/therooksbet.org\/fr\/connexion-et-inscription\/","og_locale":"fr_FR","og_type":"article","og_title":"Rooksbet Connexion \u2013 Connectez-vous \u00e0 votre compte casino en toute s\u00e9curit\u00e9","og_description":"Rooksbet Connexion \u2013 connectez-vous en toute s\u00e9curit\u00e9 \u00e0 votre compte casino avec un acc\u00e8s crypt\u00e9 et une v\u00e9rification rapide. G\u00e9rez la r\u00e9cup\u00e9ration de mot de passe, les param\u00e8tres de profil et les outils de compte facilement chez Rooks Bet.","og_url":"https:\/\/therooksbet.org\/fr\/connexion-et-inscription\/","og_site_name":"rooksbet","article_modified_time":"2026-03-12T10:17:48+00:00","twitter_card":"summary_large_image","twitter_misc":{"Dur\u00e9e de lecture estim\u00e9e":"1 minute"},"schema":{"@context":"https:\/\/schema.org","@graph":[{"@type":"WebPage","@id":"https:\/\/therooksbet.org\/fr\/connexion-et-inscription\/","url":"https:\/\/therooksbet.org\/fr\/connexion-et-inscription\/","name":"Rooksbet Connexion \u2013 Connectez-vous \u00e0 votre compte casino en toute s\u00e9curit\u00e9","isPartOf":{"@id":"https:\/\/therooksbet.org\/fr\/#website"},"datePublished":"2026-01-20T12:11:11+00:00","dateModified":"2026-03-12T10:17:48+00:00","description":"Rooksbet Connexion \u2013 connectez-vous en toute s\u00e9curit\u00e9 \u00e0 votre compte casino avec un acc\u00e8s crypt\u00e9 et une v\u00e9rification rapide. G\u00e9rez la r\u00e9cup\u00e9ration de mot de passe, les param\u00e8tres de profil et les outils de compte facilement chez Rooks Bet.","breadcrumb":{"@id":"https:\/\/therooksbet.org\/fr\/connexion-et-inscription\/#breadcrumb"},"inLanguage":"fr-FR","potentialAction":[{"@type":"ReadAction","target":["https:\/\/therooksbet.org\/fr\/connexion-et-inscription\/"]}]},{"@type":"BreadcrumbList","@id":"https:\/\/therooksbet.org\/fr\/connexion-et-inscription\/#breadcrumb","itemListElement":[{"@type":"ListItem","position":1,"name":"Rooksbet","item":"https:\/\/therooksbet.org\/fr\/"},{"@type":"ListItem","position":2,"name":"Connexion et inscription"}]},{"@type":"WebSite","@id":"https:\/\/therooksbet.org\/fr\/#website","url":"https:\/\/therooksbet.org\/fr\/","name":"Rooksbet","description":"","publisher":{"@id":"https:\/\/therooksbet.org\/fr\/#organization"},"potentialAction":[{"@type":"SearchAction","target":{"@type":"EntryPoint","urlTemplate":"https:\/\/therooksbet.org\/fr\/?s={search_term_string}"},"query-input":{"@type":"PropertyValueSpecification","valueRequired":true,"valueName":"search_term_string"}}],"inLanguage":"fr-FR"},{"@type":"Organization","@id":"https:\/\/therooksbet.org\/fr\/#organization","name":"Rooksbet","url":"https:\/\/therooksbet.org\/fr\/","logo":{"@type":"ImageObject","inLanguage":"fr-FR","@id":"https:\/\/therooksbet.org\/fr\/#\/schema\/logo\/image\/","url":"https:\/\/therooksbet.org\/wp-content\/uploads\/2026\/03\/80u1FaquEZeR6OUTeJCc.png.webp","contentUrl":"https:\/\/therooksbet.org\/wp-content\/uploads\/2026\/03\/80u1FaquEZeR6OUTeJCc.png.webp","width":167,"height":44,"caption":"Rooksbet"},"image":{"@id":"https:\/\/therooksbet.org\/fr\/#\/schema\/logo\/image\/"}}]}},"_links":{"self":[{"href":"https:\/\/therooksbet.org\/fr\/wp-json\/wp\/v2\/pages\/1482","targetHints":{"allow":["GET"]}}],"collection":[{"href":"https:\/\/therooksbet.org\/fr\/wp-json\/wp\/v2\/pages"}],"about":[{"href":"https:\/\/therooksbet.org\/fr\/wp-json\/wp\/v2\/types\/page"}],"author":[{"embeddable":true,"href":"https:\/\/therooksbet.org\/fr\/wp-json\/wp\/v2\/users\/1"}],"replies":[{"embeddable":true,"href":"https:\/\/therooksbet.org\/fr\/wp-json\/wp\/v2\/comments?post=1482"}],"version-history":[{"count":3,"href":"https:\/\/therooksbet.org\/fr\/wp-json\/wp\/v2\/pages\/1482\/revisions"}],"predecessor-version":[{"id":2078,"href":"https:\/\/therooksbet.org\/fr\/wp-json\/wp\/v2\/pages\/1482\/revisions\/2078"}],"wp:attachment":[{"href":"https:\/\/therooksbet.org\/fr\/wp-json\/wp\/v2\/media?parent=1482"}],"curies":[{"name":"wp","href":"https:\/\/api.w.org\/{rel}","templated":true}]}}