{"id":1445,"date":"2026-01-20T12:08:23","date_gmt":"2026-01-20T12:08:23","guid":{"rendered":"https:\/\/bonuskongcasino.com\/app\/"},"modified":"2026-03-12T11:27:19","modified_gmt":"2026-03-12T11:27:19","slug":"applicazione","status":"publish","type":"page","link":"https:\/\/therooksbet.org\/it\/applicazione\/","title":{"rendered":"Applicazione"},"content":{"rendered":"<h1>Piattaforma mobile Rooksbet<\/h1>\n<p>Con il nostro casin\u00f2 online, non ci sono limiti per i clienti italiani. Se vuoi giocare mentre sei in giro, ti offriamo una comoda Rooksbet App compatibile con tutti i moderni dispositivi Android e iOS. Per installarla basta una connessione Internet stabile e un dispositivo mobile moderno. Non occuper\u00e0 molto spazio nella memoria del tuo smartphone o tablet.<\/p>\n<div class=\"banner-wrap\" aria-label=\"Banner\"><img src=\"https:\/\/therooksbet.org\/wp-content\/uploads\/Rooksbet-banner-desktop.webp\" class=\"w-100 d-none d-lg-block img-pc main-banner-img\" alt=\"Rooksbet banner desktop\" fetchpriority=\"high\" decoding=\"async\"><img src=\"https:\/\/therooksbet.org\/wp-content\/uploads\/2026\/03\/eOLy2N8LgH3NW5QxswwX-300x300-1.png\" class=\"w-100 d-none d-md-block d-lg-none main-banner-img\" alt=\"rooksbet mobile banner\" fetchpriority=\"high\" decoding=\"async\"><img src=\"https:\/\/therooksbet.org\/wp-content\/uploads\/2026\/03\/eOLy2N8LgH3NW5QxswwX-300x300-1.png\" class=\"w-100 d-md-none\" alt=\"rooksbet mobile banner\" fetchpriority=\"high\" decoding=\"async\"><div class=\"banner-description\">\n<div class=\"banner-title\">Bonus di benvenuto<\/div>\n<p class=\"banner-header-title\">1500 \u20ac<\/p>\n<div class=\"banner-header-AdditionalText\">+ 250 Giri gratuiti<\/div>\n<button data-item=\"homepage_banner_link\" class=\"goto m-button m-gradient-border m-button--primary m-button--large banner-button btn-orange\">\n            <div class=\"m-button-content\">\n                <span>Iscriviti ora<\/span>\n                <span><\/span>\n            <\/div>\n        <\/button>\n<\/div>\n<div class=\"WelcomePack\">\n<p><img loading=\"lazy\" decoding=\"async\" class=\"alignnone size-full wp-image-1895\" src=\"https:\/\/therooksbet.org\/wp-content\/uploads\/2026\/03\/welcome-crown-1.png\" alt=\"welcome crown\" width=\"25\" height=\"26\" \/><\/p>\n<div class=\"WelcomePack-Info\">Cashback settimanale fino al 25%<\/div>\n<p><img loading=\"lazy\" decoding=\"async\" class=\"alignnone size-full wp-image-1895\" src=\"https:\/\/therooksbet.org\/wp-content\/uploads\/2026\/03\/welcome-crown-1.png\" alt=\"welcome crown\" width=\"25\" height=\"26\" \/><\/p>\n<\/div>\n<\/div>\n<h2>Caratteristiche principali del casin\u00f2 mobile<\/h2>\n<p>Oltre l&#8217;80% degli utenti preferisce utilizzare tutti i propri siti web e giochi preferiti in movimento. Per rendere questo possibile, i marchi devono offrire ai propri clienti versioni mobili delle loro fonti preferite. Rooks Bet Casino non fa eccezione. Il nostro sito web \u00e8 disponibile su qualsiasi browser mobile, inclusi Google Chrome e Safari. L&#8217;esperienza di gioco \u00e8 la stessa che su un computer desktop.<\/p>\n<p>C&#8217;\u00e8 anche un&#8217;altra opzione per un&#8217;esperienza di gioco pi\u00f9 personalizzata: l&#8217;app Rooksbet. Ha un design e una navigazione familiari, quindi non incontrerai alcuna difficolt\u00e0 nell&#8217;utilizzarla. Sono disponibili tutte le stesse funzionalit\u00e0, inclusi giochi, pagamenti, registrazione e molto altro.<\/p>\n<h3>Requisiti dell&#8217;app<\/h3>\n<p>Il software mobile Rooks Bet \u00e8 sviluppato come un&#8217;applicazione web progressiva (PWA). Non \u00e8 necessario alcun account aggiuntivo negli app store, poich\u00e9 l&#8217;installazione pu\u00f2 essere effettuata direttamente dal nostro sito web. Come qualsiasi applicazione, Rooksbet Casino ha requisiti specifici che devono essere soddisfatti per una corretta installazione e utilizzo del software.<\/p>\n<table>\n<tbody>\n<tr>\n<td>Requisito<\/td>\n<td>Dettagli<\/td>\n<td>Perch\u00e9 \u00e8 importante<\/td>\n<\/tr>\n<tr>\n<td>Browser mobile moderno<\/td>\n<td>Si consiglia di utilizzare le ultime versioni di Chrome, Safari o Firefox<\/td>\n<td>Garantisce piena compatibilit\u00e0 e prestazioni fluide<\/td>\n<\/tr>\n<tr>\n<td>Connessione Internet stabile<\/td>\n<td>Il Wi-Fi \u00e8 l&#8217;opzione migliore, ma anche il 4G o il 5G ad alta velocit\u00e0 sono ottimi<\/td>\n<td>Previene interruzioni durante il gioco e le transazioni<\/td>\n<\/tr>\n<tr>\n<td>JavaScript abilitato<\/td>\n<td>\u00c8 necessario attivarlo nelle impostazioni del browser<\/td>\n<td>Consente il corretto funzionamento dell&#8217;interfaccia dell&#8217;app e delle funzionalit\u00e0 di gioco<\/td>\n<\/tr>\n<tr>\n<td>Spazio di archiviazione sufficiente sul dispositivo<\/td>\n<td>L&#8217;app utilizza solo una piccola quantit\u00e0 di spazio libero per i dati memorizzati nella cache<\/td>\n<td>Consente tempi di caricamento pi\u00f9 rapidi ed elementi offline<\/td>\n<\/tr>\n<tr>\n<td>Sistema operativo aggiornato<\/td>\n<td>\u00c8 preferibile disporre di una versione recente di Android o iOS<\/td>\n<td>Garantisce aggiornamenti di sicurezza e integrazione ottimale del sistema<\/td>\n<\/tr>\n<\/tbody>\n<\/table>\n<p><div class=\"scrollable-content-wrap my-5\"><div class=\"scrollable-content-inner\"><h2><span style=\"font-weight: 400\">App Rooksbet per Android<\/span><\/h2>\n<p><span style=\"font-weight: 400\">Indipendentemente dal modello esatto del tuo dispositivo Android, hai sempre la possibilit\u00e0 di utilizzare <\/span><span style=\"font-weight: 400\">il<\/span><span style=\"font-weight: 400\"> nostro <\/span><span style=\"font-weight: 400\">casin\u00f2 mobile<\/span><span style=\"font-weight: 400\">. Puoi semplicemente visitare la piattaforma con qualsiasi browser preferisci o installare un&#8217;applicazione dedicata. Su <\/span><span style=\"font-weight: 400\">Rooksbet Casino <\/span><span style=\"font-weight: 400\">non ti limitiamo nella scelta o nella combinazione di queste opzioni. L&#8217;importante \u00e8 che utilizzi lo stesso account per tutti i tuoi dispositivi.<\/span><\/p>\n<p><span style=\"font-weight: 400\">L&#8217;app Rooks Bet <\/span><span style=\"font-weight: 400\">e il sito web mobile si adattano perfettamente alle dimensioni e alla risoluzione del tuo schermo. Sono stati progettati con una speciale funzionalit\u00e0 di controllo touch che ti aiuta a divertirti mentre giochi.<\/span><\/p>\n<h3><span style=\"font-weight: 400\">Installazione passo dopo passo<\/span><\/h3>\n<p><span style=\"font-weight: 400\">Ogni utente pu\u00f2 decidere autonomamente quali opzioni scegliere. Possiamo solo dire che l&#8217;applicazione <\/span><span style=\"font-weight: 400\">Rooksbet <\/span><span style=\"font-weight: 400\">offre un&#8217;esperienza pi\u00f9 personalizzata. Potrai accedere a tutte le funzionalit\u00e0 necessarie con un solo clic dalla schermata iniziale. Gli utenti possono anche impostare notifiche per eventuali aggiornamenti, progressi dei bonus o nuove uscite di giochi.<\/span><\/p>\n<p><span style=\"font-weight: 400\">Le nostre linee guida riportate di seguito ti aiuteranno a installare correttamente l&#8217;app senza alcun problema:<\/span><\/p>\n<ol>\n<li><span style=\"font-weight: 400\">Visita il nostro sito web dal tuo smartphone o tablet Android. \u00c8 molto importante installarla dal sito web ufficiale per evitare frodi.<\/span><\/li>\n<li><span style=\"font-weight: 400\">Vai alle impostazioni del browser cliccando sul pulsante &#8220;Altro&#8221; che assomiglia a tre puntini verticali.<\/span><\/li>\n<li><span style=\"font-weight: 400\">Nel menu, trova e clicca su &#8220;Aggiungi alla schermata iniziale&#8221;.<\/span><\/li>\n<li><span style=\"font-weight: 400\">Personalizza l&#8217;icona <\/span><span style=\"font-weight: 400\">di Rooksbet <\/span><span style=\"font-weight: 400\">se necessario. Puoi cambiarne il nome e l&#8217;aspetto.<\/span><\/li>\n<li><span style=\"font-weight: 400\">Clicca su &#8220;Aggiungi&#8221; per confermare l&#8217;azione. L&#8217;icona apparir\u00e0 immediatamente sulla tua schermata iniziale.<\/span><\/li>\n<\/ol>\n<p><img loading=\"lazy\" decoding=\"async\" class=\"alignnone size-full wp-image-1954\" src=\"https:\/\/therooksbet.org\/wp-content\/uploads\/2026\/03\/Rooksbet-Android-App.webp\" alt=\"Rooksbet Android App\" width=\"1248\" height=\"536\" srcset=\"https:\/\/therooksbet.org\/wp-content\/uploads\/2026\/03\/Rooksbet-Android-App.webp 1248w, https:\/\/therooksbet.org\/wp-content\/uploads\/2026\/03\/Rooksbet-Android-App-300x129.webp 300w, https:\/\/therooksbet.org\/wp-content\/uploads\/2026\/03\/Rooksbet-Android-App-1024x440.webp 1024w, https:\/\/therooksbet.org\/wp-content\/uploads\/2026\/03\/Rooksbet-Android-App-768x330.webp 768w\" sizes=\"auto, (max-width: 1248px) 100vw, 1248px\" \/><\/p>\n<\/div><\/div><div style=\"clear: both\"><\/div><div class=\"d-flex justify-content-center\"><button data-item=\"decouvrez_link\" data-group=\"website_links\" class=\"goto fw-bold rounded-pill btn btn-orange\" aria-label=\"Scarica l&#039;app Rooksbet\" >Scarica l&#039;app Rooksbet<\/button><\/div><div class=\"scrollable-content-wrap my-5\"><div class=\"scrollable-content-inner\"><h2>Giocare su iPhone e iPad<\/h2>\n<p>Se possiedi un iPhone o un iPad, sei fortunato perch\u00e9 puoi utilizzare il nostro casin\u00f2 online sul tuo dispositivo mobile. Alcuni giocatori temono che nella versione mobile siano disponibili solo pochi giochi, ma si tratta di un&#8217;illusione. L&#8217;app Rooksbet Casino offre oltre 6.000 titoli, tra cui slot online, giochi da tavolo, giochi da casin\u00f2 dal vivo e opzioni con vincita immediata.<\/p>\n<p>A causa delle restrizioni dell&#8217;App Store sulle app di casin\u00f2, il nostro software mobile \u00e8 disponibile per l&#8217;installazione direttamente dal sito web ufficiale. Testiamo regolarmente l&#8217;app Rooksbet e possiamo garantire che \u00e8 completamente sicura per il tuo dispositivo.<\/p>\n<p>Il processo di installazione per un dispositivo iOS \u00e8 semplice e richiede circa 3 minuti del tuo tempo. Sul nostro sito web, vai a pi\u00e8 di pagina della pagina principale e clicca sul pulsante &#8220;App Casin\u00f2&#8221;. Nella pagina appena apparsa, gli utenti devono selezionare &#8220;Installa&#8221;. In pochi secondi, l&#8217;icona di Rooks Bet apparir\u00e0 sulla tua schermata iniziale.<\/p>\n<p><img loading=\"lazy\" decoding=\"async\" class=\"alignnone size-full wp-image-1962\" src=\"https:\/\/therooksbet.org\/wp-content\/uploads\/2026\/03\/Rooksbet-iOS-App.webp\" alt=\"Rooksbet iOS App\" width=\"1248\" height=\"536\" srcset=\"https:\/\/therooksbet.org\/wp-content\/uploads\/2026\/03\/Rooksbet-iOS-App.webp 1248w, https:\/\/therooksbet.org\/wp-content\/uploads\/2026\/03\/Rooksbet-iOS-App-300x129.webp 300w, https:\/\/therooksbet.org\/wp-content\/uploads\/2026\/03\/Rooksbet-iOS-App-1024x440.webp 1024w, https:\/\/therooksbet.org\/wp-content\/uploads\/2026\/03\/Rooksbet-iOS-App-768x330.webp 768w\" sizes=\"auto, (max-width: 1248px) 100vw, 1248px\" \/><\/p>\n<\/div><\/div><div style=\"clear: both\"><\/div><div class=\"d-flex justify-content-center\"><button data-item=\"decouvrez_link\" data-group=\"website_links\" class=\"goto fw-bold rounded-pill btn btn-orange\" aria-label=\"Scarica l&#039;app Rooksbet\" >Scarica l&#039;app Rooksbet<\/button><\/div><div class=\"scrollable-content-wrap my-5\"><div class=\"scrollable-content-inner\"><h2>Rooksbet Casino per Windows e macOS<\/h2>\n<p>Tutti i nostri clienti possono utilizzare Rooksbet Casino anche sui loro PC o laptop. Supportiamo tutti i dispositivi con sistemi operativi Windows e macOS. Come per i dispositivi mobili, la piattaforma si ottimizzer\u00e0 per il tuo schermo.<\/p>\n<p>Per un accesso pi\u00f9 rapido al nostro sito web, puoi installare l&#8217;icona di collegamento. Questa funzione \u00e8 disponibile in qualsiasi browser moderno. Questo passaggio ti consentir\u00e0 di evitare di andare sul browser e cercare il nostro casin\u00f2 online. Se hai domande sul processo di installazione, puoi contattare il team di assistenza multilingue di Rooksbet tramite live chat o e-mail.<\/p>\n<p><img loading=\"lazy\" decoding=\"async\" class=\"alignnone size-full wp-image-1970\" src=\"https:\/\/therooksbet.org\/wp-content\/uploads\/2026\/03\/Rooksbet-Desktop.webp\" alt=\"Rooksbet Desktop\" width=\"1248\" height=\"536\" srcset=\"https:\/\/therooksbet.org\/wp-content\/uploads\/2026\/03\/Rooksbet-Desktop.webp 1248w, https:\/\/therooksbet.org\/wp-content\/uploads\/2026\/03\/Rooksbet-Desktop-300x129.webp 300w, https:\/\/therooksbet.org\/wp-content\/uploads\/2026\/03\/Rooksbet-Desktop-1024x440.webp 1024w, https:\/\/therooksbet.org\/wp-content\/uploads\/2026\/03\/Rooksbet-Desktop-768x330.webp 768w\" sizes=\"auto, (max-width: 1248px) 100vw, 1248px\" \/><\/p>\n<\/div><\/div><div style=\"clear: both\"><\/div><div class=\"d-flex justify-content-center\"><button data-item=\"decouvrez_link\" data-group=\"website_links\" class=\"goto fw-bold rounded-pill btn btn-orange\" aria-label=\"Scarica l&#039;app Rooksbet\" >Scarica l&#039;app Rooksbet<\/button><\/div><div class=\"scrollable-content-wrap my-5\"><div class=\"scrollable-content-inner\"><h2>FAQ<\/h2>\n<h3>Il processo di verifica \u00e8 richiesto anche per gli utenti mobili?<\/h3>\n<p>Se stai effettuando il primo prelievo nell&#8217;app mobile, dovrai completare il processo di verifica. La procedura funziona allo stesso modo di quella su desktop. Dopo averla completata, non avrai ulteriori ritardi con i prelievi.<\/p>\n<h3>La disinstallazione dell&#8217;app Rooksbet comporta la cancellazione del mio account?<\/h3>\n<p>Se decidi di sospendere o interrompere l&#8217;utilizzo del software mobile, ci\u00f2 non cambier\u00e0 nulla riguardo al tuo profilo. Tutti i tuoi risultati e il tuo saldo saranno salvati, quindi potrai giocare da un PC o reinstallare l&#8217;app in futuro.<\/p>\n<h3>Il software mobile \u00e8 sicuro e affidabile?<\/h3>\n<p>Tutti i tuoi dati personali sono protetti da sistemi di crittografia TLS 1.3. Utilizziamo innovativi firewall per applicazioni web per bloccare tentativi sospetti che prendono di mira il software. Su Rooks Bet Casino puoi giocare senza ulteriori preoccupazioni.<\/p>\n<\/div><\/div><\/p>\n","protected":false},"excerpt":{"rendered":"<p>Piattaforma mobile Rooksbet Con il nostro casin\u00f2 online, non ci sono limiti per i clienti italiani. Se vuoi giocare mentre sei in giro, ti offriamo una comoda Rooksbet App compatibile con tutti i moderni dispositivi Android e iOS. Per installarla basta una connessione Internet stabile e un dispositivo mobile moderno. Non occuper\u00e0 molto spazio nella [&hellip;]<\/p>\n","protected":false},"author":1,"featured_media":0,"parent":0,"menu_order":0,"comment_status":"closed","ping_status":"closed","template":"template-builder.php","meta":{"_acf_changed":false,"inline_featured_image":false,"footnotes":""},"class_list":["post-1445","page","type-page","status-publish","hentry"],"acf":[],"yoast_head":"<!-- This site is optimized with the Yoast SEO plugin v27.3 - https:\/\/yoast.com\/product\/yoast-seo-wordpress\/ -->\n<title>Rooksbet App | App Ufficiale per Android &amp; iOS<\/title>\n<meta name=\"description\" content=\"Rooksbet App \u2013 scarica l&#039;app ufficiale per Android e iOS per giocare a slot, giochi da tavolo e casin\u00f2 dal vivo ovunque. Goditi prestazioni fluide e accesso completo al tuo account con Rooks Bet.\" \/>\n<meta name=\"robots\" content=\"index, follow, max-snippet:-1, max-image-preview:large, max-video-preview:-1\" \/>\n<link rel=\"canonical\" href=\"https:\/\/therooksbet.org\/it\/applicazione\/\" \/>\n<meta property=\"og:locale\" content=\"it_IT\" \/>\n<meta property=\"og:type\" content=\"article\" \/>\n<meta property=\"og:title\" content=\"Rooksbet App | App Ufficiale per Android &amp; iOS\" \/>\n<meta property=\"og:description\" content=\"Rooksbet App \u2013 scarica l&#039;app ufficiale per Android e iOS per giocare a slot, giochi da tavolo e casin\u00f2 dal vivo ovunque. Goditi prestazioni fluide e accesso completo al tuo account con Rooks Bet.\" \/>\n<meta property=\"og:url\" content=\"https:\/\/therooksbet.org\/it\/applicazione\/\" \/>\n<meta property=\"og:site_name\" content=\"rooksbet\" \/>\n<meta property=\"article:modified_time\" content=\"2026-03-12T11:27:19+00:00\" \/>\n<meta name=\"twitter:card\" content=\"summary_large_image\" \/>\n<meta name=\"twitter:label1\" content=\"Est. reading time\" \/>\n\t<meta name=\"twitter:data1\" content=\"2 minutes\" \/>\n<script type=\"application\/ld+json\" class=\"yoast-schema-graph\">{\"@context\":\"https:\\\/\\\/schema.org\",\"@graph\":[{\"@type\":\"WebPage\",\"@id\":\"https:\\\/\\\/therooksbet.org\\\/it\\\/applicazione\\\/\",\"url\":\"https:\\\/\\\/therooksbet.org\\\/it\\\/applicazione\\\/\",\"name\":\"Rooksbet App | App Ufficiale per Android & iOS\",\"isPartOf\":{\"@id\":\"https:\\\/\\\/therooksbet.org\\\/it\\\/#website\"},\"datePublished\":\"2026-01-20T12:08:23+00:00\",\"dateModified\":\"2026-03-12T11:27:19+00:00\",\"description\":\"Rooksbet App \u2013 scarica l'app ufficiale per Android e iOS per giocare a slot, giochi da tavolo e casin\u00f2 dal vivo ovunque. Goditi prestazioni fluide e accesso completo al tuo account con Rooks Bet.\",\"breadcrumb\":{\"@id\":\"https:\\\/\\\/therooksbet.org\\\/it\\\/applicazione\\\/#breadcrumb\"},\"inLanguage\":\"it-IT\",\"potentialAction\":[{\"@type\":\"ReadAction\",\"target\":[\"https:\\\/\\\/therooksbet.org\\\/it\\\/applicazione\\\/\"]}]},{\"@type\":\"BreadcrumbList\",\"@id\":\"https:\\\/\\\/therooksbet.org\\\/it\\\/applicazione\\\/#breadcrumb\",\"itemListElement\":[{\"@type\":\"ListItem\",\"position\":1,\"name\":\"Rooksbet\",\"item\":\"https:\\\/\\\/therooksbet.org\\\/it\\\/\"},{\"@type\":\"ListItem\",\"position\":2,\"name\":\"Applicazione\"}]},{\"@type\":\"WebSite\",\"@id\":\"https:\\\/\\\/therooksbet.org\\\/it\\\/#website\",\"url\":\"https:\\\/\\\/therooksbet.org\\\/it\\\/\",\"name\":\"Rooksbet\",\"description\":\"\",\"publisher\":{\"@id\":\"https:\\\/\\\/therooksbet.org\\\/it\\\/#organization\"},\"potentialAction\":[{\"@type\":\"SearchAction\",\"target\":{\"@type\":\"EntryPoint\",\"urlTemplate\":\"https:\\\/\\\/therooksbet.org\\\/it\\\/?s={search_term_string}\"},\"query-input\":{\"@type\":\"PropertyValueSpecification\",\"valueRequired\":true,\"valueName\":\"search_term_string\"}}],\"inLanguage\":\"it-IT\"},{\"@type\":\"Organization\",\"@id\":\"https:\\\/\\\/therooksbet.org\\\/it\\\/#organization\",\"name\":\"Rooksbet\",\"url\":\"https:\\\/\\\/therooksbet.org\\\/it\\\/\",\"logo\":{\"@type\":\"ImageObject\",\"inLanguage\":\"it-IT\",\"@id\":\"https:\\\/\\\/therooksbet.org\\\/it\\\/#\\\/schema\\\/logo\\\/image\\\/\",\"url\":\"https:\\\/\\\/therooksbet.org\\\/wp-content\\\/uploads\\\/2026\\\/03\\\/80u1FaquEZeR6OUTeJCc.png.webp\",\"contentUrl\":\"https:\\\/\\\/therooksbet.org\\\/wp-content\\\/uploads\\\/2026\\\/03\\\/80u1FaquEZeR6OUTeJCc.png.webp\",\"width\":167,\"height\":44,\"caption\":\"Rooksbet\"},\"image\":{\"@id\":\"https:\\\/\\\/therooksbet.org\\\/it\\\/#\\\/schema\\\/logo\\\/image\\\/\"}}]}<\/script>\n<!-- \/ Yoast SEO plugin. -->","yoast_head_json":{"title":"Rooksbet App | App Ufficiale per Android & iOS","description":"Rooksbet App \u2013 scarica l'app ufficiale per Android e iOS per giocare a slot, giochi da tavolo e casin\u00f2 dal vivo ovunque. Goditi prestazioni fluide e accesso completo al tuo account con Rooks Bet.","robots":{"index":"index","follow":"follow","max-snippet":"max-snippet:-1","max-image-preview":"max-image-preview:large","max-video-preview":"max-video-preview:-1"},"canonical":"https:\/\/therooksbet.org\/it\/applicazione\/","og_locale":"it_IT","og_type":"article","og_title":"Rooksbet App | App Ufficiale per Android & iOS","og_description":"Rooksbet App \u2013 scarica l'app ufficiale per Android e iOS per giocare a slot, giochi da tavolo e casin\u00f2 dal vivo ovunque. Goditi prestazioni fluide e accesso completo al tuo account con Rooks Bet.","og_url":"https:\/\/therooksbet.org\/it\/applicazione\/","og_site_name":"rooksbet","article_modified_time":"2026-03-12T11:27:19+00:00","twitter_card":"summary_large_image","twitter_misc":{"Est. reading time":"2 minutes"},"schema":{"@context":"https:\/\/schema.org","@graph":[{"@type":"WebPage","@id":"https:\/\/therooksbet.org\/it\/applicazione\/","url":"https:\/\/therooksbet.org\/it\/applicazione\/","name":"Rooksbet App | App Ufficiale per Android & iOS","isPartOf":{"@id":"https:\/\/therooksbet.org\/it\/#website"},"datePublished":"2026-01-20T12:08:23+00:00","dateModified":"2026-03-12T11:27:19+00:00","description":"Rooksbet App \u2013 scarica l'app ufficiale per Android e iOS per giocare a slot, giochi da tavolo e casin\u00f2 dal vivo ovunque. Goditi prestazioni fluide e accesso completo al tuo account con Rooks Bet.","breadcrumb":{"@id":"https:\/\/therooksbet.org\/it\/applicazione\/#breadcrumb"},"inLanguage":"it-IT","potentialAction":[{"@type":"ReadAction","target":["https:\/\/therooksbet.org\/it\/applicazione\/"]}]},{"@type":"BreadcrumbList","@id":"https:\/\/therooksbet.org\/it\/applicazione\/#breadcrumb","itemListElement":[{"@type":"ListItem","position":1,"name":"Rooksbet","item":"https:\/\/therooksbet.org\/it\/"},{"@type":"ListItem","position":2,"name":"Applicazione"}]},{"@type":"WebSite","@id":"https:\/\/therooksbet.org\/it\/#website","url":"https:\/\/therooksbet.org\/it\/","name":"Rooksbet","description":"","publisher":{"@id":"https:\/\/therooksbet.org\/it\/#organization"},"potentialAction":[{"@type":"SearchAction","target":{"@type":"EntryPoint","urlTemplate":"https:\/\/therooksbet.org\/it\/?s={search_term_string}"},"query-input":{"@type":"PropertyValueSpecification","valueRequired":true,"valueName":"search_term_string"}}],"inLanguage":"it-IT"},{"@type":"Organization","@id":"https:\/\/therooksbet.org\/it\/#organization","name":"Rooksbet","url":"https:\/\/therooksbet.org\/it\/","logo":{"@type":"ImageObject","inLanguage":"it-IT","@id":"https:\/\/therooksbet.org\/it\/#\/schema\/logo\/image\/","url":"https:\/\/therooksbet.org\/wp-content\/uploads\/2026\/03\/80u1FaquEZeR6OUTeJCc.png.webp","contentUrl":"https:\/\/therooksbet.org\/wp-content\/uploads\/2026\/03\/80u1FaquEZeR6OUTeJCc.png.webp","width":167,"height":44,"caption":"Rooksbet"},"image":{"@id":"https:\/\/therooksbet.org\/it\/#\/schema\/logo\/image\/"}}]}},"_links":{"self":[{"href":"https:\/\/therooksbet.org\/it\/wp-json\/wp\/v2\/pages\/1445","targetHints":{"allow":["GET"]}}],"collection":[{"href":"https:\/\/therooksbet.org\/it\/wp-json\/wp\/v2\/pages"}],"about":[{"href":"https:\/\/therooksbet.org\/it\/wp-json\/wp\/v2\/types\/page"}],"author":[{"embeddable":true,"href":"https:\/\/therooksbet.org\/it\/wp-json\/wp\/v2\/users\/1"}],"replies":[{"embeddable":true,"href":"https:\/\/therooksbet.org\/it\/wp-json\/wp\/v2\/comments?post=1445"}],"version-history":[{"count":4,"href":"https:\/\/therooksbet.org\/it\/wp-json\/wp\/v2\/pages\/1445\/revisions"}],"predecessor-version":[{"id":2100,"href":"https:\/\/therooksbet.org\/it\/wp-json\/wp\/v2\/pages\/1445\/revisions\/2100"}],"wp:attachment":[{"href":"https:\/\/therooksbet.org\/it\/wp-json\/wp\/v2\/media?parent=1445"}],"curies":[{"name":"wp","href":"https:\/\/api.w.org\/{rel}","templated":true}]}}