{"id":1457,"date":"2026-01-20T12:21:20","date_gmt":"2026-01-20T12:21:20","guid":{"rendered":"https:\/\/bonuskongcasino.com\/bonus\/"},"modified":"2026-03-12T11:33:07","modified_gmt":"2026-03-12T11:33:07","slug":"bonus","status":"publish","type":"page","link":"https:\/\/therooksbet.org\/it\/bonus\/","title":{"rendered":"Bonus"},"content":{"rendered":"<h1>Bonus e promozioni Rooksbet<\/h1>\n<p>Per tutti i nostri utenti italiani che desiderano ottenere qualcosa in pi\u00f9 delle semplici vincite dal gioco, \u00e8 disponibile una generosa collezione di Rooksbet bonus. Offre diversi premi, tra cui giri gratuiti, bonus in denaro, round aggiuntivi, monete e molti altri vantaggi. Abbiamo opzioni per tutti i tipi di giocatori con preferenze e budget diversi.<\/p>\n<p><div class=\"banner-wrap\" aria-label=\"Banner\"><img src=\"https:\/\/therooksbet.org\/wp-content\/uploads\/Rooksbet-banner-desktop.webp\" class=\"w-100 d-none d-lg-block img-pc main-banner-img\" alt=\"Rooksbet banner desktop\" fetchpriority=\"high\" decoding=\"async\"><img src=\"https:\/\/therooksbet.org\/wp-content\/uploads\/2026\/03\/eOLy2N8LgH3NW5QxswwX-300x300-1.png\" class=\"w-100 d-none d-md-block d-lg-none main-banner-img\" alt=\"rooksbet mobile banner\" fetchpriority=\"high\" decoding=\"async\"><img src=\"https:\/\/therooksbet.org\/wp-content\/uploads\/2026\/03\/eOLy2N8LgH3NW5QxswwX-300x300-1.png\" class=\"w-100 d-md-none\" alt=\"rooksbet mobile banner\" fetchpriority=\"high\" decoding=\"async\"><div class=\"banner-description\">\n<div class=\"banner-title\">Bonus di benvenuto<\/div>\n<p class=\"banner-header-title\">1500 \u20ac<\/p>\n<div class=\"banner-header-AdditionalText\">+ 250 Giri gratuiti<\/div>\n<button data-item=\"homepage_banner_link\" class=\"goto m-button m-gradient-border m-button--primary m-button--large banner-button btn-orange\">\n            <div class=\"m-button-content\">\n                <span>Iscriviti ora<\/span>\n                <span><\/span>\n            <\/div>\n        <\/button>\n<\/div>\n<div class=\"WelcomePack\">\n<p><img loading=\"lazy\" decoding=\"async\" class=\"alignnone size-full wp-image-1895\" src=\"https:\/\/therooksbet.org\/wp-content\/uploads\/2026\/03\/welcome-crown-1.png\" alt=\"welcome crown\" width=\"25\" height=\"26\" \/><\/p>\n<div class=\"WelcomePack-Info\">Cashback settimanale fino al 25%<\/div>\n<p><img loading=\"lazy\" decoding=\"async\" class=\"alignnone size-full wp-image-1895\" src=\"https:\/\/therooksbet.org\/wp-content\/uploads\/2026\/03\/welcome-crown-1.png\" alt=\"welcome crown\" width=\"25\" height=\"26\" \/><\/p>\n<\/div>\n<\/div><div class=\"promotions-wrap\"><div class=\"promotion-card\" style=\"background-image: url(https:\/\/therooksbet.org\/wp-content\/uploads\/2026\/03\/Rooksbet-promocards-300\u0445300.webp);\"><h2 class=\"promotion-card__title\">Bonus sul primo deposito<\/h2><label class=\"promotion-card__offer\">100% fino a \u20ac 500 + 150 giri gratuiti<\/label><label class=\"promotion-card__description\"><\/label><div class=\"promotion-card__actions\"><button data-item=\"payments_link\" data-group=\"website_links\" class=\"goto btn btn-orange rounded-pill fw-bold px-4 m-button m-gradient-border m-button--primary m-button--large promotion-button promotion-card__action-btn\" aria-label=\"Iscriviti\"><div class=\"m-button-content\"><span class=\"promotion-button__content\">Iscriviti<\/span><\/div><\/button><button data-item=\"http:\/\/bonus_link\" data-group=\"website_links\" class=\"goto m-button m-gradient-border m-button--secondary m-button--medium promotion-card__info-btn\" aria-label=\"More information\"><div class=\"m-button-content\"><svg viewBox=\"0 0 24 24\" fill=\"none\" xmlns=\"http:\/\/www.w3.org\/2000\/svg\" class=\"m-icon m-icon-loadable\" name=\"Attention\" loading=\"false\" aria-hidden=\"true\"><path d=\"M12 22C6.477 22 2 17.522 2 12S6.477 2 12 2s10 4.478 10 10-4.477 10-10 10m-.002-13.004a.999.999 0 1 0 0-1.997.999.999 0 0 0 0 1.997M12 17a1 1 0 0 0 .993-.884L13 16l-.002-5.001-.007-.117a1 1 0 0 0-1.986 0l-.007.117L11 16l.007.117A1 1 0 0 0 12 17\" fill=\"currentColor\"><\/path><\/svg><\/div><\/button><\/div><\/div><div class=\"promotion-card\" style=\"background-image: url(https:\/\/therooksbet.org\/wp-content\/uploads\/2026\/03\/Rooksbet-promocards-300\u0445300-1.webp);\"><h2 class=\"promotion-card__title\">Bonus sul secondo deposito<\/h2><label class=\"promotion-card__offer\">55% fino a \u20ac 500 + 100 giri gratuiti<\/label><label class=\"promotion-card__description\"><\/label><div class=\"promotion-card__actions\"><button data-item=\"payments_link\" data-group=\"website_links\" class=\"goto btn btn-orange rounded-pill fw-bold px-4 m-button m-gradient-border m-button--primary m-button--large promotion-button promotion-card__action-btn\" aria-label=\"Iscriviti\"><div class=\"m-button-content\"><span class=\"promotion-button__content\">Iscriviti<\/span><\/div><\/button><button data-item=\"http:\/\/bonus_link\" data-group=\"website_links\" class=\"goto m-button m-gradient-border m-button--secondary m-button--medium promotion-card__info-btn\" aria-label=\"More information\"><div class=\"m-button-content\"><svg viewBox=\"0 0 24 24\" fill=\"none\" xmlns=\"http:\/\/www.w3.org\/2000\/svg\" class=\"m-icon m-icon-loadable\" name=\"Attention\" loading=\"false\" aria-hidden=\"true\"><path d=\"M12 22C6.477 22 2 17.522 2 12S6.477 2 12 2s10 4.478 10 10-4.477 10-10 10m-.002-13.004a.999.999 0 1 0 0-1.997.999.999 0 0 0 0 1.997M12 17a1 1 0 0 0 .993-.884L13 16l-.002-5.001-.007-.117a1 1 0 0 0-1.986 0l-.007.117L11 16l.007.117A1 1 0 0 0 12 17\" fill=\"currentColor\"><\/path><\/svg><\/div><\/button><\/div><\/div><div class=\"promotion-card\" style=\"background-image: url(https:\/\/therooksbet.org\/wp-content\/uploads\/2026\/03\/Rooksbet-promocards-300\u0445300-2.webp);\"><h2 class=\"promotion-card__title\">Bonus sul terzo deposito<\/h2><label class=\"promotion-card__offer\">100% fino a \u20ac 500<\/label><label class=\"promotion-card__description\"><\/label><div class=\"promotion-card__actions\"><button data-item=\"payments_link\" data-group=\"website_links\" class=\"goto btn btn-orange rounded-pill fw-bold px-4 m-button m-gradient-border m-button--primary m-button--large promotion-button promotion-card__action-btn\" aria-label=\"Iscriviti\"><div class=\"m-button-content\"><span class=\"promotion-button__content\">Iscriviti<\/span><\/div><\/button><button data-item=\"http:\/\/bonus_link\" data-group=\"website_links\" class=\"goto m-button m-gradient-border m-button--secondary m-button--medium promotion-card__info-btn\" aria-label=\"More information\"><div class=\"m-button-content\"><svg viewBox=\"0 0 24 24\" fill=\"none\" xmlns=\"http:\/\/www.w3.org\/2000\/svg\" class=\"m-icon m-icon-loadable\" name=\"Attention\" loading=\"false\" aria-hidden=\"true\"><path d=\"M12 22C6.477 22 2 17.522 2 12S6.477 2 12 2s10 4.478 10 10-4.477 10-10 10m-.002-13.004a.999.999 0 1 0 0-1.997.999.999 0 0 0 0 1.997M12 17a1 1 0 0 0 .993-.884L13 16l-.002-5.001-.007-.117a1 1 0 0 0-1.986 0l-.007.117L11 16l.007.117A1 1 0 0 0 12 17\" fill=\"currentColor\"><\/path><\/svg><\/div><\/button><\/div><\/div><div class=\"promotion-card\" style=\"background-image: url(https:\/\/therooksbet.org\/wp-content\/uploads\/2026\/03\/Rooksbet-promocards-300\u0445300-3.webp);\"><h2 class=\"promotion-card__title\">Cashback settimanale<\/h2><label class=\"promotion-card__offer\">fino al 25%<\/label><label class=\"promotion-card__description\"><\/label><div class=\"promotion-card__actions\"><button data-item=\"payments_link\" data-group=\"website_links\" class=\"goto btn btn-orange rounded-pill fw-bold px-4 m-button m-gradient-border m-button--primary m-button--large promotion-button promotion-card__action-btn\" aria-label=\"Iscriviti\"><div class=\"m-button-content\"><span class=\"promotion-button__content\">Iscriviti<\/span><\/div><\/button><button data-item=\"http:\/\/bonus_link\" data-group=\"website_links\" class=\"goto m-button m-gradient-border m-button--secondary m-button--medium promotion-card__info-btn\" aria-label=\"More information\"><div class=\"m-button-content\"><svg viewBox=\"0 0 24 24\" fill=\"none\" xmlns=\"http:\/\/www.w3.org\/2000\/svg\" class=\"m-icon m-icon-loadable\" name=\"Attention\" loading=\"false\" aria-hidden=\"true\"><path d=\"M12 22C6.477 22 2 17.522 2 12S6.477 2 12 2s10 4.478 10 10-4.477 10-10 10m-.002-13.004a.999.999 0 1 0 0-1.997.999.999 0 0 0 0 1.997M12 17a1 1 0 0 0 .993-.884L13 16l-.002-5.001-.007-.117a1 1 0 0 0-1.986 0l-.007.117L11 16l.007.117A1 1 0 0 0 12 17\" fill=\"currentColor\"><\/path><\/svg><\/div><\/button><\/div><\/div><div class=\"promotion-card\" style=\"background-image: url(https:\/\/therooksbet.org\/wp-content\/uploads\/2026\/03\/gold-promocards-300\u0445300.webp);\"><h2 class=\"promotion-card__title\">Ricarica domenicale<\/h2><label class=\"promotion-card__offer\">25% fino a \u20ac 100<\/label><label class=\"promotion-card__description\"><\/label><div class=\"promotion-card__actions\"><button data-item=\"payments_link\" data-group=\"website_links\" class=\"goto btn btn-orange rounded-pill fw-bold px-4 m-button m-gradient-border m-button--primary m-button--large promotion-button promotion-card__action-btn\" aria-label=\"Iscriviti\"><div class=\"m-button-content\"><span class=\"promotion-button__content\">Iscriviti<\/span><\/div><\/button><button data-item=\"http:\/\/bonus_link\" data-group=\"website_links\" class=\"goto m-button m-gradient-border m-button--secondary m-button--medium promotion-card__info-btn\" aria-label=\"More information\"><div class=\"m-button-content\"><svg viewBox=\"0 0 24 24\" fill=\"none\" xmlns=\"http:\/\/www.w3.org\/2000\/svg\" class=\"m-icon m-icon-loadable\" name=\"Attention\" loading=\"false\" aria-hidden=\"true\"><path d=\"M12 22C6.477 22 2 17.522 2 12S6.477 2 12 2s10 4.478 10 10-4.477 10-10 10m-.002-13.004a.999.999 0 1 0 0-1.997.999.999 0 0 0 0 1.997M12 17a1 1 0 0 0 .993-.884L13 16l-.002-5.001-.007-.117a1 1 0 0 0-1.986 0l-.007.117L11 16l.007.117A1 1 0 0 0 12 17\" fill=\"currentColor\"><\/path><\/svg><\/div><\/button><\/div><\/div><div class=\"promotion-card\" style=\"background-image: url(https:\/\/therooksbet.org\/wp-content\/uploads\/2026\/03\/Rooksbet-promocards-300\u0445300-4.webp);\"><h2 class=\"promotion-card__title\">Rakeback<\/h2><label class=\"promotion-card__offer\">fino al 17%<\/label><label class=\"promotion-card__description\"><\/label><div class=\"promotion-card__actions\"><button data-item=\"payments_link\" data-group=\"website_links\" class=\"goto btn btn-orange rounded-pill fw-bold px-4 m-button m-gradient-border m-button--primary m-button--large promotion-button promotion-card__action-btn\" aria-label=\"Iscriviti\"><div class=\"m-button-content\"><span class=\"promotion-button__content\">Iscriviti<\/span><\/div><\/button><button data-item=\"http:\/\/bonus_link\" data-group=\"website_links\" class=\"goto m-button m-gradient-border m-button--secondary m-button--medium promotion-card__info-btn\" aria-label=\"More information\"><div class=\"m-button-content\"><svg viewBox=\"0 0 24 24\" fill=\"none\" xmlns=\"http:\/\/www.w3.org\/2000\/svg\" class=\"m-icon m-icon-loadable\" name=\"Attention\" loading=\"false\" aria-hidden=\"true\"><path d=\"M12 22C6.477 22 2 17.522 2 12S6.477 2 12 2s10 4.478 10 10-4.477 10-10 10m-.002-13.004a.999.999 0 1 0 0-1.997.999.999 0 0 0 0 1.997M12 17a1 1 0 0 0 .993-.884L13 16l-.002-5.001-.007-.117a1 1 0 0 0-1.986 0l-.007.117L11 16l.007.117A1 1 0 0 0 12 17\" fill=\"currentColor\"><\/path><\/svg><\/div><\/button><\/div><\/div><div class=\"promotion-card\" style=\"background-image: url(https:\/\/therooksbet.org\/wp-content\/uploads\/2026\/03\/Rooksbet-promocards-300\u0445300-5.webp);\"><h2 class=\"promotion-card__title\">Bonus Highroller<\/h2><label class=\"promotion-card__offer\">50% fino a \u20ac 500<\/label><label class=\"promotion-card__description\"><\/label><div class=\"promotion-card__actions\"><button data-item=\"payments_link\" data-group=\"website_links\" class=\"goto btn btn-orange rounded-pill fw-bold px-4 m-button m-gradient-border m-button--primary m-button--large promotion-button promotion-card__action-btn\" aria-label=\"Iscriviti\"><div class=\"m-button-content\"><span class=\"promotion-button__content\">Iscriviti<\/span><\/div><\/button><button data-item=\"http:\/\/bonus_link\" data-group=\"website_links\" class=\"goto m-button m-gradient-border m-button--secondary m-button--medium promotion-card__info-btn\" aria-label=\"More information\"><div class=\"m-button-content\"><svg viewBox=\"0 0 24 24\" fill=\"none\" xmlns=\"http:\/\/www.w3.org\/2000\/svg\" class=\"m-icon m-icon-loadable\" name=\"Attention\" loading=\"false\" aria-hidden=\"true\"><path d=\"M12 22C6.477 22 2 17.522 2 12S6.477 2 12 2s10 4.478 10 10-4.477 10-10 10m-.002-13.004a.999.999 0 1 0 0-1.997.999.999 0 0 0 0 1.997M12 17a1 1 0 0 0 .993-.884L13 16l-.002-5.001-.007-.117a1 1 0 0 0-1.986 0l-.007.117L11 16l.007.117A1 1 0 0 0 12 17\" fill=\"currentColor\"><\/path><\/svg><\/div><\/button><\/div><\/div><\/div><div class=\"scrollable-content-wrap my-5\"><div class=\"scrollable-content-inner\"><h2>Pacchetto di benvenuto per i nuovi clienti<\/h2>\n<p>Per darti il benvenuto e aiutarti a iniziare il tuo viaggio in modo redditizio, offriamo un bonus Rooksbet per i nuovi giocatori. Per accedere a questa offerta, gli utenti devono creare un account ed effettuare il loro primo deposito di almeno 20 \u20ac. Non sono richiesti codici bonus o altre azioni da parte tua.<\/p>\n<p>Il pacchetto di benvenuto di Rooksbet Casino contiene 1.500 \u20ac + 250 giri gratuiti. Per renderlo pi\u00f9 interessante, lo abbiamo suddiviso tra i tuoi primi tre depositi. Questo prolungher\u00e0 automaticamente la tua esperienza di gioco. Per il primo deposito, puoi ricevere il 100% fino a 500 \u20ac + 150 giri gratuiti. Dopo aver effettuato il secondo deposito, riceverai il 55% fino a 500 \u20ac + 100 giri gratuiti. Se vuoi ottenere il massimo da Rooks Bet, effettua il terzo deposito per ottenere altri 500 \u20ac.<\/p>\n<h2>Offerte Rooksbet per i giocatori abituali<\/h2>\n<p>La selezione principale di promozioni \u00e8 creata appositamente per i clienti abituali. Sei fedele al nostro casin\u00f2 online e vorremmo dimostrarti la nostra gratitudine. Ci sono molte opzioni temporanee e stagionali disponibili per i giocatori di Rooksbet Casino. Al momento, le seguenti opzioni potrebbero interessarti:<\/p>\n<ul>\n<li>Cashback settimanale fino al 25%<\/li>\n<li>Ricarica domenicale del 25% fino a 100 \u20ac<\/li>\n<li>Rakeback fino al 17% (mensile, settimanale o giornaliero)<\/li>\n<li>Bonus Highroller del 50% fino a 500 \u20ac<\/li>\n<\/ul>\n<h3>Tornei emozionanti<\/h3>\n<p>Come parte del sistema di bonus di Rooksbet, offriamo tornei emozionanti per tutti i nostri utenti. Ci sono diverse opzioni con premi giornalieri e anche montepremi di milioni di euro. Ogni evento ha le sue regole di partecipazione. In molti casi, basta iniziare a giocare ai titoli specifici. In altri tornei \u00e8 richiesta una quota di partecipazione.<\/p>\n<p>Rooks Bet Casino offre diverse opzioni per le slot online e i giochi da casin\u00f2 dal vivo. Le regole sono sempre chiare. Ti consigliamo di familiarizzarti con esse prima di attivare un evento. La tabella sottostante mostra gli eventi pi\u00f9 popolari attualmente disponibili sulla nostra piattaforma.<\/p>\n<table>\n<tbody>\n<tr>\n<td>Torneo<\/td>\n<td>Ricompensa<\/td>\n<\/tr>\n<tr>\n<td>Spinoleague<\/td>\n<td>12.000.000 \u20ac<\/td>\n<\/tr>\n<tr>\n<td>Torneo live<\/td>\n<td>10.000 \u20ac<\/td>\n<\/tr>\n<tr>\n<td>Torneo giornaliero Bronzo<\/td>\n<td>2.500 \u20ac al giorno<\/td>\n<\/tr>\n<\/tbody>\n<\/table>\n<h3>Programma fedelt\u00e0 multilivello<\/h3>\n<p>Per premiare gli utenti pi\u00f9 attivi del nostro sito web, abbiamo sviluppato uno speciale sistema fedelt\u00e0. Esso prevede diversi livelli: Bronzo, Argento, Oro e Platino. \u00c8 possibile guadagnare depositi e punti scommessa per avanzare ai livelli superiori di Rooksbet. Tutti i nuovi clienti registrati iniziano automaticamente dal livello Bronzo.<\/p>\n<p>Ogni livello ha i suoi vantaggi esclusivi. Pi\u00f9 sali di livello, migliori saranno i premi. Gli utenti ottengono un cashback pi\u00f9 alto sulle slot, ruote migliorate, un manager VIP, tornei e bonus esclusivi, limiti di prelievo aumentati e priorit\u00e0 nella coda di prelievo.<\/p>\n<p><img loading=\"lazy\" decoding=\"async\" class=\"alignnone size-full wp-image-1911\" src=\"https:\/\/therooksbet.org\/wp-content\/uploads\/2026\/03\/Rooksbet-Bonus.webp\" alt=\"Rooksbet Bonus\" width=\"1248\" height=\"536\" srcset=\"https:\/\/therooksbet.org\/wp-content\/uploads\/2026\/03\/Rooksbet-Bonus.webp 1248w, https:\/\/therooksbet.org\/wp-content\/uploads\/2026\/03\/Rooksbet-Bonus-300x129.webp 300w, https:\/\/therooksbet.org\/wp-content\/uploads\/2026\/03\/Rooksbet-Bonus-1024x440.webp 1024w, https:\/\/therooksbet.org\/wp-content\/uploads\/2026\/03\/Rooksbet-Bonus-768x330.webp 768w\" sizes=\"auto, (max-width: 1248px) 100vw, 1248px\" \/><\/p>\n<h2>Regole dei bonus Rooksbet<\/h2>\n<p>Indipendentemente dal tipo di promozione a cui sei interessato, ci saranno termini e condizioni specifici per ciascuna di esse. Rooksbet ha una politica chiara sui bonus. Se tenti di aggirare le regole, ci riserviamo il diritto di annullare la promozione e tutti i premi associati.<\/p>\n<p>La prima cosa importante \u00e8 verificare i requisiti di attivazione del bonus Rooks Bet. Pu\u00f2 trattarsi di un deposito minimo o di una quota di partecipazione a un torneo. Solo dopo aver soddisfatto tutti i termini e le condizioni i giocatori possono ottenere il premio completo. Un altro punto importante \u00e8 il requisito di scommessa di Rooksbet Casino. Ti consente di prelevare le tue vincite.<\/p>\n<h2>Domande frequenti<\/h2>\n<h3>Come viene calcolato il cashback di Rooksbet Casino?<\/h3>\n<p>La percentuale di cashback dipende dai tuoi depositi totali e dalle perdite della settimana precedente. Gli utenti possono ottenere un massimo del 25%. Il cashback \u00e8 disponibile per 72 ore dal momento in cui viene accreditato sul tuo conto.<\/p>\n<h3>Con quale frequenza vengono organizzate le promozioni stagionali?<\/h3>\n<p>Le nostre promozioni stagionali sono solitamente dedicate alle festivit\u00e0 o a eventi speciali. Su Rooksbet le aggiorniamo mensilmente, quindi c&#8217;\u00e8 sempre qualcosa di nuovo da provare.<\/p>\n<h3>Posso ricevere aggiornamenti sulle nuove offerte di Rooks Bet?<\/h3>\n<p>I giocatori registrati possono iscriversi alla nostra newsletter per ricevere tutte le informazioni sugli aggiornamenti del nostro casin\u00f2 online. Gli utenti mobili possono impostare notifiche speciali nelle impostazioni dell&#8217;account. Inoltre, visita regolarmente questa pagina per rimanere aggiornato.<\/p>\n<\/div><\/div><\/p>\n","protected":false},"excerpt":{"rendered":"<p>Bonus e promozioni Rooksbet Per tutti i nostri utenti italiani che desiderano ottenere qualcosa in pi\u00f9 delle semplici vincite dal gioco, \u00e8 disponibile una generosa collezione di Rooksbet bonus. Offre diversi premi, tra cui giri gratuiti, bonus in denaro, round aggiuntivi, monete e molti altri vantaggi. Abbiamo opzioni per tutti i tipi di giocatori con [&hellip;]<\/p>\n","protected":false},"author":1,"featured_media":0,"parent":0,"menu_order":0,"comment_status":"closed","ping_status":"closed","template":"template-builder.php","meta":{"_acf_changed":false,"inline_featured_image":false,"footnotes":""},"class_list":["post-1457","page","type-page","status-publish","hentry"],"acf":[],"yoast_head":"<!-- This site is optimized with the Yoast SEO plugin v27.3 - https:\/\/yoast.com\/product\/yoast-seo-wordpress\/ -->\n<title>Rooksbet Bonus \u2014 Richiedi Promozioni, Codici &amp; Rakeback<\/title>\n<meta name=\"description\" content=\"Rooksbet Bonus \u2013 richiedi promozioni esclusive, codici bonus, rakeback e offerte continue per i giocatori. Trova offerte cashback, giri gratuiti e ricompense a tempo limitato disponibili su Rooks Bet.\" \/>\n<meta name=\"robots\" content=\"index, follow, max-snippet:-1, max-image-preview:large, max-video-preview:-1\" \/>\n<link rel=\"canonical\" href=\"https:\/\/therooksbet.org\/it\/bonus\/\" \/>\n<meta property=\"og:locale\" content=\"it_IT\" \/>\n<meta property=\"og:type\" content=\"article\" \/>\n<meta property=\"og:title\" content=\"Rooksbet Bonus \u2014 Richiedi Promozioni, Codici &amp; Rakeback\" \/>\n<meta property=\"og:description\" content=\"Rooksbet Bonus \u2013 richiedi promozioni esclusive, codici bonus, rakeback e offerte continue per i giocatori. Trova offerte cashback, giri gratuiti e ricompense a tempo limitato disponibili su Rooks Bet.\" \/>\n<meta property=\"og:url\" content=\"https:\/\/therooksbet.org\/it\/bonus\/\" \/>\n<meta property=\"og:site_name\" content=\"rooksbet\" \/>\n<meta property=\"article:modified_time\" content=\"2026-03-12T11:33:07+00:00\" \/>\n<meta name=\"twitter:card\" content=\"summary_large_image\" \/>\n<meta name=\"twitter:label1\" content=\"Est. reading time\" \/>\n\t<meta name=\"twitter:data1\" content=\"1 minute\" \/>\n<script type=\"application\/ld+json\" class=\"yoast-schema-graph\">{\"@context\":\"https:\\\/\\\/schema.org\",\"@graph\":[{\"@type\":\"WebPage\",\"@id\":\"https:\\\/\\\/therooksbet.org\\\/it\\\/bonus\\\/\",\"url\":\"https:\\\/\\\/therooksbet.org\\\/it\\\/bonus\\\/\",\"name\":\"Rooksbet Bonus \u2014 Richiedi Promozioni, Codici & Rakeback\",\"isPartOf\":{\"@id\":\"https:\\\/\\\/therooksbet.org\\\/it\\\/#website\"},\"datePublished\":\"2026-01-20T12:21:20+00:00\",\"dateModified\":\"2026-03-12T11:33:07+00:00\",\"description\":\"Rooksbet Bonus \u2013 richiedi promozioni esclusive, codici bonus, rakeback e offerte continue per i giocatori. Trova offerte cashback, giri gratuiti e ricompense a tempo limitato disponibili su Rooks Bet.\",\"breadcrumb\":{\"@id\":\"https:\\\/\\\/therooksbet.org\\\/it\\\/bonus\\\/#breadcrumb\"},\"inLanguage\":\"it-IT\",\"potentialAction\":[{\"@type\":\"ReadAction\",\"target\":[\"https:\\\/\\\/therooksbet.org\\\/it\\\/bonus\\\/\"]}]},{\"@type\":\"BreadcrumbList\",\"@id\":\"https:\\\/\\\/therooksbet.org\\\/it\\\/bonus\\\/#breadcrumb\",\"itemListElement\":[{\"@type\":\"ListItem\",\"position\":1,\"name\":\"Rooksbet\",\"item\":\"https:\\\/\\\/therooksbet.org\\\/it\\\/\"},{\"@type\":\"ListItem\",\"position\":2,\"name\":\"Bonus\"}]},{\"@type\":\"WebSite\",\"@id\":\"https:\\\/\\\/therooksbet.org\\\/it\\\/#website\",\"url\":\"https:\\\/\\\/therooksbet.org\\\/it\\\/\",\"name\":\"Rooksbet\",\"description\":\"\",\"publisher\":{\"@id\":\"https:\\\/\\\/therooksbet.org\\\/it\\\/#organization\"},\"potentialAction\":[{\"@type\":\"SearchAction\",\"target\":{\"@type\":\"EntryPoint\",\"urlTemplate\":\"https:\\\/\\\/therooksbet.org\\\/it\\\/?s={search_term_string}\"},\"query-input\":{\"@type\":\"PropertyValueSpecification\",\"valueRequired\":true,\"valueName\":\"search_term_string\"}}],\"inLanguage\":\"it-IT\"},{\"@type\":\"Organization\",\"@id\":\"https:\\\/\\\/therooksbet.org\\\/it\\\/#organization\",\"name\":\"Rooksbet\",\"url\":\"https:\\\/\\\/therooksbet.org\\\/it\\\/\",\"logo\":{\"@type\":\"ImageObject\",\"inLanguage\":\"it-IT\",\"@id\":\"https:\\\/\\\/therooksbet.org\\\/it\\\/#\\\/schema\\\/logo\\\/image\\\/\",\"url\":\"https:\\\/\\\/therooksbet.org\\\/wp-content\\\/uploads\\\/2026\\\/03\\\/80u1FaquEZeR6OUTeJCc.png.webp\",\"contentUrl\":\"https:\\\/\\\/therooksbet.org\\\/wp-content\\\/uploads\\\/2026\\\/03\\\/80u1FaquEZeR6OUTeJCc.png.webp\",\"width\":167,\"height\":44,\"caption\":\"Rooksbet\"},\"image\":{\"@id\":\"https:\\\/\\\/therooksbet.org\\\/it\\\/#\\\/schema\\\/logo\\\/image\\\/\"}}]}<\/script>\n<!-- \/ Yoast SEO plugin. -->","yoast_head_json":{"title":"Rooksbet Bonus \u2014 Richiedi Promozioni, Codici & Rakeback","description":"Rooksbet Bonus \u2013 richiedi promozioni esclusive, codici bonus, rakeback e offerte continue per i giocatori. Trova offerte cashback, giri gratuiti e ricompense a tempo limitato disponibili su Rooks Bet.","robots":{"index":"index","follow":"follow","max-snippet":"max-snippet:-1","max-image-preview":"max-image-preview:large","max-video-preview":"max-video-preview:-1"},"canonical":"https:\/\/therooksbet.org\/it\/bonus\/","og_locale":"it_IT","og_type":"article","og_title":"Rooksbet Bonus \u2014 Richiedi Promozioni, Codici & Rakeback","og_description":"Rooksbet Bonus \u2013 richiedi promozioni esclusive, codici bonus, rakeback e offerte continue per i giocatori. Trova offerte cashback, giri gratuiti e ricompense a tempo limitato disponibili su Rooks Bet.","og_url":"https:\/\/therooksbet.org\/it\/bonus\/","og_site_name":"rooksbet","article_modified_time":"2026-03-12T11:33:07+00:00","twitter_card":"summary_large_image","twitter_misc":{"Est. reading time":"1 minute"},"schema":{"@context":"https:\/\/schema.org","@graph":[{"@type":"WebPage","@id":"https:\/\/therooksbet.org\/it\/bonus\/","url":"https:\/\/therooksbet.org\/it\/bonus\/","name":"Rooksbet Bonus \u2014 Richiedi Promozioni, Codici & Rakeback","isPartOf":{"@id":"https:\/\/therooksbet.org\/it\/#website"},"datePublished":"2026-01-20T12:21:20+00:00","dateModified":"2026-03-12T11:33:07+00:00","description":"Rooksbet Bonus \u2013 richiedi promozioni esclusive, codici bonus, rakeback e offerte continue per i giocatori. Trova offerte cashback, giri gratuiti e ricompense a tempo limitato disponibili su Rooks Bet.","breadcrumb":{"@id":"https:\/\/therooksbet.org\/it\/bonus\/#breadcrumb"},"inLanguage":"it-IT","potentialAction":[{"@type":"ReadAction","target":["https:\/\/therooksbet.org\/it\/bonus\/"]}]},{"@type":"BreadcrumbList","@id":"https:\/\/therooksbet.org\/it\/bonus\/#breadcrumb","itemListElement":[{"@type":"ListItem","position":1,"name":"Rooksbet","item":"https:\/\/therooksbet.org\/it\/"},{"@type":"ListItem","position":2,"name":"Bonus"}]},{"@type":"WebSite","@id":"https:\/\/therooksbet.org\/it\/#website","url":"https:\/\/therooksbet.org\/it\/","name":"Rooksbet","description":"","publisher":{"@id":"https:\/\/therooksbet.org\/it\/#organization"},"potentialAction":[{"@type":"SearchAction","target":{"@type":"EntryPoint","urlTemplate":"https:\/\/therooksbet.org\/it\/?s={search_term_string}"},"query-input":{"@type":"PropertyValueSpecification","valueRequired":true,"valueName":"search_term_string"}}],"inLanguage":"it-IT"},{"@type":"Organization","@id":"https:\/\/therooksbet.org\/it\/#organization","name":"Rooksbet","url":"https:\/\/therooksbet.org\/it\/","logo":{"@type":"ImageObject","inLanguage":"it-IT","@id":"https:\/\/therooksbet.org\/it\/#\/schema\/logo\/image\/","url":"https:\/\/therooksbet.org\/wp-content\/uploads\/2026\/03\/80u1FaquEZeR6OUTeJCc.png.webp","contentUrl":"https:\/\/therooksbet.org\/wp-content\/uploads\/2026\/03\/80u1FaquEZeR6OUTeJCc.png.webp","width":167,"height":44,"caption":"Rooksbet"},"image":{"@id":"https:\/\/therooksbet.org\/it\/#\/schema\/logo\/image\/"}}]}},"_links":{"self":[{"href":"https:\/\/therooksbet.org\/it\/wp-json\/wp\/v2\/pages\/1457","targetHints":{"allow":["GET"]}}],"collection":[{"href":"https:\/\/therooksbet.org\/it\/wp-json\/wp\/v2\/pages"}],"about":[{"href":"https:\/\/therooksbet.org\/it\/wp-json\/wp\/v2\/types\/page"}],"author":[{"embeddable":true,"href":"https:\/\/therooksbet.org\/it\/wp-json\/wp\/v2\/users\/1"}],"replies":[{"embeddable":true,"href":"https:\/\/therooksbet.org\/it\/wp-json\/wp\/v2\/comments?post=1457"}],"version-history":[{"count":4,"href":"https:\/\/therooksbet.org\/it\/wp-json\/wp\/v2\/pages\/1457\/revisions"}],"predecessor-version":[{"id":2104,"href":"https:\/\/therooksbet.org\/it\/wp-json\/wp\/v2\/pages\/1457\/revisions\/2104"}],"wp:attachment":[{"href":"https:\/\/therooksbet.org\/it\/wp-json\/wp\/v2\/media?parent=1457"}],"curies":[{"name":"wp","href":"https:\/\/api.w.org\/{rel}","templated":true}]}}