{"id":1485,"date":"2026-01-20T12:11:11","date_gmt":"2026-01-20T12:11:11","guid":{"rendered":"https:\/\/bonuskongcasino.com\/login-and-registration\/"},"modified":"2026-03-12T11:30:24","modified_gmt":"2026-03-12T11:30:24","slug":"accesso-e-registrazione","status":"publish","type":"page","link":"https:\/\/therooksbet.org\/it\/accesso-e-registrazione\/","title":{"rendered":"Accesso e registrazione"},"content":{"rendered":"<h1>Accesso al casin\u00f2 Rooksbet<\/h1>\n<p>Se hai almeno 18 anni e desideri giocare con soldi veri in uno dei migliori casin\u00f2 online, ti basta effettuare il Rooksbet login. Il processo \u00e8 semplice e richiede solo pochi minuti. Per creare un account, gli utenti italiani devono solo fornire un indirizzo e-mail valido e creare una password.<\/p>\n<p><div class=\"banner-wrap\" aria-label=\"Banner\"><img src=\"https:\/\/therooksbet.org\/wp-content\/uploads\/Rooksbet-banner-desktop.webp\" class=\"w-100 d-none d-lg-block img-pc main-banner-img\" alt=\"Rooksbet banner desktop\" fetchpriority=\"high\" decoding=\"async\"><img src=\"https:\/\/therooksbet.org\/wp-content\/uploads\/2026\/03\/eOLy2N8LgH3NW5QxswwX-300x300-1.png\" class=\"w-100 d-none d-md-block d-lg-none main-banner-img\" alt=\"rooksbet mobile banner\" fetchpriority=\"high\" decoding=\"async\"><img src=\"https:\/\/therooksbet.org\/wp-content\/uploads\/2026\/03\/eOLy2N8LgH3NW5QxswwX-300x300-1.png\" class=\"w-100 d-md-none\" alt=\"rooksbet mobile banner\" fetchpriority=\"high\" decoding=\"async\"><div class=\"banner-description\">\n<div class=\"banner-title\">Bonus di benvenuto<\/div>\n<p class=\"banner-header-title\">1500 \u20ac<\/p>\n<div class=\"banner-header-AdditionalText\">+ 250 Giri gratuiti<\/div>\n<button data-item=\"homepage_banner_link\" class=\"goto m-button m-gradient-border m-button--primary m-button--large banner-button btn-orange\">\n            <div class=\"m-button-content\">\n                <span>Iscriviti ora<\/span>\n                <span><\/span>\n            <\/div>\n        <\/button>\n<\/div>\n<div class=\"WelcomePack\">\n<p><img loading=\"lazy\" decoding=\"async\" class=\"alignnone size-full wp-image-1895\" src=\"https:\/\/therooksbet.org\/wp-content\/uploads\/2026\/03\/welcome-crown-1.png\" alt=\"welcome crown\" width=\"25\" height=\"26\" \/><\/p>\n<div class=\"WelcomePack-Info\">Cashback settimanale fino al 25%<\/div>\n<p><img loading=\"lazy\" decoding=\"async\" class=\"alignnone size-full wp-image-1895\" src=\"https:\/\/therooksbet.org\/wp-content\/uploads\/2026\/03\/welcome-crown-1.png\" alt=\"welcome crown\" width=\"25\" height=\"26\" \/><\/p>\n<\/div>\n<\/div><div class=\"scrollable-content-wrap my-5\"><div class=\"scrollable-content-inner\"><h2>Registrazione su Rooksbet Casino<\/h2>\n<p>La piattaforma Rooks Bet Casino \u00e8 disponibile per tutti gli utenti con o senza account. La differenza principale \u00e8 che con un account \u00e8 possibile accedere a tutte le fantastiche funzionalit\u00e0 disponibili sulla piattaforma. La cosa pi\u00f9 importante \u00e8 che solo gli utenti registrati possono effettuare depositi, giocare con soldi veri e prelevare le loro vincite. Tutti gli altri possono provare i titoli Rooksbet in modalit\u00e0 demo senza rischiare denaro.<\/p>\n<p>Nella tabella sottostante, gli utenti troveranno ulteriori informazioni sui principali vantaggi offerti da un account.<\/p>\n<table>\n<tbody>\n<tr>\n<td>Vantaggi della registrazione<\/td>\n<td>Cosa significa<\/td>\n<\/tr>\n<tr>\n<td>Accesso ai bonus<\/td>\n<td>Gli utenti possono richiedere il pacchetto di benvenuto, bonus di ricarica, cashback e altre promozioni esclusive.<\/td>\n<\/tr>\n<tr>\n<td>Depositi e prelievi sicuri<\/td>\n<td>Hai la possibilit\u00e0 di gestire i pagamenti in modo sicuro e prelevare le vincite con metodi verificati.<\/td>\n<\/tr>\n<tr>\n<td>Pannello di controllo dell&#8217;account personale<\/td>\n<td>Nel tuo account puoi monitorare il saldo, i bonus, la cronologia delle transazioni e l&#8217;attivit\u00e0 di gioco.<\/td>\n<\/tr>\n<tr>\n<td>Strumenti per il gioco responsabile<\/td>\n<td>Per stare sul sicuro, i giocatori possono impostare limiti finanziari o temporali, periodi di pausa o opzioni di autoesclusione.<\/td>\n<\/tr>\n<tr>\n<td>Assistenza pi\u00f9 rapida<\/td>\n<td>Gli utenti ricevono un&#8217;assistenza personalizzata poich\u00e9 il team di assistenza pu\u00f2 accedere ai dettagli del loro account.<\/td>\n<\/tr>\n<tr>\n<td>Preferenze salvate<\/td>\n<td>I tuoi giochi preferiti, le impostazioni e i metodi di pagamento rimangono memorizzati per le sessioni future.<\/td>\n<\/tr>\n<\/tbody>\n<\/table>\n<h3>Processo di installazione dettagliato<\/h3>\n<p>Se decidi che \u00e8 il momento di creare un account su Rooksbet, saremo lieti di aiutarti. La regola principale della nostra piattaforma \u00e8 che devi avere almeno 18 anni. I giocatori possono avere un solo account sulla piattaforma. Si tratta di un passo importante per prevenire le frodi. Se desideri utilizzare l&#8217;app mobile, completa la procedura di accesso a Rooks Bet con il tuo account esistente.<\/p>\n<p>Ti consigliamo di seguire le nostre istruzioni riportate di seguito per creare un account in modo rapido e senza problemi:<\/p>\n<ol>\n<li>Gli utenti devono cliccare sul pulsante necessario nell&#8217;angolo in alto a destra della lobby di Rooksbet Casino.<\/li>\n<li>Inserisci i tuoi dati personali nel modulo di registrazione: e-mail e password. La password deve contenere almeno 6 caratteri.<\/li>\n<li>Tutti i giocatori devono leggere i termini e le condizioni e accettarli. Inoltre, devi confermare la tua et\u00e0.<\/li>\n<li>Clicca sul pulsante &#8220;Registrati&#8221; alla fine del modulo per inviare la registrazione.<\/li>\n<\/ol>\n<p><img loading=\"lazy\" decoding=\"async\" class=\"alignnone size-full wp-image-1980\" src=\"https:\/\/therooksbet.org\/wp-content\/uploads\/2026\/03\/Rooksbet-Login.webp\" alt=\"Rooksbet Login\" width=\"1248\" height=\"536\" srcset=\"https:\/\/therooksbet.org\/wp-content\/uploads\/2026\/03\/Rooksbet-Login.webp 1248w, https:\/\/therooksbet.org\/wp-content\/uploads\/2026\/03\/Rooksbet-Login-300x129.webp 300w, https:\/\/therooksbet.org\/wp-content\/uploads\/2026\/03\/Rooksbet-Login-1024x440.webp 1024w, https:\/\/therooksbet.org\/wp-content\/uploads\/2026\/03\/Rooksbet-Login-768x330.webp 768w\" sizes=\"auto, (max-width: 1248px) 100vw, 1248px\" \/><\/p>\n<h2>Accesso all&#8217;account e caratteristiche importanti<\/h2>\n<p>Per gli utenti che hanno gi\u00e0 un profilo sul nostro sito web o nell&#8217;applicazione, \u00e8 sufficiente effettuare il login su Rooksbet. In questo caso, \u00e8 necessario fornire l&#8217;indirizzo e-mail e la password utilizzati al momento della registrazione dell&#8217;account.<\/p>\n<p>Dopo aver effettuato l&#8217;accesso all&#8217;account, ti consigliamo di familiarizzare con tutte le fantastiche impostazioni e gli strumenti di Rooks Bet Casino. Renderanno la tua esperienza pi\u00f9 personalizzata e comoda. Se hai un nuovo indirizzo e-mail o ti sei trasferito in un altro paese, puoi modificarlo nelle impostazioni del profilo con pochi clic.<\/p>\n<h3>Reimpostazione dell&#8217;accesso all&#8217;account<\/h3>\n<p>Il problema pi\u00f9 comune durante il processo di accesso a Rooksbet \u00e8 che i giocatori dimenticano la loro e-mail o password. Ma c&#8217;\u00e8 una soluzione per ogni situazione. Se hai bisogno di reimpostare la password, clicca sul link &#8220;Hai dimenticato la password?&#8221; nel modulo di accesso. Ti invieremo il link di reimpostazione via e-mail. Per il recupero dell&#8217;e-mail, contatta il nostro team di assistenza multilingue tramite live chat o e-mail.<\/p>\n<h2>Sicurezza dei dati personali su Rooks Bet<\/h2>\n<p>Noi di Rooksbet prendiamo molto sul serio la sicurezza e il fair play. Per noi \u00e8 importante che tu possa divertirti con i giochi senza preoccuparti delle tue informazioni personali o finanziarie. Ecco perch\u00e9 tutti i dati che condividi con noi sono protetti con l&#8217;innovativa crittografia TLS 1.3. Questo li protegge da terzi.<\/p>\n<p>Monitoriamo costantemente l&#8217;attivit\u00e0 sulla nostra piattaforma per prevenire frodi e rilevare attivit\u00e0 sospette. Inoltre, chiediamo a tutti i nostri clienti di completare il processo di verifica KYC prima del loro primo prelievo. Gli utenti devono caricare copie dei loro documenti personali sul sistema Rooksbet per dimostrare la loro identit\u00e0, et\u00e0 e titolarit\u00e0 del conto di pagamento.<\/p>\n<h2>Domande frequenti<\/h2>\n<h3>Perch\u00e9 il mio account \u00e8 temporaneamente bloccato?<\/h3>\n<p>Informiamo sempre i nostri clienti quando i loro account vengono temporaneamente bloccati. I motivi principali possono essere attivit\u00e0 sospette nel tuo account, violazione dei termini del bonus di Rooksbet Casino o autoesclusione.<\/p>\n<h3>Quanto tempo richiede il processo di verifica di Rooks Bet?<\/h3>\n<p>Il caricamento dei documenti richieder\u00e0 non pi\u00f9 di pochi minuti. Successivamente, i nostri responsabili li esamineranno entro 48 ore. Nella maggior parte dei casi, il processo \u00e8 pi\u00f9 rapido.<\/p>\n<h3>Posso abilitare o disabilitare l&#8217;autenticazione a due fattori?<\/h3>\n<p>Dopo aver completato il login su Rooksbet, puoi abilitare la 2FA per proteggere ulteriormente il tuo account. Ci\u00f2 significa che ogni volta che accedi al tuo profilo, dovrai dimostrare la tua identit\u00e0 tramite una speciale app di autenticazione.<\/p>\n<\/div><\/div><\/p>\n","protected":false},"excerpt":{"rendered":"<p>Accesso al casin\u00f2 Rooksbet Se hai almeno 18 anni e desideri giocare con soldi veri in uno dei migliori casin\u00f2 online, ti basta effettuare il Rooksbet login. Il processo \u00e8 semplice e richiede solo pochi minuti. Per creare un account, gli utenti italiani devono solo fornire un indirizzo e-mail valido e creare una password.<\/p>\n","protected":false},"author":1,"featured_media":0,"parent":0,"menu_order":0,"comment_status":"closed","ping_status":"closed","template":"template-builder.php","meta":{"_acf_changed":false,"inline_featured_image":false,"footnotes":""},"class_list":["post-1485","page","type-page","status-publish","hentry"],"acf":[],"yoast_head":"<!-- This site is optimized with the Yoast SEO plugin v27.3 - https:\/\/yoast.com\/product\/yoast-seo-wordpress\/ -->\n<title>Rooksbet Login \u2013 Accedi al tuo account casino in sicurezza<\/title>\n<meta name=\"description\" content=\"Rooksbet Login \u2013 accedi in modo sicuro al tuo account casino con accesso crittografato e verifica rapida. Gestisci il recupero password, le impostazioni del profilo e gli strumenti dell&#039;account facilmente su Rooks Bet.\" \/>\n<meta name=\"robots\" content=\"index, follow, max-snippet:-1, max-image-preview:large, max-video-preview:-1\" \/>\n<link rel=\"canonical\" href=\"https:\/\/therooksbet.org\/it\/accesso-e-registrazione\/\" \/>\n<meta property=\"og:locale\" content=\"it_IT\" \/>\n<meta property=\"og:type\" content=\"article\" \/>\n<meta property=\"og:title\" content=\"Rooksbet Login \u2013 Accedi al tuo account casino in sicurezza\" \/>\n<meta property=\"og:description\" content=\"Rooksbet Login \u2013 accedi in modo sicuro al tuo account casino con accesso crittografato e verifica rapida. Gestisci il recupero password, le impostazioni del profilo e gli strumenti dell&#039;account facilmente su Rooks Bet.\" \/>\n<meta property=\"og:url\" content=\"https:\/\/therooksbet.org\/it\/accesso-e-registrazione\/\" \/>\n<meta property=\"og:site_name\" content=\"rooksbet\" \/>\n<meta property=\"article:modified_time\" content=\"2026-03-12T11:30:24+00:00\" \/>\n<meta name=\"twitter:card\" content=\"summary_large_image\" \/>\n<meta name=\"twitter:label1\" content=\"Est. reading time\" \/>\n\t<meta name=\"twitter:data1\" content=\"1 minute\" \/>\n<script type=\"application\/ld+json\" class=\"yoast-schema-graph\">{\"@context\":\"https:\\\/\\\/schema.org\",\"@graph\":[{\"@type\":\"WebPage\",\"@id\":\"https:\\\/\\\/therooksbet.org\\\/it\\\/accesso-e-registrazione\\\/\",\"url\":\"https:\\\/\\\/therooksbet.org\\\/it\\\/accesso-e-registrazione\\\/\",\"name\":\"Rooksbet Login \u2013 Accedi al tuo account casino in sicurezza\",\"isPartOf\":{\"@id\":\"https:\\\/\\\/therooksbet.org\\\/it\\\/#website\"},\"datePublished\":\"2026-01-20T12:11:11+00:00\",\"dateModified\":\"2026-03-12T11:30:24+00:00\",\"description\":\"Rooksbet Login \u2013 accedi in modo sicuro al tuo account casino con accesso crittografato e verifica rapida. Gestisci il recupero password, le impostazioni del profilo e gli strumenti dell'account facilmente su Rooks Bet.\",\"breadcrumb\":{\"@id\":\"https:\\\/\\\/therooksbet.org\\\/it\\\/accesso-e-registrazione\\\/#breadcrumb\"},\"inLanguage\":\"it-IT\",\"potentialAction\":[{\"@type\":\"ReadAction\",\"target\":[\"https:\\\/\\\/therooksbet.org\\\/it\\\/accesso-e-registrazione\\\/\"]}]},{\"@type\":\"BreadcrumbList\",\"@id\":\"https:\\\/\\\/therooksbet.org\\\/it\\\/accesso-e-registrazione\\\/#breadcrumb\",\"itemListElement\":[{\"@type\":\"ListItem\",\"position\":1,\"name\":\"Rooksbet\",\"item\":\"https:\\\/\\\/therooksbet.org\\\/it\\\/\"},{\"@type\":\"ListItem\",\"position\":2,\"name\":\"Accesso e registrazione\"}]},{\"@type\":\"WebSite\",\"@id\":\"https:\\\/\\\/therooksbet.org\\\/it\\\/#website\",\"url\":\"https:\\\/\\\/therooksbet.org\\\/it\\\/\",\"name\":\"Rooksbet\",\"description\":\"\",\"publisher\":{\"@id\":\"https:\\\/\\\/therooksbet.org\\\/it\\\/#organization\"},\"potentialAction\":[{\"@type\":\"SearchAction\",\"target\":{\"@type\":\"EntryPoint\",\"urlTemplate\":\"https:\\\/\\\/therooksbet.org\\\/it\\\/?s={search_term_string}\"},\"query-input\":{\"@type\":\"PropertyValueSpecification\",\"valueRequired\":true,\"valueName\":\"search_term_string\"}}],\"inLanguage\":\"it-IT\"},{\"@type\":\"Organization\",\"@id\":\"https:\\\/\\\/therooksbet.org\\\/it\\\/#organization\",\"name\":\"Rooksbet\",\"url\":\"https:\\\/\\\/therooksbet.org\\\/it\\\/\",\"logo\":{\"@type\":\"ImageObject\",\"inLanguage\":\"it-IT\",\"@id\":\"https:\\\/\\\/therooksbet.org\\\/it\\\/#\\\/schema\\\/logo\\\/image\\\/\",\"url\":\"https:\\\/\\\/therooksbet.org\\\/wp-content\\\/uploads\\\/2026\\\/03\\\/80u1FaquEZeR6OUTeJCc.png.webp\",\"contentUrl\":\"https:\\\/\\\/therooksbet.org\\\/wp-content\\\/uploads\\\/2026\\\/03\\\/80u1FaquEZeR6OUTeJCc.png.webp\",\"width\":167,\"height\":44,\"caption\":\"Rooksbet\"},\"image\":{\"@id\":\"https:\\\/\\\/therooksbet.org\\\/it\\\/#\\\/schema\\\/logo\\\/image\\\/\"}}]}<\/script>\n<!-- \/ Yoast SEO plugin. -->","yoast_head_json":{"title":"Rooksbet Login \u2013 Accedi al tuo account casino in sicurezza","description":"Rooksbet Login \u2013 accedi in modo sicuro al tuo account casino con accesso crittografato e verifica rapida. Gestisci il recupero password, le impostazioni del profilo e gli strumenti dell'account facilmente su Rooks Bet.","robots":{"index":"index","follow":"follow","max-snippet":"max-snippet:-1","max-image-preview":"max-image-preview:large","max-video-preview":"max-video-preview:-1"},"canonical":"https:\/\/therooksbet.org\/it\/accesso-e-registrazione\/","og_locale":"it_IT","og_type":"article","og_title":"Rooksbet Login \u2013 Accedi al tuo account casino in sicurezza","og_description":"Rooksbet Login \u2013 accedi in modo sicuro al tuo account casino con accesso crittografato e verifica rapida. Gestisci il recupero password, le impostazioni del profilo e gli strumenti dell'account facilmente su Rooks Bet.","og_url":"https:\/\/therooksbet.org\/it\/accesso-e-registrazione\/","og_site_name":"rooksbet","article_modified_time":"2026-03-12T11:30:24+00:00","twitter_card":"summary_large_image","twitter_misc":{"Est. reading time":"1 minute"},"schema":{"@context":"https:\/\/schema.org","@graph":[{"@type":"WebPage","@id":"https:\/\/therooksbet.org\/it\/accesso-e-registrazione\/","url":"https:\/\/therooksbet.org\/it\/accesso-e-registrazione\/","name":"Rooksbet Login \u2013 Accedi al tuo account casino in sicurezza","isPartOf":{"@id":"https:\/\/therooksbet.org\/it\/#website"},"datePublished":"2026-01-20T12:11:11+00:00","dateModified":"2026-03-12T11:30:24+00:00","description":"Rooksbet Login \u2013 accedi in modo sicuro al tuo account casino con accesso crittografato e verifica rapida. Gestisci il recupero password, le impostazioni del profilo e gli strumenti dell'account facilmente su Rooks Bet.","breadcrumb":{"@id":"https:\/\/therooksbet.org\/it\/accesso-e-registrazione\/#breadcrumb"},"inLanguage":"it-IT","potentialAction":[{"@type":"ReadAction","target":["https:\/\/therooksbet.org\/it\/accesso-e-registrazione\/"]}]},{"@type":"BreadcrumbList","@id":"https:\/\/therooksbet.org\/it\/accesso-e-registrazione\/#breadcrumb","itemListElement":[{"@type":"ListItem","position":1,"name":"Rooksbet","item":"https:\/\/therooksbet.org\/it\/"},{"@type":"ListItem","position":2,"name":"Accesso e registrazione"}]},{"@type":"WebSite","@id":"https:\/\/therooksbet.org\/it\/#website","url":"https:\/\/therooksbet.org\/it\/","name":"Rooksbet","description":"","publisher":{"@id":"https:\/\/therooksbet.org\/it\/#organization"},"potentialAction":[{"@type":"SearchAction","target":{"@type":"EntryPoint","urlTemplate":"https:\/\/therooksbet.org\/it\/?s={search_term_string}"},"query-input":{"@type":"PropertyValueSpecification","valueRequired":true,"valueName":"search_term_string"}}],"inLanguage":"it-IT"},{"@type":"Organization","@id":"https:\/\/therooksbet.org\/it\/#organization","name":"Rooksbet","url":"https:\/\/therooksbet.org\/it\/","logo":{"@type":"ImageObject","inLanguage":"it-IT","@id":"https:\/\/therooksbet.org\/it\/#\/schema\/logo\/image\/","url":"https:\/\/therooksbet.org\/wp-content\/uploads\/2026\/03\/80u1FaquEZeR6OUTeJCc.png.webp","contentUrl":"https:\/\/therooksbet.org\/wp-content\/uploads\/2026\/03\/80u1FaquEZeR6OUTeJCc.png.webp","width":167,"height":44,"caption":"Rooksbet"},"image":{"@id":"https:\/\/therooksbet.org\/it\/#\/schema\/logo\/image\/"}}]}},"_links":{"self":[{"href":"https:\/\/therooksbet.org\/it\/wp-json\/wp\/v2\/pages\/1485","targetHints":{"allow":["GET"]}}],"collection":[{"href":"https:\/\/therooksbet.org\/it\/wp-json\/wp\/v2\/pages"}],"about":[{"href":"https:\/\/therooksbet.org\/it\/wp-json\/wp\/v2\/types\/page"}],"author":[{"embeddable":true,"href":"https:\/\/therooksbet.org\/it\/wp-json\/wp\/v2\/users\/1"}],"replies":[{"embeddable":true,"href":"https:\/\/therooksbet.org\/it\/wp-json\/wp\/v2\/comments?post=1485"}],"version-history":[{"count":3,"href":"https:\/\/therooksbet.org\/it\/wp-json\/wp\/v2\/pages\/1485\/revisions"}],"predecessor-version":[{"id":2102,"href":"https:\/\/therooksbet.org\/it\/wp-json\/wp\/v2\/pages\/1485\/revisions\/2102"}],"wp:attachment":[{"href":"https:\/\/therooksbet.org\/it\/wp-json\/wp\/v2\/media?parent=1485"}],"curies":[{"name":"wp","href":"https:\/\/api.w.org\/{rel}","templated":true}]}}