{"id":1447,"date":"2026-01-20T12:08:23","date_gmt":"2026-01-20T12:08:23","guid":{"rendered":"https:\/\/bonuskongcasino.com\/app\/"},"modified":"2026-03-12T11:51:10","modified_gmt":"2026-03-12T11:51:10","slug":"aplikacja","status":"publish","type":"page","link":"https:\/\/therooksbet.org\/pl\/aplikacja\/","title":{"rendered":"Aplikacja"},"content":{"rendered":"<h1>Platforma mobilna Rooksbet<\/h1>\n<p>W naszym kasynie online nie ma \u017cadnych ogranicze\u0144 dla klient\u00f3w z Polski. Je\u015bli chcesz gra\u0107 w podr\u00f3\u017cy, oferujemy wygodn\u0105 Rooksbet App, kt\u00f3ra jest kompatybilna ze wszystkimi nowoczesnymi urz\u0105dzeniami z systemami Android i iOS. Instalacja wymaga jedynie stabilnego po\u0142\u0105czenia internetowego i nowoczesnego urz\u0105dzenia mobilnego. Nie zajmie to du\u017co miejsca w pami\u0119ci Twojego smartfona lub tabletu.<\/p>\n<div class=\"banner-wrap\" aria-label=\"Banner\"><img src=\"https:\/\/therooksbet.org\/wp-content\/uploads\/Rooksbet-banner-desktop.webp\" class=\"w-100 d-none d-lg-block img-pc main-banner-img\" alt=\"Rooksbet banner desktop\" fetchpriority=\"high\" decoding=\"async\"><img src=\"https:\/\/therooksbet.org\/wp-content\/uploads\/2026\/03\/eOLy2N8LgH3NW5QxswwX-300x300-1.png\" class=\"w-100 d-none d-md-block d-lg-none main-banner-img\" alt=\"rooksbet mobile banner\" fetchpriority=\"high\" decoding=\"async\"><img src=\"https:\/\/therooksbet.org\/wp-content\/uploads\/2026\/03\/eOLy2N8LgH3NW5QxswwX-300x300-1.png\" class=\"w-100 d-md-none\" alt=\"rooksbet mobile banner\" fetchpriority=\"high\" decoding=\"async\"><div class=\"banner-description\">\n<div class=\"banner-title\">Bonusy powitalne<\/div>\n<p class=\"banner-header-title\">1500 \u20ac<\/p>\n<div class=\"banner-header-AdditionalText\">+ 250 Darmowe spiny<\/div>\n<button data-item=\"homepage_banner_link\" class=\"goto m-button m-gradient-border m-button--primary m-button--large banner-button btn-orange\">\n            <div class=\"m-button-content\">\n                <span>Zarejestruj si\u0119 teraz<\/span>\n                <span><\/span>\n            <\/div>\n        <\/button>\n<\/div>\n<div class=\"WelcomePack\">\n<p><img loading=\"lazy\" decoding=\"async\" class=\"alignnone size-full wp-image-1896\" src=\"https:\/\/therooksbet.org\/wp-content\/uploads\/2026\/03\/welcome-crown-1.png\" alt=\"welcome crown\" width=\"25\" height=\"26\" \/><\/p>\n<div class=\"WelcomePack-Info\">Cotygodniowy zwrot got\u00f3wki do 25%<\/div>\n<p><img loading=\"lazy\" decoding=\"async\" class=\"alignnone size-full wp-image-1896\" src=\"https:\/\/therooksbet.org\/wp-content\/uploads\/2026\/03\/welcome-crown-1.png\" alt=\"welcome crown\" width=\"25\" height=\"26\" \/><\/p>\n<\/div>\n<\/div>\n<h2>G\u0142\u00f3wne cechy kasyna mobilnego<\/h2>\n<p>Ponad 80% u\u017cytkownik\u00f3w woli korzysta\u0107 ze wszystkich swoich ulubionych stron internetowych i gier w podr\u00f3\u017cy. Aby to umo\u017cliwi\u0107, marki musz\u0105 oferowa\u0107 swoim klientom mobilne wersje ich ulubionych \u017ar\u00f3de\u0142. Rooks Bet Casino nie jest tu wyj\u0105tkiem. Nasza strona internetowa jest dost\u0119pna w ka\u017cdej przegl\u0105darce mobilnej, w tym Google Chrome i Safari. Otrzymujesz takie same wra\u017cenia z gry, jak na komputerze stacjonarnym.<\/p>\n<p>Istnieje r\u00f3wnie\u017c inna opcja bardziej spersonalizowanej rozgrywki \u2013 aplikacja Rooksbet. Ma ona znany wygl\u0105d i nawigacj\u0119, wi\u0119c nie napotkasz \u017cadnych problem\u00f3w podczas korzystania z niej. Dost\u0119pne s\u0105 w niej wszystkie te same funkcje, w tym gry, p\u0142atno\u015bci, rejestracja i wiele wi\u0119cej.<\/p>\n<h3>Wymagania aplikacji<\/h3>\n<p>Oprogramowanie mobilne Rooks Bet zosta\u0142o opracowane jako progresywna aplikacja internetowa (PWA). Nie potrzebujesz \u017cadnych dodatkowych kont w sklepach z aplikacjami, poniewa\u017c instalacj\u0119 mo\u017cna przeprowadzi\u0107 bezpo\u015brednio z naszej strony internetowej. Jak ka\u017cda aplikacja, Rooksbet Casino ma okre\u015blone wymagania, kt\u00f3re musz\u0105 by\u0107 spe\u0142nione, aby instalacja i korzystanie z oprogramowania przebieg\u0142y pomy\u015blnie.<\/p>\n<table>\n<tbody>\n<tr>\n<td>Wymagania<\/td>\n<td>Szczeg\u00f3\u0142y<\/td>\n<td>Dlaczego ma to znaczenie<\/td>\n<\/tr>\n<tr>\n<td>Nowoczesna przegl\u0105darka mobilna<\/td>\n<td>Zalecamy korzystanie z najnowszych wersji przegl\u0105darek Chrome, Safari lub Firefox<\/td>\n<td>Zapewnia pe\u0142n\u0105 kompatybilno\u015b\u0107 i p\u0142ynne dzia\u0142anie<\/td>\n<\/tr>\n<tr>\n<td>Stabilne po\u0142\u0105czenie internetowe<\/td>\n<td>Najlepszym rozwi\u0105zaniem jest Wi-Fi, ale szybkie \u0142\u0105cze 4G lub 5G r\u00f3wnie\u017c si\u0119 sprawdzi<\/td>\n<td>Zapobiega przerwom podczas gry i transakcji<\/td>\n<\/tr>\n<tr>\n<td>W\u0142\u0105czona obs\u0142uga JavaScript<\/td>\n<td>Nale\u017cy je aktywowa\u0107 w ustawieniach przegl\u0105darki<\/td>\n<td>Umo\u017cliwia prawid\u0142owe dzia\u0142anie interfejsu aplikacji i funkcji gry<\/td>\n<\/tr>\n<tr>\n<td>Wystarczaj\u0105ca ilo\u015b\u0107 pami\u0119ci w urz\u0105dzeniu<\/td>\n<td>Aplikacja wykorzystuje tylko niewielk\u0105 ilo\u015b\u0107 wolnego miejsca na dane w pami\u0119ci podr\u0119cznej<\/td>\n<td>Umo\u017cliwia szybsze \u0142adowanie i korzystanie z element\u00f3w offline<\/td>\n<\/tr>\n<tr>\n<td>Zaktualizowany system operacyjny<\/td>\n<td>Lepiej jest mie\u0107 najnowsz\u0105 wersj\u0119 systemu Android lub iOS<\/td>\n<td>Gwarantuje aktualizacje zabezpiecze\u0144 i optymaln\u0105 integracj\u0119 systemu<\/td>\n<\/tr>\n<\/tbody>\n<\/table>\n<p><div class=\"scrollable-content-wrap my-5\"><div class=\"scrollable-content-inner\"><h2>Aplikacja Rooksbet na Androida<\/h2>\n<p>Niezale\u017cnie od tego, jaki model urz\u0105dzenia z systemem Android posiadasz, zawsze masz mo\u017cliwo\u015b\u0107 korzystania z naszego mobilnego kasyna. Wystarczy odwiedzi\u0107 platform\u0119 w dowolnej przegl\u0105darce lub zainstalowa\u0107 dedykowan\u0105 aplikacj\u0119. W kasynie Rooksbet nie ograniczamy Ci\u0119 w wyborze ani kombinacji tych opcji. Najwa\u017cniejsze jest to, aby\u015b korzysta\u0142 z tego samego konta na wszystkich swoich urz\u0105dzeniach.<\/p>\n<p>Aplikacja Rooks Bet i strona mobilna doskonale dostosowuj\u0105 si\u0119 do rozmiaru i rozdzielczo\u015bci ekranu. Zosta\u0142y zaprojektowane ze specjaln\u0105 funkcj\u0105 sterowania dotykowego, kt\u00f3ra pomaga dobrze si\u0119 bawi\u0107 podczas grania.<\/p>\n<h3>Instalacja krok po kroku<\/h3>\n<p>Ka\u017cdy u\u017cytkownik mo\u017ce samodzielnie zdecydowa\u0107, jakie opcje wybra\u0107. Mo\u017cemy tylko powiedzie\u0107, \u017ce aplikacja Rooksbet oferuje bardziej spersonalizowane do\u015bwiadczenie. Jednym klikni\u0119ciem na ekranie g\u0142\u00f3wnym uzyskasz dost\u0119p do wszystkich potrzebnych funkcji. U\u017cytkownicy mog\u0105 r\u00f3wnie\u017c skonfigurowa\u0107 powiadomienia o wszelkich aktualizacjach, post\u0119pach w bonusach lub nowych wydaniach gier.<\/p>\n<p>Poni\u017csze wskaz\u00f3wki pomog\u0105 Ci poprawnie zainstalowa\u0107 aplikacj\u0119 bez \u017cadnych problem\u00f3w:<\/p>\n<ol>\n<li>Odwied\u017a nasz\u0105 stron\u0119 internetow\u0105 na smartfonie lub tablecie z systemem Android. Bardzo wa\u017cne jest, aby zainstalowa\u0107 aplikacj\u0119 z oficjalnej strony internetowej, aby unikn\u0105\u0107 oszustw.<\/li>\n<li>Przejd\u017a do ustawie\u0144 przegl\u0105darki, klikaj\u0105c przycisk \u201eWi\u0119cej\u201d, kt\u00f3ry wygl\u0105da jak trzy pionowe kropki.<\/li>\n<li>W menu znajd\u017a i kliknij \u201eDodaj do ekranu g\u0142\u00f3wnego\u201d.<\/li>\n<li>W razie potrzeby dostosuj ikon\u0119 Rooksbet. Mo\u017cesz zmieni\u0107 jej nazw\u0119 i wygl\u0105d.<\/li>\n<li>Kliknij \u201eDodaj\u201d, aby potwierdzi\u0107 dzia\u0142anie. Ikona pojawi si\u0119 natychmiast na ekranie g\u0142\u00f3wnym.<\/li>\n<\/ol>\n<p><img loading=\"lazy\" decoding=\"async\" class=\"alignnone size-full wp-image-1955\" src=\"https:\/\/therooksbet.org\/wp-content\/uploads\/2026\/03\/Rooksbet-Android-App.webp\" alt=\"Rooksbet Android App\" width=\"1248\" height=\"536\" srcset=\"https:\/\/therooksbet.org\/wp-content\/uploads\/2026\/03\/Rooksbet-Android-App.webp 1248w, https:\/\/therooksbet.org\/wp-content\/uploads\/2026\/03\/Rooksbet-Android-App-300x129.webp 300w, https:\/\/therooksbet.org\/wp-content\/uploads\/2026\/03\/Rooksbet-Android-App-1024x440.webp 1024w, https:\/\/therooksbet.org\/wp-content\/uploads\/2026\/03\/Rooksbet-Android-App-768x330.webp 768w\" sizes=\"auto, (max-width: 1248px) 100vw, 1248px\" \/><\/p>\n<p>&nbsp;<\/p>\n<\/div><\/div><div style=\"clear: both\"><\/div><div class=\"d-flex justify-content-center\"><button data-item=\"decouvrez_link\" data-group=\"website_links\" class=\"goto fw-bold rounded-pill btn btn-orange\" aria-label=\"Pobierz aplikacj\u0119 Rooksbet\" >Pobierz aplikacj\u0119 Rooksbet<\/button><\/div><div class=\"scrollable-content-wrap my-5\"><div class=\"scrollable-content-inner\"><h2>Gra na iPhonie i iPadzie<\/h2>\n<p>Je\u015bli jeste\u015b posiadaczem iPhone&#8217;a lub iPada, masz szcz\u0119\u015bcie, \u017ce mo\u017cesz korzysta\u0107 z naszego kasyna online na swoim urz\u0105dzeniu mobilnym. Niekt\u00f3rzy gracze obawiaj\u0105 si\u0119, \u017ce w wersji mobilnej dost\u0119pnych b\u0119dzie tylko kilka gier, ale to nieprawda. Aplikacja Rooksbet Casino zawiera ponad 6 000 tytu\u0142\u00f3w, w tym automaty online, gry sto\u0142owe, gry kasynowe na \u017cywo i opcje natychmiastowej wygranej.<\/p>\n<p>Ze wzgl\u0119du na ograniczenia App Store dotycz\u0105ce aplikacji kasynowych, nasze oprogramowanie mobilne jest dost\u0119pne do instalacji bezpo\u015brednio z oficjalnej strony internetowej. Regularnie testujemy aplikacj\u0119 Rooksbet i mo\u017cemy zagwarantowa\u0107, \u017ce jest ona ca\u0142kowicie bezpieczna dla Twojego urz\u0105dzenia.<\/p>\n<p>Proces instalacji na urz\u0105dzeniu z systemem iOS jest prosty i zajmuje oko\u0142o 3 minut. Na naszej stronie internetowej przejd\u017a do stopki strony g\u0142\u00f3wnej i kliknij przycisk \u201eAplikacja kasyna\u201d. Na nowo wy\u015bwietlonej stronie u\u017cytkownicy musz\u0105 wybra\u0107 opcj\u0119 \u201eZainstaluj\u201d. Po kilku sekundach ikona Rooks Bet pojawi si\u0119 na ekranie g\u0142\u00f3wnym.<\/p>\n<p><img loading=\"lazy\" decoding=\"async\" class=\"alignnone size-full wp-image-1963\" src=\"https:\/\/therooksbet.org\/wp-content\/uploads\/2026\/03\/Rooksbet-iOS-App.webp\" alt=\"Rooksbet iOS App\" width=\"1248\" height=\"536\" srcset=\"https:\/\/therooksbet.org\/wp-content\/uploads\/2026\/03\/Rooksbet-iOS-App.webp 1248w, https:\/\/therooksbet.org\/wp-content\/uploads\/2026\/03\/Rooksbet-iOS-App-300x129.webp 300w, https:\/\/therooksbet.org\/wp-content\/uploads\/2026\/03\/Rooksbet-iOS-App-1024x440.webp 1024w, https:\/\/therooksbet.org\/wp-content\/uploads\/2026\/03\/Rooksbet-iOS-App-768x330.webp 768w\" sizes=\"auto, (max-width: 1248px) 100vw, 1248px\" \/><\/p>\n<\/div><\/div><div style=\"clear: both\"><\/div><div class=\"d-flex justify-content-center\"><button data-item=\"decouvrez_link\" data-group=\"website_links\" class=\"goto fw-bold rounded-pill btn btn-orange\" aria-label=\"Pobierz aplikacj\u0119 Rooksbet\" >Pobierz aplikacj\u0119 Rooksbet<\/button><\/div><div class=\"scrollable-content-wrap my-5\"><div class=\"scrollable-content-inner\"><h2>Kasyno Rooksbet dla system\u00f3w Windows i macOS<\/h2>\n<p>Wszyscy nasi klienci mog\u0105 r\u00f3wnie\u017c korzysta\u0107 z Rooksbet Casino na swoich komputerach stacjonarnych lub laptopach. Obs\u0142ugujemy wszystkie urz\u0105dzenia z systemami operacyjnymi Windows i macOS. Podobnie jak w przypadku urz\u0105dze\u0144 mobilnych, platforma zostanie zoptymalizowana pod k\u0105tem ekranu u\u017cytkownika.<\/p>\n<p>Aby uzyska\u0107 szybszy dost\u0119p do naszej strony internetowej, mo\u017cesz zainstalowa\u0107 ikon\u0119 skr\u00f3tu. Funkcja ta jest dost\u0119pna w ka\u017cdej nowoczesnej przegl\u0105darce. Dzi\u0119ki temu nie b\u0119dziesz musia\u0142 otwiera\u0107 przegl\u0105darki i wyszukiwa\u0107 naszego kasyna online. Je\u015bli masz jakiekolwiek pytania dotycz\u0105ce procesu instalacji, mo\u017cesz skontaktowa\u0107 si\u0119 z wieloj\u0119zycznym zespo\u0142em pomocy technicznej Rooksbet za po\u015brednictwem czatu na \u017cywo lub poczty elektronicznej.<\/p>\n<p><img loading=\"lazy\" decoding=\"async\" class=\"alignnone size-full wp-image-1971\" src=\"https:\/\/therooksbet.org\/wp-content\/uploads\/2026\/03\/Rooksbet-Desktop.webp\" alt=\"Rooksbet Desktop\" width=\"1248\" height=\"536\" srcset=\"https:\/\/therooksbet.org\/wp-content\/uploads\/2026\/03\/Rooksbet-Desktop.webp 1248w, https:\/\/therooksbet.org\/wp-content\/uploads\/2026\/03\/Rooksbet-Desktop-300x129.webp 300w, https:\/\/therooksbet.org\/wp-content\/uploads\/2026\/03\/Rooksbet-Desktop-1024x440.webp 1024w, https:\/\/therooksbet.org\/wp-content\/uploads\/2026\/03\/Rooksbet-Desktop-768x330.webp 768w\" sizes=\"auto, (max-width: 1248px) 100vw, 1248px\" \/><\/p>\n<\/div><\/div><div style=\"clear: both\"><\/div><div class=\"d-flex justify-content-center\"><button data-item=\"decouvrez_link\" data-group=\"website_links\" class=\"goto fw-bold rounded-pill btn btn-orange\" aria-label=\"Pobierz aplikacj\u0119 Rooksbet\" >Pobierz aplikacj\u0119 Rooksbet<\/button><\/div><div class=\"scrollable-content-wrap my-5\"><div class=\"scrollable-content-inner\"><h2>FAQ<\/h2>\n<h3>Czy proces weryfikacji jest wymagany r\u00f3wnie\u017c dla u\u017cytkownik\u00f3w mobilnych?<\/h3>\n<p>Je\u015bli dokonujesz pierwszej wyp\u0142aty w aplikacji mobilnej, musisz przej\u015b\u0107 proces weryfikacji. Procedura przebiega tak samo jak na komputerze stacjonarnym. Po jej zako\u0144czeniu nie b\u0119dziesz mie\u0107 \u017cadnych dalszych op\u00f3\u017anie\u0144 w wyp\u0142atach.<\/p>\n<h3>Czy odinstalowanie aplikacji Rooksbet spowoduje usuni\u0119cie mojego konta?<\/h3>\n<p>Je\u015bli zdecydujesz si\u0119 zawiesi\u0107 lub zaprzesta\u0107 korzystania z oprogramowania mobilnego, nie zmieni to niczego w Twoim profilu. Wszystkie Twoje osi\u0105gni\u0119cia i saldo zostan\u0105 zapisane, wi\u0119c w przysz\u0142o\u015bci b\u0119dziesz m\u00f3g\u0142 gra\u0107 na komputerze lub ponownie zainstalowa\u0107 aplikacj\u0119.<\/p>\n<h3>Czy oprogramowanie mobilne jest bezpieczne i niezawodne?<\/h3>\n<p>Wszystkie Twoje dane osobowe s\u0105 chronione przez systemy szyfrowania 1.3 TLS. U\u017cywamy innowacyjnych zap\u00f3r sieciowych aplikacji internetowych, aby blokowa\u0107 podejrzane pr\u00f3by atak\u00f3w na oprogramowanie. W Rooks Bet Casino mo\u017cesz gra\u0107 bez dodatkowych obaw.<\/p>\n<\/div><\/div><\/p>\n","protected":false},"excerpt":{"rendered":"<p>Platforma mobilna Rooksbet W naszym kasynie online nie ma \u017cadnych ogranicze\u0144 dla klient\u00f3w z Polski. Je\u015bli chcesz gra\u0107 w podr\u00f3\u017cy, oferujemy wygodn\u0105 Rooksbet App, kt\u00f3ra jest kompatybilna ze wszystkimi nowoczesnymi urz\u0105dzeniami z systemami Android i iOS. Instalacja wymaga jedynie stabilnego po\u0142\u0105czenia internetowego i nowoczesnego urz\u0105dzenia mobilnego. Nie zajmie to du\u017co miejsca w pami\u0119ci Twojego smartfona [&hellip;]<\/p>\n","protected":false},"author":1,"featured_media":0,"parent":0,"menu_order":0,"comment_status":"closed","ping_status":"closed","template":"template-builder.php","meta":{"_acf_changed":false,"inline_featured_image":false,"footnotes":""},"class_list":["post-1447","page","type-page","status-publish","hentry"],"acf":[],"yoast_head":"<!-- This site is optimized with the Yoast SEO plugin v27.3 - https:\/\/yoast.com\/product\/yoast-seo-wordpress\/ -->\n<title>Rooksbet App | Oficjalna Aplikacja na Android &amp; iOS<\/title>\n<meta name=\"description\" content=\"Rooksbet App \u2013 pobierz oficjaln\u0105 aplikacj\u0119 na Android i iOS, aby gra\u0107 w sloty, gry sto\u0142owe i kasyno na \u017cywo gdziekolwiek jeste\u015b. Ciesz si\u0119 p\u0142ynnym dzia\u0142aniem i pe\u0142nym dost\u0119pem do konta z Rooks Bet.\" \/>\n<meta name=\"robots\" content=\"index, follow, max-snippet:-1, max-image-preview:large, max-video-preview:-1\" \/>\n<link rel=\"canonical\" href=\"https:\/\/therooksbet.org\/pl\/aplikacja\/\" \/>\n<meta property=\"og:locale\" content=\"pl_PL\" \/>\n<meta property=\"og:type\" content=\"article\" \/>\n<meta property=\"og:title\" content=\"Rooksbet App | Oficjalna Aplikacja na Android &amp; iOS\" \/>\n<meta property=\"og:description\" content=\"Rooksbet App \u2013 pobierz oficjaln\u0105 aplikacj\u0119 na Android i iOS, aby gra\u0107 w sloty, gry sto\u0142owe i kasyno na \u017cywo gdziekolwiek jeste\u015b. Ciesz si\u0119 p\u0142ynnym dzia\u0142aniem i pe\u0142nym dost\u0119pem do konta z Rooks Bet.\" \/>\n<meta property=\"og:url\" content=\"https:\/\/therooksbet.org\/pl\/aplikacja\/\" \/>\n<meta property=\"og:site_name\" content=\"rooksbet\" \/>\n<meta property=\"article:modified_time\" content=\"2026-03-12T11:51:10+00:00\" \/>\n<meta name=\"twitter:card\" content=\"summary_large_image\" \/>\n<meta name=\"twitter:label1\" content=\"Est. reading time\" \/>\n\t<meta name=\"twitter:data1\" content=\"2 minutes\" \/>\n<script type=\"application\/ld+json\" class=\"yoast-schema-graph\">{\"@context\":\"https:\\\/\\\/schema.org\",\"@graph\":[{\"@type\":\"WebPage\",\"@id\":\"https:\\\/\\\/therooksbet.org\\\/pl\\\/aplikacja\\\/\",\"url\":\"https:\\\/\\\/therooksbet.org\\\/pl\\\/aplikacja\\\/\",\"name\":\"Rooksbet App | Oficjalna Aplikacja na Android & iOS\",\"isPartOf\":{\"@id\":\"https:\\\/\\\/therooksbet.org\\\/pl\\\/#website\"},\"datePublished\":\"2026-01-20T12:08:23+00:00\",\"dateModified\":\"2026-03-12T11:51:10+00:00\",\"description\":\"Rooksbet App \u2013 pobierz oficjaln\u0105 aplikacj\u0119 na Android i iOS, aby gra\u0107 w sloty, gry sto\u0142owe i kasyno na \u017cywo gdziekolwiek jeste\u015b. Ciesz si\u0119 p\u0142ynnym dzia\u0142aniem i pe\u0142nym dost\u0119pem do konta z Rooks Bet.\",\"breadcrumb\":{\"@id\":\"https:\\\/\\\/therooksbet.org\\\/pl\\\/aplikacja\\\/#breadcrumb\"},\"inLanguage\":\"pl-PL\",\"potentialAction\":[{\"@type\":\"ReadAction\",\"target\":[\"https:\\\/\\\/therooksbet.org\\\/pl\\\/aplikacja\\\/\"]}]},{\"@type\":\"BreadcrumbList\",\"@id\":\"https:\\\/\\\/therooksbet.org\\\/pl\\\/aplikacja\\\/#breadcrumb\",\"itemListElement\":[{\"@type\":\"ListItem\",\"position\":1,\"name\":\"Rooksbet\",\"item\":\"https:\\\/\\\/therooksbet.org\\\/pl\\\/\"},{\"@type\":\"ListItem\",\"position\":2,\"name\":\"Aplikacja\"}]},{\"@type\":\"WebSite\",\"@id\":\"https:\\\/\\\/therooksbet.org\\\/pl\\\/#website\",\"url\":\"https:\\\/\\\/therooksbet.org\\\/pl\\\/\",\"name\":\"Rooksbet\",\"description\":\"\",\"publisher\":{\"@id\":\"https:\\\/\\\/therooksbet.org\\\/pl\\\/#organization\"},\"potentialAction\":[{\"@type\":\"SearchAction\",\"target\":{\"@type\":\"EntryPoint\",\"urlTemplate\":\"https:\\\/\\\/therooksbet.org\\\/pl\\\/?s={search_term_string}\"},\"query-input\":{\"@type\":\"PropertyValueSpecification\",\"valueRequired\":true,\"valueName\":\"search_term_string\"}}],\"inLanguage\":\"pl-PL\"},{\"@type\":\"Organization\",\"@id\":\"https:\\\/\\\/therooksbet.org\\\/pl\\\/#organization\",\"name\":\"Rooksbet\",\"url\":\"https:\\\/\\\/therooksbet.org\\\/pl\\\/\",\"logo\":{\"@type\":\"ImageObject\",\"inLanguage\":\"pl-PL\",\"@id\":\"https:\\\/\\\/therooksbet.org\\\/pl\\\/#\\\/schema\\\/logo\\\/image\\\/\",\"url\":\"https:\\\/\\\/therooksbet.org\\\/wp-content\\\/uploads\\\/2026\\\/03\\\/80u1FaquEZeR6OUTeJCc.png.webp\",\"contentUrl\":\"https:\\\/\\\/therooksbet.org\\\/wp-content\\\/uploads\\\/2026\\\/03\\\/80u1FaquEZeR6OUTeJCc.png.webp\",\"width\":167,\"height\":44,\"caption\":\"Rooksbet\"},\"image\":{\"@id\":\"https:\\\/\\\/therooksbet.org\\\/pl\\\/#\\\/schema\\\/logo\\\/image\\\/\"}}]}<\/script>\n<!-- \/ Yoast SEO plugin. -->","yoast_head_json":{"title":"Rooksbet App | Oficjalna Aplikacja na Android & iOS","description":"Rooksbet App \u2013 pobierz oficjaln\u0105 aplikacj\u0119 na Android i iOS, aby gra\u0107 w sloty, gry sto\u0142owe i kasyno na \u017cywo gdziekolwiek jeste\u015b. Ciesz si\u0119 p\u0142ynnym dzia\u0142aniem i pe\u0142nym dost\u0119pem do konta z Rooks Bet.","robots":{"index":"index","follow":"follow","max-snippet":"max-snippet:-1","max-image-preview":"max-image-preview:large","max-video-preview":"max-video-preview:-1"},"canonical":"https:\/\/therooksbet.org\/pl\/aplikacja\/","og_locale":"pl_PL","og_type":"article","og_title":"Rooksbet App | Oficjalna Aplikacja na Android & iOS","og_description":"Rooksbet App \u2013 pobierz oficjaln\u0105 aplikacj\u0119 na Android i iOS, aby gra\u0107 w sloty, gry sto\u0142owe i kasyno na \u017cywo gdziekolwiek jeste\u015b. Ciesz si\u0119 p\u0142ynnym dzia\u0142aniem i pe\u0142nym dost\u0119pem do konta z Rooks Bet.","og_url":"https:\/\/therooksbet.org\/pl\/aplikacja\/","og_site_name":"rooksbet","article_modified_time":"2026-03-12T11:51:10+00:00","twitter_card":"summary_large_image","twitter_misc":{"Est. reading time":"2 minutes"},"schema":{"@context":"https:\/\/schema.org","@graph":[{"@type":"WebPage","@id":"https:\/\/therooksbet.org\/pl\/aplikacja\/","url":"https:\/\/therooksbet.org\/pl\/aplikacja\/","name":"Rooksbet App | Oficjalna Aplikacja na Android & iOS","isPartOf":{"@id":"https:\/\/therooksbet.org\/pl\/#website"},"datePublished":"2026-01-20T12:08:23+00:00","dateModified":"2026-03-12T11:51:10+00:00","description":"Rooksbet App \u2013 pobierz oficjaln\u0105 aplikacj\u0119 na Android i iOS, aby gra\u0107 w sloty, gry sto\u0142owe i kasyno na \u017cywo gdziekolwiek jeste\u015b. Ciesz si\u0119 p\u0142ynnym dzia\u0142aniem i pe\u0142nym dost\u0119pem do konta z Rooks Bet.","breadcrumb":{"@id":"https:\/\/therooksbet.org\/pl\/aplikacja\/#breadcrumb"},"inLanguage":"pl-PL","potentialAction":[{"@type":"ReadAction","target":["https:\/\/therooksbet.org\/pl\/aplikacja\/"]}]},{"@type":"BreadcrumbList","@id":"https:\/\/therooksbet.org\/pl\/aplikacja\/#breadcrumb","itemListElement":[{"@type":"ListItem","position":1,"name":"Rooksbet","item":"https:\/\/therooksbet.org\/pl\/"},{"@type":"ListItem","position":2,"name":"Aplikacja"}]},{"@type":"WebSite","@id":"https:\/\/therooksbet.org\/pl\/#website","url":"https:\/\/therooksbet.org\/pl\/","name":"Rooksbet","description":"","publisher":{"@id":"https:\/\/therooksbet.org\/pl\/#organization"},"potentialAction":[{"@type":"SearchAction","target":{"@type":"EntryPoint","urlTemplate":"https:\/\/therooksbet.org\/pl\/?s={search_term_string}"},"query-input":{"@type":"PropertyValueSpecification","valueRequired":true,"valueName":"search_term_string"}}],"inLanguage":"pl-PL"},{"@type":"Organization","@id":"https:\/\/therooksbet.org\/pl\/#organization","name":"Rooksbet","url":"https:\/\/therooksbet.org\/pl\/","logo":{"@type":"ImageObject","inLanguage":"pl-PL","@id":"https:\/\/therooksbet.org\/pl\/#\/schema\/logo\/image\/","url":"https:\/\/therooksbet.org\/wp-content\/uploads\/2026\/03\/80u1FaquEZeR6OUTeJCc.png.webp","contentUrl":"https:\/\/therooksbet.org\/wp-content\/uploads\/2026\/03\/80u1FaquEZeR6OUTeJCc.png.webp","width":167,"height":44,"caption":"Rooksbet"},"image":{"@id":"https:\/\/therooksbet.org\/pl\/#\/schema\/logo\/image\/"}}]}},"_links":{"self":[{"href":"https:\/\/therooksbet.org\/pl\/wp-json\/wp\/v2\/pages\/1447","targetHints":{"allow":["GET"]}}],"collection":[{"href":"https:\/\/therooksbet.org\/pl\/wp-json\/wp\/v2\/pages"}],"about":[{"href":"https:\/\/therooksbet.org\/pl\/wp-json\/wp\/v2\/types\/page"}],"author":[{"embeddable":true,"href":"https:\/\/therooksbet.org\/pl\/wp-json\/wp\/v2\/users\/1"}],"replies":[{"embeddable":true,"href":"https:\/\/therooksbet.org\/pl\/wp-json\/wp\/v2\/comments?post=1447"}],"version-history":[{"count":4,"href":"https:\/\/therooksbet.org\/pl\/wp-json\/wp\/v2\/pages\/1447\/revisions"}],"predecessor-version":[{"id":2108,"href":"https:\/\/therooksbet.org\/pl\/wp-json\/wp\/v2\/pages\/1447\/revisions\/2108"}],"wp:attachment":[{"href":"https:\/\/therooksbet.org\/pl\/wp-json\/wp\/v2\/media?parent=1447"}],"curies":[{"name":"wp","href":"https:\/\/api.w.org\/{rel}","templated":true}]}}