{"id":1486,"date":"2026-01-20T12:11:11","date_gmt":"2026-01-20T12:11:11","guid":{"rendered":"https:\/\/bonuskongcasino.com\/login-and-registration\/"},"modified":"2026-03-12T11:54:13","modified_gmt":"2026-03-12T11:54:13","slug":"logowanie-i-rejestracja","status":"publish","type":"page","link":"https:\/\/therooksbet.org\/pl\/logowanie-i-rejestracja\/","title":{"rendered":"Logowanie i rejestracja"},"content":{"rendered":"<h1>Logowanie do kasyna Rooksbet<\/h1>\n<p>Je\u015bli masz uko\u0144czone 18 lat i chcesz gra\u0107 na prawdziwe pieni\u0105dze w jednym z najlepszych kasyn online, wystarczy tylko Rooksbet login. Proces ten jest prosty i zajmuje kilka minut. Aby utworzy\u0107 konto, u\u017cytkownicy z Polski musz\u0105 jedynie poda\u0107 prawid\u0142owy adres e-mail i utworzy\u0107 has\u0142o.<\/p>\n<p><div class=\"banner-wrap\" aria-label=\"Banner\"><img src=\"https:\/\/therooksbet.org\/wp-content\/uploads\/Rooksbet-banner-desktop.webp\" class=\"w-100 d-none d-lg-block img-pc main-banner-img\" alt=\"Rooksbet banner desktop\" fetchpriority=\"high\" decoding=\"async\"><img src=\"https:\/\/therooksbet.org\/wp-content\/uploads\/2026\/03\/eOLy2N8LgH3NW5QxswwX-300x300-1.png\" class=\"w-100 d-none d-md-block d-lg-none main-banner-img\" alt=\"rooksbet mobile banner\" fetchpriority=\"high\" decoding=\"async\"><img src=\"https:\/\/therooksbet.org\/wp-content\/uploads\/2026\/03\/eOLy2N8LgH3NW5QxswwX-300x300-1.png\" class=\"w-100 d-md-none\" alt=\"rooksbet mobile banner\" fetchpriority=\"high\" decoding=\"async\"><div class=\"banner-description\">\n<div class=\"banner-title\">Bonusy powitalne<\/div>\n<p class=\"banner-header-title\">1500 \u20ac<\/p>\n<div class=\"banner-header-AdditionalText\">+ 250 Darmowe spiny<\/div>\n<button data-item=\"homepage_banner_link\" class=\"goto m-button m-gradient-border m-button--primary m-button--large banner-button btn-orange\">\n            <div class=\"m-button-content\">\n                <span>Zarejestruj si\u0119 teraz<\/span>\n                <span><\/span>\n            <\/div>\n        <\/button>\n<\/div>\n<div class=\"WelcomePack\">\n<p><img loading=\"lazy\" decoding=\"async\" class=\"alignnone size-full wp-image-1896\" src=\"https:\/\/therooksbet.org\/wp-content\/uploads\/2026\/03\/welcome-crown-1.png\" alt=\"welcome crown\" width=\"25\" height=\"26\" \/><\/p>\n<div class=\"WelcomePack-Info\">Cotygodniowy zwrot got\u00f3wki do 25%<\/div>\n<p><img loading=\"lazy\" decoding=\"async\" class=\"alignnone size-full wp-image-1896\" src=\"https:\/\/therooksbet.org\/wp-content\/uploads\/2026\/03\/welcome-crown-1.png\" alt=\"welcome crown\" width=\"25\" height=\"26\" \/><\/p>\n<\/div>\n<\/div><div class=\"scrollable-content-wrap my-5\"><div class=\"scrollable-content-inner\"><h2>Rejestracja w kasynie Rooksbet<\/h2>\n<p>Platforma Rooks Bet Casino jest dost\u0119pna dla wszystkich u\u017cytkownik\u00f3w, niezale\u017cnie od tego, czy posiadaj\u0105 konto, czy nie. G\u0142\u00f3wna r\u00f3\u017cnica polega na tym, \u017ce posiadaj\u0105c konto, masz dost\u0119p do wszystkich fajnych funkcji dost\u0119pnych na platformie. Najwa\u017cniejsze jest to, \u017ce tylko zarejestrowani u\u017cytkownicy mog\u0105 dokonywa\u0107 wp\u0142at, gra\u0107 na prawdziwe pieni\u0105dze i wyp\u0142aca\u0107 swoje wygrane. Wszyscy inni mog\u0105 wypr\u00f3bowa\u0107 tytu\u0142y Rooksbet w trybie demo bez ryzykowania pieni\u0119dzy.<\/p>\n<p>W poni\u017cszej tabeli u\u017cytkownicy znajd\u0105 dodatkowe informacje na temat g\u0142\u00f3wnych korzy\u015bci p\u0142yn\u0105cych z posiadania konta.<\/p>\n<table>\n<tbody>\n<tr>\n<td>Korzy\u015bci z rejestracji<\/td>\n<td>Co to oznacza<\/td>\n<\/tr>\n<tr>\n<td>Dost\u0119p do bonus\u00f3w<\/td>\n<td>U\u017cytkownicy mog\u0105 ubiega\u0107 si\u0119 o pakiet powitalny, bonusy do\u0142adowuj\u0105ce, zwrot got\u00f3wki i inne ekskluzywne promocje.<\/td>\n<\/tr>\n<tr>\n<td>Bezpieczne wp\u0142aty i wyp\u0142aty<\/td>\n<td>Masz mo\u017cliwo\u015b\u0107 bezpiecznego zarz\u0105dzania p\u0142atno\u015bciami i wyp\u0142acania wygranych za pomoc\u0105 zweryfikowanych metod.<\/td>\n<\/tr>\n<tr>\n<td>Panel konta osobistego<\/td>\n<td>Na swoim koncie mo\u017cesz \u015bledzi\u0107 saldo, bonusy, histori\u0119 transakcji i aktywno\u015b\u0107 w grach.<\/td>\n<\/tr>\n<tr>\n<td>Narz\u0119dzia odpowiedzialnej gry<\/td>\n<td>Aby zachowa\u0107 bezpiecze\u0144stwo, gracze mog\u0105 ustawi\u0107 limity finansowe lub czasowe, okresy karencji lub opcje samowykluczenia.<\/td>\n<\/tr>\n<tr>\n<td>Szybsza pomoc techniczna<\/td>\n<td>U\u017cytkownicy otrzymuj\u0105 spersonalizowan\u0105 pomoc, poniewa\u017c zesp\u00f3\u0142 wsparcia ma dost\u0119p do szczeg\u00f3\u0142\u00f3w ich konta.<\/td>\n<\/tr>\n<tr>\n<td>Zapisane preferencje<\/td>\n<td>Twoje ulubione gry, ustawienia i metody p\u0142atno\u015bci pozostaj\u0105 zapisane na przysz\u0142e sesje.<\/td>\n<\/tr>\n<\/tbody>\n<\/table>\n<h3>Szczeg\u00f3\u0142owy proces instalacji<\/h3>\n<p>Je\u015bli zdecydujesz, \u017ce nadszed\u0142 czas, aby za\u0142o\u017cy\u0107 konto w Rooksbet, ch\u0119tnie Ci w tym pomo\u017cemy. G\u0142\u00f3wn\u0105 zasad\u0105 naszej platformy jest to, \u017ce musisz mie\u0107 uko\u0144czone 18 lat. Gracze mog\u0105 mie\u0107 tylko jedno konto na platformie. Jest to wa\u017cny krok w celu zapobiegania oszustwom. Je\u015bli chcesz korzysta\u0107 z aplikacji mobilnej, po prostu zako\u0144cz proces logowania do Rooks Bet przy u\u017cyciu istniej\u0105cego konta.<\/p>\n<p>Aby szybko i bez problem\u00f3w za\u0142o\u017cy\u0107 konto, zalecamy post\u0119powanie zgodnie z poni\u017cszymi instrukcjami:<\/p>\n<ol>\n<li>U\u017cytkownicy powinni klikn\u0105\u0107 odpowiedni przycisk w prawym g\u00f3rnym rogu lobby Rooksbet Casino.<\/li>\n<li>W formularzu rejestracyjnym nale\u017cy poda\u0107 swoje dane osobowe: adres e-mail i has\u0142o. Has\u0142o powinno zawiera\u0107 co najmniej 6 znak\u00f3w.<\/li>\n<li>Wszyscy gracze musz\u0105 zapozna\u0107 si\u0119 z warunkami i je zaakceptowa\u0107. Ponadto nale\u017cy potwierdzi\u0107 sw\u00f3j wiek.<\/li>\n<li>Kliknij przycisk \u201eZarejestruj si\u0119\u201d na ko\u0144cu formularza, aby przes\u0142a\u0107 rejestracj\u0119.<\/li>\n<\/ol>\n<p><img loading=\"lazy\" decoding=\"async\" class=\"alignnone size-full wp-image-1981\" src=\"https:\/\/therooksbet.org\/wp-content\/uploads\/2026\/03\/Rooksbet-Login.webp\" alt=\"Rooksbet Login\" width=\"1248\" height=\"536\" srcset=\"https:\/\/therooksbet.org\/wp-content\/uploads\/2026\/03\/Rooksbet-Login.webp 1248w, https:\/\/therooksbet.org\/wp-content\/uploads\/2026\/03\/Rooksbet-Login-300x129.webp 300w, https:\/\/therooksbet.org\/wp-content\/uploads\/2026\/03\/Rooksbet-Login-1024x440.webp 1024w, https:\/\/therooksbet.org\/wp-content\/uploads\/2026\/03\/Rooksbet-Login-768x330.webp 768w\" sizes=\"auto, (max-width: 1248px) 100vw, 1248px\" \/><\/p>\n<h2>Logowanie do konta i wa\u017cne funkcje<\/h2>\n<p>U\u017cytkownicy, kt\u00f3rzy maj\u0105 ju\u017c profil na naszej stronie internetowej lub w aplikacji, musz\u0105 jedynie zalogowa\u0107 si\u0119 do Rooksbet. W tym przypadku nale\u017cy poda\u0107 adres e-mail i has\u0142o u\u017cyte podczas rejestracji konta.<\/p>\n<p>Po zalogowaniu si\u0119 na konto zalecamy zapoznanie si\u0119 ze wszystkimi fajnymi ustawieniami i narz\u0119dziami Rooks Bet Casino. Dzi\u0119ki nim Twoja podr\u00f3\u017c b\u0119dzie bardziej spersonalizowana i wygodniejsza. Je\u015bli masz nowy adres e-mail lub przeprowadzi\u0142e\u015b si\u0119 do innego kraju, mo\u017cesz go zmieni\u0107 w ustawieniach profilu za pomoc\u0105 kilku klikni\u0119\u0107.<\/p>\n<h3>Resetowanie dost\u0119pu do konta<\/h3>\n<p>Najcz\u0119stszym problemem podczas logowania do Rooksbet jest to, \u017ce gracze zapominaj\u0105 sw\u00f3j adres e-mail lub has\u0142o. Ale na ka\u017cd\u0105 sytuacj\u0119 jest rozwi\u0105zanie. Je\u015bli chcesz zresetowa\u0107 has\u0142o, kliknij link \u201eNie pami\u0119tasz has\u0142a?\u201d w formularzu logowania. Wy\u015blemy Ci link do resetowania has\u0142a na adres e-mail. Aby odzyska\u0107 adres e-mail, skontaktuj si\u0119 z naszym wieloj\u0119zycznym zespo\u0142em pomocy technicznej za po\u015brednictwem czatu na \u017cywo lub poczty elektronicznej.<\/p>\n<h2>Bezpiecze\u0144stwo danych osobowych w Rooks Bet<\/h2>\n<p>W Rooksbet bardzo powa\u017cnie traktujemy bezpiecze\u0144stwo i uczciw\u0105 gr\u0119. Zale\u017cy nam, aby\u015b m\u00f3g\u0142 cieszy\u0107 si\u0119 gr\u0105 bez obaw o swoje dane osobowe lub finansowe. Dlatego wszystkie informacje, kt\u00f3re nam przekazujesz, s\u0105 zabezpieczone innowacyjnym szyfrowaniem 1.3 TLS. Chroni to je przed osobami trzecimi.<\/p>\n<p>Stale monitorujemy aktywno\u015b\u0107 na naszej platformie, aby zapobiega\u0107 oszustwom i wykrywa\u0107 podejrzane dzia\u0142ania. Ponadto prosimy wszystkich naszych klient\u00f3w o przej\u015bcie procesu weryfikacji KYC przed pierwsz\u0105 wyp\u0142at\u0105. U\u017cytkownicy musz\u0105 przes\u0142a\u0107 kopie swoich dokument\u00f3w osobistych do systemu Rooksbet, aby potwierdzi\u0107 swoj\u0105 to\u017csamo\u015b\u0107, wiek i posiadanie konta p\u0142atniczego.<\/p>\n<h2>FAQ<\/h2>\n<h3>Dlaczego moje konto jest tymczasowo zablokowane?<\/h3>\n<p>Zawsze informujemy naszych klient\u00f3w, gdy ich konta s\u0105 tymczasowo zablokowane. G\u0142\u00f3wnymi powodami mog\u0105 by\u0107 podejrzana aktywno\u015b\u0107 na koncie, naruszenie warunk\u00f3w bonusowych Rooksbet Casino lub samowykluczenie.<\/p>\n<h3>Jak d\u0142ugo trwa proces weryfikacji w Rooks Bet?<\/h3>\n<p>Przes\u0142anie dokument\u00f3w zajmie nie wi\u0119cej ni\u017c kilka minut. Nast\u0119pnie nasi mened\u017cerowie sprawdz\u0105 je w ci\u0105gu 48 godzin. W wi\u0119kszo\u015bci przypadk\u00f3w trwa to kr\u00f3cej.<\/p>\n<h3>Czy mog\u0119 w\u0142\u0105czy\u0107 lub wy\u0142\u0105czy\u0107 uwierzytelnianie dwusk\u0142adnikowe?<\/h3>\n<p>Po zalogowaniu si\u0119 do serwisu Rooksbet mo\u017cesz w\u0142\u0105czy\u0107 funkcj\u0119 2FA, aby dodatkowo zabezpieczy\u0107 swoje konto. Oznacza to, \u017ce przy ka\u017cdym logowaniu do swojego profilu b\u0119dziesz musia\u0142 potwierdzi\u0107 swoj\u0105 to\u017csamo\u015b\u0107 za pomoc\u0105 specjalnej aplikacji uwierzytelniaj\u0105cej.<\/p>\n<\/div><\/div><\/p>\n","protected":false},"excerpt":{"rendered":"<p>Logowanie do kasyna Rooksbet Je\u015bli masz uko\u0144czone 18 lat i chcesz gra\u0107 na prawdziwe pieni\u0105dze w jednym z najlepszych kasyn online, wystarczy tylko Rooksbet login. Proces ten jest prosty i zajmuje kilka minut. Aby utworzy\u0107 konto, u\u017cytkownicy z Polski musz\u0105 jedynie poda\u0107 prawid\u0142owy adres e-mail i utworzy\u0107 has\u0142o.<\/p>\n","protected":false},"author":1,"featured_media":0,"parent":0,"menu_order":0,"comment_status":"closed","ping_status":"closed","template":"template-builder.php","meta":{"_acf_changed":false,"inline_featured_image":false,"footnotes":""},"class_list":["post-1486","page","type-page","status-publish","hentry"],"acf":[],"yoast_head":"<!-- This site is optimized with the Yoast SEO plugin v27.3 - https:\/\/yoast.com\/product\/yoast-seo-wordpress\/ -->\n<title>Rooksbet Login \u2013 Zaloguj si\u0119 bezpiecznie do swojego konta w kasynie<\/title>\n<meta name=\"description\" content=\"Rooksbet Login \u2013 zaloguj si\u0119 bezpiecznie do swojego konta w kasynie z szyfrowanym dost\u0119pem i szybk\u0105 weryfikacj\u0105. Zarz\u0105dzaj odzyskiwaniem has\u0142a, ustawieniami profilu i narz\u0119dziami konta \u0142atwo w Rooks Bet.\" \/>\n<meta name=\"robots\" content=\"index, follow, max-snippet:-1, max-image-preview:large, max-video-preview:-1\" \/>\n<link rel=\"canonical\" href=\"https:\/\/therooksbet.org\/pl\/logowanie-i-rejestracja\/\" \/>\n<meta property=\"og:locale\" content=\"pl_PL\" \/>\n<meta property=\"og:type\" content=\"article\" \/>\n<meta property=\"og:title\" content=\"Rooksbet Login \u2013 Zaloguj si\u0119 bezpiecznie do swojego konta w kasynie\" \/>\n<meta property=\"og:description\" content=\"Rooksbet Login \u2013 zaloguj si\u0119 bezpiecznie do swojego konta w kasynie z szyfrowanym dost\u0119pem i szybk\u0105 weryfikacj\u0105. Zarz\u0105dzaj odzyskiwaniem has\u0142a, ustawieniami profilu i narz\u0119dziami konta \u0142atwo w Rooks Bet.\" \/>\n<meta property=\"og:url\" content=\"https:\/\/therooksbet.org\/pl\/logowanie-i-rejestracja\/\" \/>\n<meta property=\"og:site_name\" content=\"rooksbet\" \/>\n<meta property=\"article:modified_time\" content=\"2026-03-12T11:54:13+00:00\" \/>\n<meta name=\"twitter:card\" content=\"summary_large_image\" \/>\n<meta name=\"twitter:label1\" content=\"Est. reading time\" \/>\n\t<meta name=\"twitter:data1\" content=\"1 minute\" \/>\n<script type=\"application\/ld+json\" class=\"yoast-schema-graph\">{\"@context\":\"https:\\\/\\\/schema.org\",\"@graph\":[{\"@type\":\"WebPage\",\"@id\":\"https:\\\/\\\/therooksbet.org\\\/pl\\\/logowanie-i-rejestracja\\\/\",\"url\":\"https:\\\/\\\/therooksbet.org\\\/pl\\\/logowanie-i-rejestracja\\\/\",\"name\":\"Rooksbet Login \u2013 Zaloguj si\u0119 bezpiecznie do swojego konta w kasynie\",\"isPartOf\":{\"@id\":\"https:\\\/\\\/therooksbet.org\\\/pl\\\/#website\"},\"datePublished\":\"2026-01-20T12:11:11+00:00\",\"dateModified\":\"2026-03-12T11:54:13+00:00\",\"description\":\"Rooksbet Login \u2013 zaloguj si\u0119 bezpiecznie do swojego konta w kasynie z szyfrowanym dost\u0119pem i szybk\u0105 weryfikacj\u0105. Zarz\u0105dzaj odzyskiwaniem has\u0142a, ustawieniami profilu i narz\u0119dziami konta \u0142atwo w Rooks Bet.\",\"breadcrumb\":{\"@id\":\"https:\\\/\\\/therooksbet.org\\\/pl\\\/logowanie-i-rejestracja\\\/#breadcrumb\"},\"inLanguage\":\"pl-PL\",\"potentialAction\":[{\"@type\":\"ReadAction\",\"target\":[\"https:\\\/\\\/therooksbet.org\\\/pl\\\/logowanie-i-rejestracja\\\/\"]}]},{\"@type\":\"BreadcrumbList\",\"@id\":\"https:\\\/\\\/therooksbet.org\\\/pl\\\/logowanie-i-rejestracja\\\/#breadcrumb\",\"itemListElement\":[{\"@type\":\"ListItem\",\"position\":1,\"name\":\"Rooksbet\",\"item\":\"https:\\\/\\\/therooksbet.org\\\/pl\\\/\"},{\"@type\":\"ListItem\",\"position\":2,\"name\":\"Logowanie i rejestracja\"}]},{\"@type\":\"WebSite\",\"@id\":\"https:\\\/\\\/therooksbet.org\\\/pl\\\/#website\",\"url\":\"https:\\\/\\\/therooksbet.org\\\/pl\\\/\",\"name\":\"Rooksbet\",\"description\":\"\",\"publisher\":{\"@id\":\"https:\\\/\\\/therooksbet.org\\\/pl\\\/#organization\"},\"potentialAction\":[{\"@type\":\"SearchAction\",\"target\":{\"@type\":\"EntryPoint\",\"urlTemplate\":\"https:\\\/\\\/therooksbet.org\\\/pl\\\/?s={search_term_string}\"},\"query-input\":{\"@type\":\"PropertyValueSpecification\",\"valueRequired\":true,\"valueName\":\"search_term_string\"}}],\"inLanguage\":\"pl-PL\"},{\"@type\":\"Organization\",\"@id\":\"https:\\\/\\\/therooksbet.org\\\/pl\\\/#organization\",\"name\":\"Rooksbet\",\"url\":\"https:\\\/\\\/therooksbet.org\\\/pl\\\/\",\"logo\":{\"@type\":\"ImageObject\",\"inLanguage\":\"pl-PL\",\"@id\":\"https:\\\/\\\/therooksbet.org\\\/pl\\\/#\\\/schema\\\/logo\\\/image\\\/\",\"url\":\"https:\\\/\\\/therooksbet.org\\\/wp-content\\\/uploads\\\/2026\\\/03\\\/80u1FaquEZeR6OUTeJCc.png.webp\",\"contentUrl\":\"https:\\\/\\\/therooksbet.org\\\/wp-content\\\/uploads\\\/2026\\\/03\\\/80u1FaquEZeR6OUTeJCc.png.webp\",\"width\":167,\"height\":44,\"caption\":\"Rooksbet\"},\"image\":{\"@id\":\"https:\\\/\\\/therooksbet.org\\\/pl\\\/#\\\/schema\\\/logo\\\/image\\\/\"}}]}<\/script>\n<!-- \/ Yoast SEO plugin. -->","yoast_head_json":{"title":"Rooksbet Login \u2013 Zaloguj si\u0119 bezpiecznie do swojego konta w kasynie","description":"Rooksbet Login \u2013 zaloguj si\u0119 bezpiecznie do swojego konta w kasynie z szyfrowanym dost\u0119pem i szybk\u0105 weryfikacj\u0105. Zarz\u0105dzaj odzyskiwaniem has\u0142a, ustawieniami profilu i narz\u0119dziami konta \u0142atwo w Rooks Bet.","robots":{"index":"index","follow":"follow","max-snippet":"max-snippet:-1","max-image-preview":"max-image-preview:large","max-video-preview":"max-video-preview:-1"},"canonical":"https:\/\/therooksbet.org\/pl\/logowanie-i-rejestracja\/","og_locale":"pl_PL","og_type":"article","og_title":"Rooksbet Login \u2013 Zaloguj si\u0119 bezpiecznie do swojego konta w kasynie","og_description":"Rooksbet Login \u2013 zaloguj si\u0119 bezpiecznie do swojego konta w kasynie z szyfrowanym dost\u0119pem i szybk\u0105 weryfikacj\u0105. Zarz\u0105dzaj odzyskiwaniem has\u0142a, ustawieniami profilu i narz\u0119dziami konta \u0142atwo w Rooks Bet.","og_url":"https:\/\/therooksbet.org\/pl\/logowanie-i-rejestracja\/","og_site_name":"rooksbet","article_modified_time":"2026-03-12T11:54:13+00:00","twitter_card":"summary_large_image","twitter_misc":{"Est. reading time":"1 minute"},"schema":{"@context":"https:\/\/schema.org","@graph":[{"@type":"WebPage","@id":"https:\/\/therooksbet.org\/pl\/logowanie-i-rejestracja\/","url":"https:\/\/therooksbet.org\/pl\/logowanie-i-rejestracja\/","name":"Rooksbet Login \u2013 Zaloguj si\u0119 bezpiecznie do swojego konta w kasynie","isPartOf":{"@id":"https:\/\/therooksbet.org\/pl\/#website"},"datePublished":"2026-01-20T12:11:11+00:00","dateModified":"2026-03-12T11:54:13+00:00","description":"Rooksbet Login \u2013 zaloguj si\u0119 bezpiecznie do swojego konta w kasynie z szyfrowanym dost\u0119pem i szybk\u0105 weryfikacj\u0105. Zarz\u0105dzaj odzyskiwaniem has\u0142a, ustawieniami profilu i narz\u0119dziami konta \u0142atwo w Rooks Bet.","breadcrumb":{"@id":"https:\/\/therooksbet.org\/pl\/logowanie-i-rejestracja\/#breadcrumb"},"inLanguage":"pl-PL","potentialAction":[{"@type":"ReadAction","target":["https:\/\/therooksbet.org\/pl\/logowanie-i-rejestracja\/"]}]},{"@type":"BreadcrumbList","@id":"https:\/\/therooksbet.org\/pl\/logowanie-i-rejestracja\/#breadcrumb","itemListElement":[{"@type":"ListItem","position":1,"name":"Rooksbet","item":"https:\/\/therooksbet.org\/pl\/"},{"@type":"ListItem","position":2,"name":"Logowanie i rejestracja"}]},{"@type":"WebSite","@id":"https:\/\/therooksbet.org\/pl\/#website","url":"https:\/\/therooksbet.org\/pl\/","name":"Rooksbet","description":"","publisher":{"@id":"https:\/\/therooksbet.org\/pl\/#organization"},"potentialAction":[{"@type":"SearchAction","target":{"@type":"EntryPoint","urlTemplate":"https:\/\/therooksbet.org\/pl\/?s={search_term_string}"},"query-input":{"@type":"PropertyValueSpecification","valueRequired":true,"valueName":"search_term_string"}}],"inLanguage":"pl-PL"},{"@type":"Organization","@id":"https:\/\/therooksbet.org\/pl\/#organization","name":"Rooksbet","url":"https:\/\/therooksbet.org\/pl\/","logo":{"@type":"ImageObject","inLanguage":"pl-PL","@id":"https:\/\/therooksbet.org\/pl\/#\/schema\/logo\/image\/","url":"https:\/\/therooksbet.org\/wp-content\/uploads\/2026\/03\/80u1FaquEZeR6OUTeJCc.png.webp","contentUrl":"https:\/\/therooksbet.org\/wp-content\/uploads\/2026\/03\/80u1FaquEZeR6OUTeJCc.png.webp","width":167,"height":44,"caption":"Rooksbet"},"image":{"@id":"https:\/\/therooksbet.org\/pl\/#\/schema\/logo\/image\/"}}]}},"_links":{"self":[{"href":"https:\/\/therooksbet.org\/pl\/wp-json\/wp\/v2\/pages\/1486","targetHints":{"allow":["GET"]}}],"collection":[{"href":"https:\/\/therooksbet.org\/pl\/wp-json\/wp\/v2\/pages"}],"about":[{"href":"https:\/\/therooksbet.org\/pl\/wp-json\/wp\/v2\/types\/page"}],"author":[{"embeddable":true,"href":"https:\/\/therooksbet.org\/pl\/wp-json\/wp\/v2\/users\/1"}],"replies":[{"embeddable":true,"href":"https:\/\/therooksbet.org\/pl\/wp-json\/wp\/v2\/comments?post=1486"}],"version-history":[{"count":3,"href":"https:\/\/therooksbet.org\/pl\/wp-json\/wp\/v2\/pages\/1486\/revisions"}],"predecessor-version":[{"id":2110,"href":"https:\/\/therooksbet.org\/pl\/wp-json\/wp\/v2\/pages\/1486\/revisions\/2110"}],"wp:attachment":[{"href":"https:\/\/therooksbet.org\/pl\/wp-json\/wp\/v2\/media?parent=1486"}],"curies":[{"name":"wp","href":"https:\/\/api.w.org\/{rel}","templated":true}]}}